{"id":576,"date":"2024-08-26T10:16:54","date_gmt":"2024-08-26T10:16:54","guid":{"rendered":"http:\/\/13.38.75.117\/?page_id=576"},"modified":"2026-04-25T19:29:27","modified_gmt":"2026-04-25T17:29:27","slug":"partenariats","status":"publish","type":"page","link":"https:\/\/alumni-beaulieu.ch\/fr\/partenariats\/","title":{"rendered":"Partenariats"},"content":{"rendered":"<h3 class=\"wp-block-heading\">Partenariats de l&rsquo;AED Gymnase de Beaulieu<\/h3>\n\n<h6 class=\"wp-block-heading\">Partenariats AED Beaulieu<\/h6>\n\n<h3 class=\"wp-block-heading\">Devenir partenaire<\/h3>\n\n<figure class=\"wp-block-image size-full\"><img fetchpriority=\"high\" decoding=\"async\" width=\"300\" height=\"259\" src=\"https:\/\/alumni-beaulieu.ch\/wp-content\/uploads\/2026\/03\/partenariat-aed-beaulieu-reseau-alumni.webp\" class=\"wp-image-2708\" srcset=\"https:\/\/alumni-beaulieu.ch\/wp-content\/uploads\/2026\/03\/partenariat-aed-beaulieu-reseau-alumni.webp 300w, https:\/\/alumni-beaulieu.ch\/wp-content\/uploads\/2026\/03\/partenariat-aed-beaulieu-reseau-alumni-14x12.webp 14w\" sizes=\"(max-width: 300px) 100vw, 300px\" \/><\/figure>\n\n<h6 class=\"wp-block-heading\">Partenariats et collaborations<\/h6>\n\n<h3 class=\"wp-block-heading\">Devenir partenaire<\/h3>\n\nLe partenariat AED Beaulieu permet de renforcer le r\u00e9seau des anciens \u00e9l\u00e8ves du Gymnase de Beaulieu \u00e0 Lausanne.\n\nEn effet, l\u2019AED collabore avec plusieurs partenaires r\u00e9gionaux qui soutiennent ses activit\u00e9s et partagent son engagement pour la communaut\u00e9.\n\nAinsi, ces collaborations contribuent au d\u00e9veloppement du r\u00e9seau alumni et encouragent des projets \u00e9ducatifs et professionnels dans le Canton de Vaud.\n\n<figure class=\"wp-block-image size-full\"><a rel=\"noreferrer noopener\"><img decoding=\"async\" width=\"183\" height=\"124\" src=\"https:\/\/alumni-beaulieu.ch\/wp-content\/uploads\/2026\/02\/Gymnase-de-Beaulieu.png\" class=\"wp-image-2079\" srcset=\"https:\/\/alumni-beaulieu.ch\/wp-content\/uploads\/2026\/02\/Gymnase-de-Beaulieu.png 183w, https:\/\/alumni-beaulieu.ch\/wp-content\/uploads\/2026\/02\/Gymnase-de-Beaulieu-18x12.png 18w\" sizes=\"(max-width: 183px) 100vw, 183px\" \/><\/a><\/figure>\n\nGymnase de Beaulieu\n\n<figure class=\"wp-block-image size-large\"><a rel=\"noreferrer noopener\"><img decoding=\"async\" width=\"1024\" height=\"406\" src=\"https:\/\/alumni-beaulieu.ch\/wp-content\/uploads\/2026\/02\/CSEL-1024x406.png\" class=\"wp-image-2080\" srcset=\"https:\/\/alumni-beaulieu.ch\/wp-content\/uploads\/2026\/02\/CSEL-1024x406.png 1024w, https:\/\/alumni-beaulieu.ch\/wp-content\/uploads\/2026\/02\/CSEL-300x119.png 300w, https:\/\/alumni-beaulieu.ch\/wp-content\/uploads\/2026\/02\/CSEL-768x304.png 768w, https:\/\/alumni-beaulieu.ch\/wp-content\/uploads\/2026\/02\/CSEL-1536x608.png 1536w, https:\/\/alumni-beaulieu.ch\/wp-content\/uploads\/2026\/02\/CSEL-2048x811.png 2048w, https:\/\/alumni-beaulieu.ch\/wp-content\/uploads\/2026\/02\/CSEL-18x7.png 18w\" sizes=\"(max-width: 1024px) 100vw, 1024px\" \/><\/a><\/figure>\n\nCSEL\u00a0\n\n<figure class=\"wp-block-image size-full\"><a rel=\"noreferrer noopener\"><img loading=\"lazy\" decoding=\"async\" width=\"242\" height=\"141\" src=\"https:\/\/alumni-beaulieu.ch\/wp-content\/uploads\/2026\/02\/Logo-Mondial_Fondue-removebg-preview-e1770538771840.png\" class=\"wp-image-2082\" srcset=\"https:\/\/alumni-beaulieu.ch\/wp-content\/uploads\/2026\/02\/Logo-Mondial_Fondue-removebg-preview-e1770538771840.png 242w, https:\/\/alumni-beaulieu.ch\/wp-content\/uploads\/2026\/02\/Logo-Mondial_Fondue-removebg-preview-e1770538771840-18x10.png 18w\" sizes=\"(max-width: 242px) 100vw, 242px\" \/><\/a><\/figure>\n\nMondial de la Fondue\n\n<figure class=\"wp-block-image size-full\"><a rel=\"noreferrer noopener\"><img loading=\"lazy\" decoding=\"async\" width=\"334\" height=\"151\" src=\"https:\/\/alumni-beaulieu.ch\/wp-content\/uploads\/2026\/02\/Manuel-removebg-preview.png\" class=\"wp-image-2083\" srcset=\"https:\/\/alumni-beaulieu.ch\/wp-content\/uploads\/2026\/02\/Manuel-removebg-preview.png 334w, https:\/\/alumni-beaulieu.ch\/wp-content\/uploads\/2026\/02\/Manuel-removebg-preview-300x136.png 300w, https:\/\/alumni-beaulieu.ch\/wp-content\/uploads\/2026\/02\/Manuel-removebg-preview-18x8.png 18w\" sizes=\"(max-width: 334px) 100vw, 334px\" \/><\/a><\/figure>\n\nManuel\n\n<figure class=\"wp-block-image size-full\"><a rel=\"noreferrer noopener\"><img loading=\"lazy\" decoding=\"async\" width=\"570\" height=\"283\" src=\"https:\/\/alumni-beaulieu.ch\/wp-content\/uploads\/2026\/02\/Membre_Agora_Vaud_MdA-e1770538796588.png\" class=\"wp-image-2084\" srcset=\"https:\/\/alumni-beaulieu.ch\/wp-content\/uploads\/2026\/02\/Membre_Agora_Vaud_MdA-e1770538796588.png 570w, https:\/\/alumni-beaulieu.ch\/wp-content\/uploads\/2026\/02\/Membre_Agora_Vaud_MdA-e1770538796588-300x149.png 300w, https:\/\/alumni-beaulieu.ch\/wp-content\/uploads\/2026\/02\/Membre_Agora_Vaud_MdA-e1770538796588-18x9.png 18w\" sizes=\"(max-width: 570px) 100vw, 570px\" \/><\/a><\/figure>\n\nMouvement des A\u00een\u00e9s Vaud\n\n<h3 class=\"has-text-align-center wp-block-heading\">Vous souhaitez devenir partenaire de l\u2019AED Beaulieu ?<\/h3>\n\n<div class=\"wp-block-buttons is-layout-flex wp-block-buttons-is-layout-flex\"><div class=\"wp-block-button\"><a class=\"wp-block-button__link\">Contactez-nous<\/a><\/div><\/div>\n\n<p>Le partenariat AED Beaulieu permet aux entreprises et institutions de soutenir le r\u00e9seau des anciens \u00e9l\u00e8ves du Gymnase de Beaulieu \u00e0 Lausanne. Gr\u00e2ce au partenariat AED Beaulieu, l\u2019Association des \u00c9l\u00e8ves Dipl\u00f4m\u00e9s du Gymnase de Beaulieu (AED) d\u00e9veloppe des collaborations avec des organisations qui partagent les m\u00eames valeurs \u00e9ducatives et sociales.<\/p>\n<p>Ces partenariats contribuent \u00e0 soutenir les initiatives du r\u00e9seau alumni, \u00e0 encourager l\u2019innovation et \u00e0 renforcer les liens entre le monde acad\u00e9mique et le monde professionnel dans le Canton de Vaud.<\/p>\n<p>Devenir partenaire de l\u2019AED Beaulieu offre \u00e9galement l\u2019opportunit\u00e9 de participer aux \u00e9v\u00e9nements alumni, de soutenir des projets \u00e9ducatifs et de d\u00e9velopper des collaborations avec un r\u00e9seau professionnel dynamique \u00e0 Lausanne.<\/p>","protected":false},"excerpt":{"rendered":"<p>Partenariats de l&rsquo;AED Gymnase de Beaulieu Partenariats AED Beaulieu Devenir partenaire Partenariats et collaborations Devenir partenaire Le partenariat AED Beaulieu permet de renforcer le r\u00e9seau des anciens \u00e9l\u00e8ves du Gymnase de Beaulieu \u00e0 Lausanne. En effet, l\u2019AED collabore avec plusieurs partenaires r\u00e9gionaux qui soutiennent ses activit\u00e9s et partagent son engagement pour la communaut\u00e9. Ainsi, ces [&hellip;]<\/p>\n","protected":false},"author":21,"featured_media":0,"parent":0,"menu_order":0,"comment_status":"closed","ping_status":"closed","template":"","meta":{"inline_featured_image":false,"footnotes":""},"class_list":["post-576","page","type-page","status-publish","hentry"],"yoast_head":"<!-- This site is optimized with the Yoast SEO plugin v27.5 - https:\/\/yoast.com\/product\/yoast-seo-wordpress\/ -->\n<title>Partenariats AED Beaulieu | Collaborations Gymnase de Beaulieu<\/title>\n<meta name=\"description\" content=\"Partenariat AED Beaulieu : d\u00e9couvrez comment devenir partenaire du r\u00e9seau alumni du Gymnase de Beaulieu \u00e0 Lausanne et soutenir ses projets\" \/>\n<meta name=\"robots\" content=\"index, follow, max-snippet:-1, max-image-preview:large, max-video-preview:-1\" \/>\n<link rel=\"canonical\" href=\"https:\/\/alumni-beaulieu.ch\/fr\/partenariats\/\" \/>\n<meta property=\"og:locale\" content=\"fr_FR\" \/>\n<meta property=\"og:type\" content=\"article\" \/>\n<meta property=\"og:title\" content=\"Partenariats AED Beaulieu | Collaborations Gymnase de Beaulieu\" \/>\n<meta property=\"og:description\" content=\"Partenariat AED Beaulieu : d\u00e9couvrez comment devenir partenaire du r\u00e9seau alumni du Gymnase de Beaulieu \u00e0 Lausanne et soutenir ses projets\" \/>\n<meta property=\"og:url\" content=\"https:\/\/alumni-beaulieu.ch\/fr\/partenariats\/\" \/>\n<meta property=\"og:site_name\" content=\"AED Beaulieu\" \/>\n<meta property=\"article:modified_time\" content=\"2026-04-25T17:29:27+00:00\" \/>\n<meta property=\"og:image\" content=\"https:\/\/alumni-beaulieu.ch\/wp-content\/uploads\/2026\/03\/partenariat-aed-beaulieu-reseau-alumni.webp\" \/>\n\t<meta property=\"og:image:width\" content=\"300\" \/>\n\t<meta property=\"og:image:height\" content=\"259\" \/>\n\t<meta property=\"og:image:type\" content=\"image\/webp\" \/>\n<meta name=\"twitter:card\" content=\"summary_large_image\" \/>\n<meta name=\"twitter:label1\" content=\"Dur\u00e9e de lecture estim\u00e9e\" \/>\n\t<meta name=\"twitter:data1\" content=\"3 minutes\" \/>\n<script type=\"application\/ld+json\" class=\"yoast-schema-graph\">{\"@context\":\"https:\\\/\\\/schema.org\",\"@graph\":[{\"@type\":\"WebPage\",\"@id\":\"https:\\\/\\\/alumni-beaulieu.ch\\\/fr\\\/partenariats\\\/\",\"url\":\"https:\\\/\\\/alumni-beaulieu.ch\\\/fr\\\/partenariats\\\/\",\"name\":\"Partenariats AED Beaulieu | Collaborations Gymnase de Beaulieu\",\"isPartOf\":{\"@id\":\"https:\\\/\\\/alumni-beaulieu.ch\\\/fr\\\/#website\"},\"primaryImageOfPage\":{\"@id\":\"https:\\\/\\\/alumni-beaulieu.ch\\\/fr\\\/partenariats\\\/#primaryimage\"},\"image\":{\"@id\":\"https:\\\/\\\/alumni-beaulieu.ch\\\/fr\\\/partenariats\\\/#primaryimage\"},\"thumbnailUrl\":\"https:\\\/\\\/alumni-beaulieu.ch\\\/wp-content\\\/uploads\\\/2026\\\/03\\\/partenariat-aed-beaulieu-reseau-alumni.webp\",\"datePublished\":\"2024-08-26T10:16:54+00:00\",\"dateModified\":\"2026-04-25T17:29:27+00:00\",\"description\":\"Partenariat AED Beaulieu : d\u00e9couvrez comment devenir partenaire du r\u00e9seau alumni du Gymnase de Beaulieu \u00e0 Lausanne et soutenir ses projets\",\"breadcrumb\":{\"@id\":\"https:\\\/\\\/alumni-beaulieu.ch\\\/fr\\\/partenariats\\\/#breadcrumb\"},\"inLanguage\":\"fr-FR\",\"potentialAction\":[{\"@type\":\"ReadAction\",\"target\":[\"https:\\\/\\\/alumni-beaulieu.ch\\\/fr\\\/partenariats\\\/\"]}]},{\"@type\":\"ImageObject\",\"inLanguage\":\"fr-FR\",\"@id\":\"https:\\\/\\\/alumni-beaulieu.ch\\\/fr\\\/partenariats\\\/#primaryimage\",\"url\":\"https:\\\/\\\/alumni-beaulieu.ch\\\/wp-content\\\/uploads\\\/2026\\\/03\\\/partenariat-aed-beaulieu-reseau-alumni.webp\",\"contentUrl\":\"https:\\\/\\\/alumni-beaulieu.ch\\\/wp-content\\\/uploads\\\/2026\\\/03\\\/partenariat-aed-beaulieu-reseau-alumni.webp\"},{\"@type\":\"BreadcrumbList\",\"@id\":\"https:\\\/\\\/alumni-beaulieu.ch\\\/fr\\\/partenariats\\\/#breadcrumb\",\"itemListElement\":[{\"@type\":\"ListItem\",\"position\":1,\"name\":\"Home\",\"item\":\"https:\\\/\\\/alumni-beaulieu.ch\\\/\"},{\"@type\":\"ListItem\",\"position\":2,\"name\":\"Partenariats\"}]},{\"@type\":\"WebSite\",\"@id\":\"https:\\\/\\\/alumni-beaulieu.ch\\\/fr\\\/#website\",\"url\":\"https:\\\/\\\/alumni-beaulieu.ch\\\/fr\\\/\",\"name\":\"AED Beaulieu\",\"description\":\"Pilier de la vie associative vaudoise.\",\"potentialAction\":[{\"@type\":\"SearchAction\",\"target\":{\"@type\":\"EntryPoint\",\"urlTemplate\":\"https:\\\/\\\/alumni-beaulieu.ch\\\/fr\\\/?s={search_term_string}\"},\"query-input\":{\"@type\":\"PropertyValueSpecification\",\"valueRequired\":true,\"valueName\":\"search_term_string\"}}],\"inLanguage\":\"fr-FR\"}]}<\/script>\n<!-- \/ Yoast SEO plugin. -->","yoast_head_json":{"title":"Partenariats AED Beaulieu | Collaborations Gymnase de Beaulieu","description":"Partenariat AED Beaulieu : d\u00e9couvrez comment devenir partenaire du r\u00e9seau alumni du Gymnase de Beaulieu \u00e0 Lausanne et soutenir ses projets","robots":{"index":"index","follow":"follow","max-snippet":"max-snippet:-1","max-image-preview":"max-image-preview:large","max-video-preview":"max-video-preview:-1"},"canonical":"https:\/\/alumni-beaulieu.ch\/fr\/partenariats\/","og_locale":"fr_FR","og_type":"article","og_title":"Partenariats AED Beaulieu | Collaborations Gymnase de Beaulieu","og_description":"Partenariat AED Beaulieu : d\u00e9couvrez comment devenir partenaire du r\u00e9seau alumni du Gymnase de Beaulieu \u00e0 Lausanne et soutenir ses projets","og_url":"https:\/\/alumni-beaulieu.ch\/fr\/partenariats\/","og_site_name":"AED Beaulieu","article_modified_time":"2026-04-25T17:29:27+00:00","og_image":[{"width":300,"height":259,"url":"https:\/\/alumni-beaulieu.ch\/wp-content\/uploads\/2026\/03\/partenariat-aed-beaulieu-reseau-alumni.webp","type":"image\/webp"}],"twitter_card":"summary_large_image","twitter_misc":{"Dur\u00e9e de lecture estim\u00e9e":"3 minutes"},"schema":{"@context":"https:\/\/schema.org","@graph":[{"@type":"WebPage","@id":"https:\/\/alumni-beaulieu.ch\/fr\/partenariats\/","url":"https:\/\/alumni-beaulieu.ch\/fr\/partenariats\/","name":"Partenariats AED Beaulieu | Collaborations Gymnase de Beaulieu","isPartOf":{"@id":"https:\/\/alumni-beaulieu.ch\/fr\/#website"},"primaryImageOfPage":{"@id":"https:\/\/alumni-beaulieu.ch\/fr\/partenariats\/#primaryimage"},"image":{"@id":"https:\/\/alumni-beaulieu.ch\/fr\/partenariats\/#primaryimage"},"thumbnailUrl":"https:\/\/alumni-beaulieu.ch\/wp-content\/uploads\/2026\/03\/partenariat-aed-beaulieu-reseau-alumni.webp","datePublished":"2024-08-26T10:16:54+00:00","dateModified":"2026-04-25T17:29:27+00:00","description":"Partenariat AED Beaulieu : d\u00e9couvrez comment devenir partenaire du r\u00e9seau alumni du Gymnase de Beaulieu \u00e0 Lausanne et soutenir ses projets","breadcrumb":{"@id":"https:\/\/alumni-beaulieu.ch\/fr\/partenariats\/#breadcrumb"},"inLanguage":"fr-FR","potentialAction":[{"@type":"ReadAction","target":["https:\/\/alumni-beaulieu.ch\/fr\/partenariats\/"]}]},{"@type":"ImageObject","inLanguage":"fr-FR","@id":"https:\/\/alumni-beaulieu.ch\/fr\/partenariats\/#primaryimage","url":"https:\/\/alumni-beaulieu.ch\/wp-content\/uploads\/2026\/03\/partenariat-aed-beaulieu-reseau-alumni.webp","contentUrl":"https:\/\/alumni-beaulieu.ch\/wp-content\/uploads\/2026\/03\/partenariat-aed-beaulieu-reseau-alumni.webp"},{"@type":"BreadcrumbList","@id":"https:\/\/alumni-beaulieu.ch\/fr\/partenariats\/#breadcrumb","itemListElement":[{"@type":"ListItem","position":1,"name":"Home","item":"https:\/\/alumni-beaulieu.ch\/"},{"@type":"ListItem","position":2,"name":"Partenariats"}]},{"@type":"WebSite","@id":"https:\/\/alumni-beaulieu.ch\/fr\/#website","url":"https:\/\/alumni-beaulieu.ch\/fr\/","name":"AED Beaulieu","description":"Pilier de la vie associative vaudoise.","potentialAction":[{"@type":"SearchAction","target":{"@type":"EntryPoint","urlTemplate":"https:\/\/alumni-beaulieu.ch\/fr\/?s={search_term_string}"},"query-input":{"@type":"PropertyValueSpecification","valueRequired":true,"valueName":"search_term_string"}}],"inLanguage":"fr-FR"}]}},"_links":{"self":[{"href":"https:\/\/alumni-beaulieu.ch\/fr\/wp-json\/wp\/v2\/pages\/576","targetHints":{"allow":["GET"]}}],"collection":[{"href":"https:\/\/alumni-beaulieu.ch\/fr\/wp-json\/wp\/v2\/pages"}],"about":[{"href":"https:\/\/alumni-beaulieu.ch\/fr\/wp-json\/wp\/v2\/types\/page"}],"author":[{"embeddable":true,"href":"https:\/\/alumni-beaulieu.ch\/fr\/wp-json\/wp\/v2\/users\/21"}],"replies":[{"embeddable":true,"href":"https:\/\/alumni-beaulieu.ch\/fr\/wp-json\/wp\/v2\/comments?post=576"}],"version-history":[{"count":56,"href":"https:\/\/alumni-beaulieu.ch\/fr\/wp-json\/wp\/v2\/pages\/576\/revisions"}],"predecessor-version":[{"id":2815,"href":"https:\/\/alumni-beaulieu.ch\/fr\/wp-json\/wp\/v2\/pages\/576\/revisions\/2815"}],"wp:attachment":[{"href":"https:\/\/alumni-beaulieu.ch\/fr\/wp-json\/wp\/v2\/media?parent=576"}],"curies":[{"name":"wp","href":"https:\/\/api.w.org\/{rel}","templated":true}]}}