{"id":569,"date":"2024-08-26T10:11:04","date_gmt":"2024-08-26T10:11:04","guid":{"rendered":"http:\/\/13.38.75.117\/?page_id=569"},"modified":"2026-04-25T19:29:05","modified_gmt":"2026-04-25T17:29:05","slug":"laureats","status":"publish","type":"page","link":"https:\/\/alumni-beaulieu.ch\/fr\/laureats\/","title":{"rendered":"Laur\u00e9ats"},"content":{"rendered":"<h3 class=\"wp-block-heading\">Prix d\u2019Excellence AED du Gymnase de Beaulieu<\/h3>\n\n<h3 class=\"wp-block-heading\">Bourse d&rsquo;\u00e9tudes linguistiques de l&rsquo;AED<\/h3>\n\n2025 |\n\nMorgane Moreta Vera\n\n2016 |\n\nNo\u00e9mie Lushaj\n\n2017 |\n\nSophie M\u00f6schler\n\n2018 |\n\nNelma P\u00e9clard\n\n2019 |\n\nChiara Lo Priore\n\n2020 |\n\nMa\u00eblle Voisard\n\n2021 |\n\nSebastian Leser\n\n2022 |\n\nAna\u00efs Girard\n\n2023 |\n\nH\u00e9l\u00e8ne Zeller\n\n2024 |\n\nNo\u00e9mie Stadler\n\n2014 |\n\nMarijn Van de Meer\n\n2008 |\n\nAmandine Jaeger\n\n2007 |\n\nDavid Correia Saavedra\n\n2006 |\n\nMaya Chollet\n\n2005 |\n\nSt\u00e9phanie Longet\n\n2004 |\n\nV\u00e9ronique Vogel\n\n2003 |\n\nAna Devic\n\n2002 |\n\nSamuel Ramuz\n\n2001 |\n\nDidier Roulin\n\n2000 |\n\nFr\u00e9d\u00e9ric Zurkinden\n\n1999 |\n\nSteve Rigolet\n\n2014 |\n\nNathan Alo\u00efs\tAuberson\n\n2014 |\n\nL\u00e9a\tMillia\n\n2013 |\n\nLaetitia\tPython\n\n2013 |\n\nBastien\tCaputo\n\n2013 |\n\nD\u00e9borah\tNovet\n\n2013 |\n\nEric\tWurgler\n\n2012 |\n\nDanil\tGiliazetdinov\n\n2012 |\n\nSarah\tDespont\n\n2012 |\n\nJulien\tLuchinger\n\n2012 |\n\nPaul\tJaeggi\n\n2012 |\n\nSarah\tNovet\n\n2011 |\n\nAmir Meskaldji\n\n2011 |\n\nFelipe\tCancela Costa\n\n2011 |\n\nFortuny\tCarrega Bertolini\n\n2012 |\n\nPrisca\tR\u00f6thlisberger\n\n2012 |\n\nAnja\tLazarevic\n\n2010 |\n\nVictoria Pagano\n\n2010 |\n\nRaphael Markwalder\n\n2010 |\n\nMathilde Gonzales Ostos\n\n2010 |\n\nJonathan Despont\n\n2009 |\n\nRomain Maillard\n\n2009 |\n\nLo\u00efc Chobaz\n\n2009 |\n\nNina Ava Zellweger\n\n2009 |\n\nGabriella Rossier\n\n2009 |\n\nAlix Ohl\n\n2008 |\n\nMathias &#038; Alexis Dorier\n\n2006 |\n\nSylvain Lambelet\n\n2006 |\n\nChristian Arico\n\n2006 |\n\nHarmony Jacquier\n\n2006 |\n\nEviane Schupbach\n\n2005 |\n\nTina Hauenstein\n\n2005 |\n\nAlexandra Bumbaru\n\n<h6 class=\"wp-block-heading\">Nos contributions pass\u00e9es<\/h6>\n\n<h6 class=\"has-text-align-center wp-block-heading\">Notre contribution actuelle<\/h6>\n\n<h3 class=\"wp-block-heading\">Nos Laur\u00e9ates et laur\u00e9ats du prix AED<\/h3>\n\n2015 |\n\nAlexia Roux\n\n2009 |\n\nEmilia Peleraux\n\n2026 |\n\nA d\u00e9finir\n\n2027 |\n\nA d\u00e9finir\n\n2028 |\n\nA d\u00e9finir\n\n2010 |\n\nDavid Grivel\n\n2011 |\n\nAline Cretenoud\n\n2012 |\n\nn\/a\n\n<figure class=\"wp-block-image size-large\"><img fetchpriority=\"high\" decoding=\"async\" width=\"1024\" height=\"574\" src=\"https:\/\/alumni-beaulieu.ch\/wp-content\/uploads\/2026\/02\/Laureates-1024x574.webp\" class=\"wp-image-2074\" srcset=\"https:\/\/alumni-beaulieu.ch\/wp-content\/uploads\/2026\/02\/Laureates-1024x574.webp 1024w, https:\/\/alumni-beaulieu.ch\/wp-content\/uploads\/2026\/02\/Laureates-300x168.webp 300w, https:\/\/alumni-beaulieu.ch\/wp-content\/uploads\/2026\/02\/Laureates-768x431.webp 768w, https:\/\/alumni-beaulieu.ch\/wp-content\/uploads\/2026\/02\/Laureates-1536x862.webp 1536w, https:\/\/alumni-beaulieu.ch\/wp-content\/uploads\/2026\/02\/Laureates-2048x1149.webp 2048w, https:\/\/alumni-beaulieu.ch\/wp-content\/uploads\/2026\/02\/Laureates-18x10.webp 18w\" sizes=\"(max-width: 1024px) 100vw, 1024px\" \/><\/figure>\n\n<figure class=\"wp-block-image size-full\"><img decoding=\"async\" width=\"258\" height=\"261\" src=\"https:\/\/alumni-beaulieu.ch\/wp-content\/uploads\/2026\/02\/imageye___-_imgi_55_linkedin-icon_488108-5-removebg-preview-e1770807406663.png\" class=\"wp-image-2363\" srcset=\"https:\/\/alumni-beaulieu.ch\/wp-content\/uploads\/2026\/02\/imageye___-_imgi_55_linkedin-icon_488108-5-removebg-preview-e1770807406663.png 258w, https:\/\/alumni-beaulieu.ch\/wp-content\/uploads\/2026\/02\/imageye___-_imgi_55_linkedin-icon_488108-5-removebg-preview-e1770807406663-12x12.png 12w\" sizes=\"(max-width: 258px) 100vw, 258px\" \/><\/figure>\n\n<figure class=\"wp-block-image size-full\"><img decoding=\"async\" width=\"258\" height=\"261\" src=\"https:\/\/alumni-beaulieu.ch\/wp-content\/uploads\/2026\/02\/imageye___-_imgi_55_linkedin-icon_488108-5-removebg-preview-e1770807406663.png\" class=\"wp-image-2363\" srcset=\"https:\/\/alumni-beaulieu.ch\/wp-content\/uploads\/2026\/02\/imageye___-_imgi_55_linkedin-icon_488108-5-removebg-preview-e1770807406663.png 258w, https:\/\/alumni-beaulieu.ch\/wp-content\/uploads\/2026\/02\/imageye___-_imgi_55_linkedin-icon_488108-5-removebg-preview-e1770807406663-12x12.png 12w\" sizes=\"(max-width: 258px) 100vw, 258px\" \/><\/figure>\n\n<p><span style=\"font-weight: 400;\">L\u2019Association des \u00c9l\u00e8ves Dipl\u00f4m\u00e9s du Gymnase de Beaulieu (AED) d\u00e9cerne chaque ann\u00e9e le Prix d\u2019Excellence \u00e0 l\u2019\u00e9tudiant<\/span><span style=\"font-weight: 400;\">\u00b7<\/span><span style=\"font-weight: 400;\">e ayant obtenu la meilleure maturit\u00e9. Ce prix historique, d\u2019une valeur de 400 CHF, r\u00e9compense l\u2019excellence acad\u00e9mique et l\u2019engagement scolaire des \u00e9l\u00e8ves du Gymnase de Beaulieu \u00e0 Lausanne.<\/span><\/p>\n<p><span style=\"font-weight: 400;\">\u00c0 travers cette r\u00e9compense, l\u2019AED souhaite soutenir la r\u00e9ussite scolaire et valoriser les parcours remarquables des \u00e9tudiant<\/span><span style=\"font-weight: 400;\">\u00b7e<\/span><span style=\"font-weight: 400;\">s du Canton de Vaud.<\/span><\/p>\n\n<p><span style=\"font-weight: 400;\">Par le pass\u00e9, l\u2019AED a soutenu plusieurs \u00e9tudiant<\/span><span style=\"font-weight: 400;\">\u00b7<\/span><span style=\"font-weight: 400;\">es du Gymnase de Beaulieu gr\u00e2ce \u00e0 des bourses de s\u00e9jour linguistique. Ces bourses permettaient aux \u00e9l\u00e8ves de perfectionner leurs comp\u00e9tences linguistiques \u00e0 l\u2019\u00e9tranger et d\u2019enrichir leur parcours acad\u00e9mique et professionnel.<\/span><\/p>\n<p><span style=\"font-weight: 400;\">Ce programme refl\u00e8te l\u2019engagement de l\u2019association en faveur de l\u2019\u00e9ducation et du d\u00e9veloppement personnel des \u00e9tudiant<\/span><span style=\"font-weight: 400;\">\u00b7<\/span><span style=\"font-weight: 400;\">es de Lausanne et du Canton de Vaud.<\/span><\/p>","protected":false},"excerpt":{"rendered":"<p>Prix d\u2019Excellence AED du Gymnase de Beaulieu Bourse d&rsquo;\u00e9tudes linguistiques de l&rsquo;AED 2025 | Morgane Moreta Vera 2016 | No\u00e9mie Lushaj 2017 | Sophie M\u00f6schler 2018 | Nelma P\u00e9clard 2019 | Chiara Lo Priore 2020 | Ma\u00eblle Voisard 2021 | Sebastian Leser 2022 | Ana\u00efs Girard 2023 | H\u00e9l\u00e8ne Zeller 2024 | No\u00e9mie Stadler 2014 [&hellip;]<\/p>\n","protected":false},"author":21,"featured_media":0,"parent":0,"menu_order":0,"comment_status":"closed","ping_status":"closed","template":"","meta":{"inline_featured_image":false,"footnotes":""},"class_list":["post-569","page","type-page","status-publish","hentry"],"yoast_head":"<!-- This site is optimized with the Yoast SEO plugin v27.5 - https:\/\/yoast.com\/product\/yoast-seo-wordpress\/ -->\n<title>Prix d\u2019Excellence Gymnase Beaulieu | Laur\u00e9ats du Prix AED<\/title>\n<meta name=\"description\" content=\"D\u00e9couvrez les laur\u00e9ats du Prix d\u2019Excellence du Gymnase de Beaulieu \u00e0 Lausanne et les bourses linguistiques soutenant les \u00e9tudiants.\" \/>\n<meta name=\"robots\" content=\"index, follow, max-snippet:-1, max-image-preview:large, max-video-preview:-1\" \/>\n<link rel=\"canonical\" href=\"https:\/\/alumni-beaulieu.ch\/fr\/laureats\/\" \/>\n<meta property=\"og:locale\" content=\"fr_FR\" \/>\n<meta property=\"og:type\" content=\"article\" \/>\n<meta property=\"og:title\" content=\"Prix d\u2019Excellence Gymnase Beaulieu | Laur\u00e9ats du Prix AED\" \/>\n<meta property=\"og:description\" content=\"D\u00e9couvrez les laur\u00e9ats du Prix d\u2019Excellence du Gymnase de Beaulieu \u00e0 Lausanne et les bourses linguistiques soutenant les \u00e9tudiants.\" \/>\n<meta property=\"og:url\" content=\"https:\/\/alumni-beaulieu.ch\/fr\/laureats\/\" \/>\n<meta property=\"og:site_name\" content=\"AED Beaulieu\" \/>\n<meta property=\"article:modified_time\" content=\"2026-04-25T17:29:05+00:00\" \/>\n<meta property=\"og:image\" content=\"https:\/\/alumni-beaulieu.ch\/wp-content\/uploads\/2026\/02\/Laureates-scaled.webp\" \/>\n\t<meta property=\"og:image:width\" content=\"2560\" \/>\n\t<meta property=\"og:image:height\" content=\"1436\" \/>\n\t<meta property=\"og:image:type\" content=\"image\/webp\" \/>\n<meta name=\"twitter:card\" content=\"summary_large_image\" \/>\n<meta name=\"twitter:label1\" content=\"Dur\u00e9e de lecture estim\u00e9e\" \/>\n\t<meta name=\"twitter:data1\" content=\"3 minutes\" \/>\n<script type=\"application\/ld+json\" class=\"yoast-schema-graph\">{\"@context\":\"https:\\\/\\\/schema.org\",\"@graph\":[{\"@type\":\"WebPage\",\"@id\":\"https:\\\/\\\/alumni-beaulieu.ch\\\/fr\\\/laureats\\\/\",\"url\":\"https:\\\/\\\/alumni-beaulieu.ch\\\/fr\\\/laureats\\\/\",\"name\":\"Prix d\u2019Excellence Gymnase Beaulieu | Laur\u00e9ats du Prix AED\",\"isPartOf\":{\"@id\":\"https:\\\/\\\/alumni-beaulieu.ch\\\/fr\\\/#website\"},\"primaryImageOfPage\":{\"@id\":\"https:\\\/\\\/alumni-beaulieu.ch\\\/fr\\\/laureats\\\/#primaryimage\"},\"image\":{\"@id\":\"https:\\\/\\\/alumni-beaulieu.ch\\\/fr\\\/laureats\\\/#primaryimage\"},\"thumbnailUrl\":\"https:\\\/\\\/alumni-beaulieu.ch\\\/wp-content\\\/uploads\\\/2026\\\/02\\\/Laureates-1024x574.webp\",\"datePublished\":\"2024-08-26T10:11:04+00:00\",\"dateModified\":\"2026-04-25T17:29:05+00:00\",\"description\":\"D\u00e9couvrez les laur\u00e9ats du Prix d\u2019Excellence du Gymnase de Beaulieu \u00e0 Lausanne et les bourses linguistiques soutenant les \u00e9tudiants.\",\"breadcrumb\":{\"@id\":\"https:\\\/\\\/alumni-beaulieu.ch\\\/fr\\\/laureats\\\/#breadcrumb\"},\"inLanguage\":\"fr-FR\",\"potentialAction\":[{\"@type\":\"ReadAction\",\"target\":[\"https:\\\/\\\/alumni-beaulieu.ch\\\/fr\\\/laureats\\\/\"]}]},{\"@type\":\"ImageObject\",\"inLanguage\":\"fr-FR\",\"@id\":\"https:\\\/\\\/alumni-beaulieu.ch\\\/fr\\\/laureats\\\/#primaryimage\",\"url\":\"https:\\\/\\\/alumni-beaulieu.ch\\\/wp-content\\\/uploads\\\/2026\\\/02\\\/Laureates-1024x574.webp\",\"contentUrl\":\"https:\\\/\\\/alumni-beaulieu.ch\\\/wp-content\\\/uploads\\\/2026\\\/02\\\/Laureates-1024x574.webp\"},{\"@type\":\"BreadcrumbList\",\"@id\":\"https:\\\/\\\/alumni-beaulieu.ch\\\/fr\\\/laureats\\\/#breadcrumb\",\"itemListElement\":[{\"@type\":\"ListItem\",\"position\":1,\"name\":\"Home\",\"item\":\"https:\\\/\\\/alumni-beaulieu.ch\\\/\"},{\"@type\":\"ListItem\",\"position\":2,\"name\":\"Laur\u00e9ats\"}]},{\"@type\":\"WebSite\",\"@id\":\"https:\\\/\\\/alumni-beaulieu.ch\\\/fr\\\/#website\",\"url\":\"https:\\\/\\\/alumni-beaulieu.ch\\\/fr\\\/\",\"name\":\"AED Beaulieu\",\"description\":\"Pilier de la vie associative vaudoise.\",\"potentialAction\":[{\"@type\":\"SearchAction\",\"target\":{\"@type\":\"EntryPoint\",\"urlTemplate\":\"https:\\\/\\\/alumni-beaulieu.ch\\\/fr\\\/?s={search_term_string}\"},\"query-input\":{\"@type\":\"PropertyValueSpecification\",\"valueRequired\":true,\"valueName\":\"search_term_string\"}}],\"inLanguage\":\"fr-FR\"}]}<\/script>\n<!-- \/ Yoast SEO plugin. -->","yoast_head_json":{"title":"Prix d\u2019Excellence Gymnase Beaulieu | Laur\u00e9ats du Prix AED","description":"D\u00e9couvrez les laur\u00e9ats du Prix d\u2019Excellence du Gymnase de Beaulieu \u00e0 Lausanne et les bourses linguistiques soutenant les \u00e9tudiants.","robots":{"index":"index","follow":"follow","max-snippet":"max-snippet:-1","max-image-preview":"max-image-preview:large","max-video-preview":"max-video-preview:-1"},"canonical":"https:\/\/alumni-beaulieu.ch\/fr\/laureats\/","og_locale":"fr_FR","og_type":"article","og_title":"Prix d\u2019Excellence Gymnase Beaulieu | Laur\u00e9ats du Prix AED","og_description":"D\u00e9couvrez les laur\u00e9ats du Prix d\u2019Excellence du Gymnase de Beaulieu \u00e0 Lausanne et les bourses linguistiques soutenant les \u00e9tudiants.","og_url":"https:\/\/alumni-beaulieu.ch\/fr\/laureats\/","og_site_name":"AED Beaulieu","article_modified_time":"2026-04-25T17:29:05+00:00","og_image":[{"width":2560,"height":1436,"url":"https:\/\/alumni-beaulieu.ch\/wp-content\/uploads\/2026\/02\/Laureates-scaled.webp","type":"image\/webp"}],"twitter_card":"summary_large_image","twitter_misc":{"Dur\u00e9e de lecture estim\u00e9e":"3 minutes"},"schema":{"@context":"https:\/\/schema.org","@graph":[{"@type":"WebPage","@id":"https:\/\/alumni-beaulieu.ch\/fr\/laureats\/","url":"https:\/\/alumni-beaulieu.ch\/fr\/laureats\/","name":"Prix d\u2019Excellence Gymnase Beaulieu | Laur\u00e9ats du Prix AED","isPartOf":{"@id":"https:\/\/alumni-beaulieu.ch\/fr\/#website"},"primaryImageOfPage":{"@id":"https:\/\/alumni-beaulieu.ch\/fr\/laureats\/#primaryimage"},"image":{"@id":"https:\/\/alumni-beaulieu.ch\/fr\/laureats\/#primaryimage"},"thumbnailUrl":"https:\/\/alumni-beaulieu.ch\/wp-content\/uploads\/2026\/02\/Laureates-1024x574.webp","datePublished":"2024-08-26T10:11:04+00:00","dateModified":"2026-04-25T17:29:05+00:00","description":"D\u00e9couvrez les laur\u00e9ats du Prix d\u2019Excellence du Gymnase de Beaulieu \u00e0 Lausanne et les bourses linguistiques soutenant les \u00e9tudiants.","breadcrumb":{"@id":"https:\/\/alumni-beaulieu.ch\/fr\/laureats\/#breadcrumb"},"inLanguage":"fr-FR","potentialAction":[{"@type":"ReadAction","target":["https:\/\/alumni-beaulieu.ch\/fr\/laureats\/"]}]},{"@type":"ImageObject","inLanguage":"fr-FR","@id":"https:\/\/alumni-beaulieu.ch\/fr\/laureats\/#primaryimage","url":"https:\/\/alumni-beaulieu.ch\/wp-content\/uploads\/2026\/02\/Laureates-1024x574.webp","contentUrl":"https:\/\/alumni-beaulieu.ch\/wp-content\/uploads\/2026\/02\/Laureates-1024x574.webp"},{"@type":"BreadcrumbList","@id":"https:\/\/alumni-beaulieu.ch\/fr\/laureats\/#breadcrumb","itemListElement":[{"@type":"ListItem","position":1,"name":"Home","item":"https:\/\/alumni-beaulieu.ch\/"},{"@type":"ListItem","position":2,"name":"Laur\u00e9ats"}]},{"@type":"WebSite","@id":"https:\/\/alumni-beaulieu.ch\/fr\/#website","url":"https:\/\/alumni-beaulieu.ch\/fr\/","name":"AED Beaulieu","description":"Pilier de la vie associative vaudoise.","potentialAction":[{"@type":"SearchAction","target":{"@type":"EntryPoint","urlTemplate":"https:\/\/alumni-beaulieu.ch\/fr\/?s={search_term_string}"},"query-input":{"@type":"PropertyValueSpecification","valueRequired":true,"valueName":"search_term_string"}}],"inLanguage":"fr-FR"}]}},"_links":{"self":[{"href":"https:\/\/alumni-beaulieu.ch\/fr\/wp-json\/wp\/v2\/pages\/569","targetHints":{"allow":["GET"]}}],"collection":[{"href":"https:\/\/alumni-beaulieu.ch\/fr\/wp-json\/wp\/v2\/pages"}],"about":[{"href":"https:\/\/alumni-beaulieu.ch\/fr\/wp-json\/wp\/v2\/types\/page"}],"author":[{"embeddable":true,"href":"https:\/\/alumni-beaulieu.ch\/fr\/wp-json\/wp\/v2\/users\/21"}],"replies":[{"embeddable":true,"href":"https:\/\/alumni-beaulieu.ch\/fr\/wp-json\/wp\/v2\/comments?post=569"}],"version-history":[{"count":90,"href":"https:\/\/alumni-beaulieu.ch\/fr\/wp-json\/wp\/v2\/pages\/569\/revisions"}],"predecessor-version":[{"id":2813,"href":"https:\/\/alumni-beaulieu.ch\/fr\/wp-json\/wp\/v2\/pages\/569\/revisions\/2813"}],"wp:attachment":[{"href":"https:\/\/alumni-beaulieu.ch\/fr\/wp-json\/wp\/v2\/media?parent=569"}],"curies":[{"name":"wp","href":"https:\/\/api.w.org\/{rel}","templated":true}]}}