{"id":515,"date":"2024-08-26T07:19:21","date_gmt":"2024-08-26T07:19:21","guid":{"rendered":"http:\/\/13.38.75.117\/?page_id=515"},"modified":"2026-04-25T19:29:42","modified_gmt":"2026-04-25T17:29:42","slug":"membres","status":"publish","type":"page","link":"https:\/\/alumni-beaulieu.ch\/fr\/membres\/","title":{"rendered":"Membres"},"content":{"rendered":"<h6 class=\"wp-block-heading\">Cotisations et dons<\/h6>\n\n<h3 class=\"wp-block-heading\">Devenir membre<\/h3>\n\n<figure class=\"wp-block-image size-large\"><img decoding=\"async\" width=\"18\" height=\"18\" src=\"https:\/\/alumni-beaulieu.ch\/wp-content\/uploads\/2026\/01\/VecTick.svg\" class=\"wp-image-1765\"><\/figure>\n\nInvitation exclusive aux \u00e9v\u00e9nements d&rsquo;ancien\u00b7nes du Gymnase de Beaulieu\n\n<figure class=\"wp-block-image size-large\"><img decoding=\"async\" width=\"18\" height=\"18\" src=\"https:\/\/alumni-beaulieu.ch\/wp-content\/uploads\/2026\/01\/VecTick.svg\" class=\"wp-image-1765\"><\/figure>\n\nAcc\u00e8s \u00e0 la plateforme et aux informations du r\u00e9seau d\u2019ancien\u00b7nes\n\n<figure class=\"wp-block-image size-large\"><img decoding=\"async\" width=\"18\" height=\"18\" src=\"https:\/\/alumni-beaulieu.ch\/wp-content\/uploads\/2026\/01\/VecTick.svg\" class=\"wp-image-1765\"><\/figure>\n\nD\u00e9veloppement de votre r\u00e9seau professionnel avec d\u2019autres ancien\u00b7nes \u00e9l\u00e8ves\n\n<figure class=\"wp-block-image size-large\"><img decoding=\"async\" width=\"18\" height=\"18\" src=\"https:\/\/alumni-beaulieu.ch\/wp-content\/uploads\/2026\/01\/VecTick.svg\" class=\"wp-image-1765\"><\/figure>\n\nOpportunit\u00e9s de participation aux projets et partenariats de l\u2019association\n\n<div class=\"wp-block-buttons is-layout-flex wp-block-buttons-is-layout-flex\"><div class=\"wp-block-button\"><a class=\"wp-block-button__link\">Cotisation annuelle membre<\/a><\/div><\/div>\n\n<figure class=\"wp-block-image size-full\"><img fetchpriority=\"high\" decoding=\"async\" width=\"1024\" height=\"810\" src=\"https:\/\/alumni-beaulieu.ch\/wp-content\/uploads\/2026\/03\/reseau-membres-alumni-aed-beaulieu.webp\" class=\"wp-image-2697\" srcset=\"https:\/\/alumni-beaulieu.ch\/wp-content\/uploads\/2026\/03\/reseau-membres-alumni-aed-beaulieu.webp 1024w, https:\/\/alumni-beaulieu.ch\/wp-content\/uploads\/2026\/03\/reseau-membres-alumni-aed-beaulieu-300x237.webp 300w, https:\/\/alumni-beaulieu.ch\/wp-content\/uploads\/2026\/03\/reseau-membres-alumni-aed-beaulieu-768x608.webp 768w, https:\/\/alumni-beaulieu.ch\/wp-content\/uploads\/2026\/03\/reseau-membres-alumni-aed-beaulieu-15x12.webp 15w\" sizes=\"(max-width: 1024px) 100vw, 1024px\" \/><\/figure>\n\n<h3 class=\"wp-block-heading\">Devenir membre de l\u2019AED Gymnase de Beaulieu<\/h3>\n\n<h6 class=\"wp-block-heading\">Programme d&rsquo;adh\u00e9sion<\/h6>\n\n<h3 class=\"wp-block-heading\">Statut de membre<\/h3>\n\nStatut accord\u00e9 aux membres cotisant\u00b7es ayant soutenu l\u2019association pendant trois ann\u00e9es cons\u00e9cutives.\n\n<figure class=\"wp-block-image size-full\"><img decoding=\"async\" width=\"559\" height=\"1080\" src=\"https:\/\/alumni-beaulieu.ch\/wp-content\/uploads\/2026\/02\/Artboard-2-copy-4.png\" class=\"wp-image-1911\" srcset=\"https:\/\/alumni-beaulieu.ch\/wp-content\/uploads\/2026\/02\/Artboard-2-copy-4.png 559w, https:\/\/alumni-beaulieu.ch\/wp-content\/uploads\/2026\/02\/Artboard-2-copy-4-155x300.png 155w, https:\/\/alumni-beaulieu.ch\/wp-content\/uploads\/2026\/02\/Artboard-2-copy-4-530x1024.png 530w, https:\/\/alumni-beaulieu.ch\/wp-content\/uploads\/2026\/02\/Artboard-2-copy-4-6x12.png 6w\" sizes=\"(max-width: 559px) 100vw, 559px\" \/><\/figure>\n\nMembre Argent\n\n<figure class=\"wp-block-image size-large\"><img loading=\"lazy\" decoding=\"async\" width=\"530\" height=\"1024\" src=\"https:\/\/alumni-beaulieu.ch\/wp-content\/uploads\/2026\/02\/Artboard-2-copy-3-530x1024.png\" class=\"wp-image-1913\" srcset=\"https:\/\/alumni-beaulieu.ch\/wp-content\/uploads\/2026\/02\/Artboard-2-copy-3-530x1024.png 530w, https:\/\/alumni-beaulieu.ch\/wp-content\/uploads\/2026\/02\/Artboard-2-copy-3-155x300.png 155w, https:\/\/alumni-beaulieu.ch\/wp-content\/uploads\/2026\/02\/Artboard-2-copy-3-6x12.png 6w, https:\/\/alumni-beaulieu.ch\/wp-content\/uploads\/2026\/02\/Artboard-2-copy-3.png 559w\" sizes=\"(max-width: 530px) 100vw, 530px\" \/><\/figure>\n\nMembre Or\n\nAttribu\u00e9 aux membres cotisant\u00b7es de longue dur\u00e9e ayant contribu\u00e9 activement \u00e0 la vie de l\u2019association.\n\n<figure class=\"wp-block-image size-large\"><img loading=\"lazy\" decoding=\"async\" width=\"530\" height=\"1024\" src=\"https:\/\/alumni-beaulieu.ch\/wp-content\/uploads\/2026\/02\/Artboard-2-copy-5-530x1024.png\" class=\"wp-image-1914\" srcset=\"https:\/\/alumni-beaulieu.ch\/wp-content\/uploads\/2026\/02\/Artboard-2-copy-5-530x1024.png 530w, https:\/\/alumni-beaulieu.ch\/wp-content\/uploads\/2026\/02\/Artboard-2-copy-5-155x300.png 155w, https:\/\/alumni-beaulieu.ch\/wp-content\/uploads\/2026\/02\/Artboard-2-copy-5-6x12.png 6w, https:\/\/alumni-beaulieu.ch\/wp-content\/uploads\/2026\/02\/Artboard-2-copy-5.png 559w\" sizes=\"(max-width: 530px) 100vw, 530px\" \/><\/figure>\n\nMembre d&rsquo;honneur\n\nTitre attribu\u00e9 par le comit\u00e9 AED aux personnes ayant rendu des services remarquables \u00e0 l\u2019association ou au Gymnase de Beaulieu.\n\n<figure class=\"wp-block-image size-large\"><img loading=\"lazy\" decoding=\"async\" width=\"536\" height=\"1024\" src=\"https:\/\/alumni-beaulieu.ch\/wp-content\/uploads\/2026\/02\/Artboard-2-copy-6-536x1024.png\" class=\"wp-image-1915\" srcset=\"https:\/\/alumni-beaulieu.ch\/wp-content\/uploads\/2026\/02\/Artboard-2-copy-6-536x1024.png 536w, https:\/\/alumni-beaulieu.ch\/wp-content\/uploads\/2026\/02\/Artboard-2-copy-6-157x300.png 157w, https:\/\/alumni-beaulieu.ch\/wp-content\/uploads\/2026\/02\/Artboard-2-copy-6-6x12.png 6w, https:\/\/alumni-beaulieu.ch\/wp-content\/uploads\/2026\/02\/Artboard-2-copy-6.png 565w\" sizes=\"(max-width: 536px) 100vw, 536px\" \/><\/figure>\n\nMembre Ambassadeur\n\nLes ambassadeurs repr\u00e9sentent l\u2019AED Beaulieu et contribuent \u00e0 promouvoir le r\u00e9seau des anciens \u00e9l\u00e8ves \u00e0 Lausanne et en Suisse.\n\n<figure class=\"wp-block-image size-large\"><img loading=\"lazy\" decoding=\"async\" width=\"535\" height=\"1024\" src=\"https:\/\/alumni-beaulieu.ch\/wp-content\/uploads\/2026\/02\/Artboard-2-copy-7-535x1024.png\" class=\"wp-image-1916\" srcset=\"https:\/\/alumni-beaulieu.ch\/wp-content\/uploads\/2026\/02\/Artboard-2-copy-7-535x1024.png 535w, https:\/\/alumni-beaulieu.ch\/wp-content\/uploads\/2026\/02\/Artboard-2-copy-7-157x300.png 157w, https:\/\/alumni-beaulieu.ch\/wp-content\/uploads\/2026\/02\/Artboard-2-copy-7-6x12.png 6w, https:\/\/alumni-beaulieu.ch\/wp-content\/uploads\/2026\/02\/Artboard-2-copy-7.png 564w\" sizes=\"(max-width: 535px) 100vw, 535px\" \/><\/figure>\n\nMembre Laur\u00e9at\n\nLes laur\u00e9at\u00b7es du Prix AED b\u00e9n\u00e9ficient d\u2019un statut sp\u00e9cial et sont exon\u00e9r\u00e9s de cotisation jusqu\u2019\u00e0 la fin de leurs \u00e9tudes universitaires.\n\n<div class=\"wp-block-buttons is-layout-flex wp-block-buttons-is-layout-flex\"><div class=\"wp-block-button\"><a class=\"wp-block-button__link\">Informations bancaires de l&rsquo;AED<\/a><\/div><\/div>\n\n<h6 class=\"has-text-align-center wp-block-heading\">Ambassadrice-eurs<\/h6>\n\n<h3 class=\"has-text-align-center wp-block-heading\">Rencontrez nos ambassadrices-eurs<\/h3>\n\n<figure class=\"wp-block-embed-youtube wp-block-embed is-type-video is-provider-youtube\"><div class=\"wp-block-embed__wrapper\">https:\/\/www.youtube.com\/watch?v=PwqbaC7_DAM<\/div><\/figure>\n\n<figure class=\"wp-block-image size-large\"><img loading=\"lazy\" decoding=\"async\" width=\"536\" height=\"1024\" src=\"https:\/\/alumni-beaulieu.ch\/wp-content\/uploads\/2026\/02\/Artboard-2-copy-6-536x1024.png\" class=\"wp-image-1915\" srcset=\"https:\/\/alumni-beaulieu.ch\/wp-content\/uploads\/2026\/02\/Artboard-2-copy-6-536x1024.png 536w, https:\/\/alumni-beaulieu.ch\/wp-content\/uploads\/2026\/02\/Artboard-2-copy-6-157x300.png 157w, https:\/\/alumni-beaulieu.ch\/wp-content\/uploads\/2026\/02\/Artboard-2-copy-6-6x12.png 6w, https:\/\/alumni-beaulieu.ch\/wp-content\/uploads\/2026\/02\/Artboard-2-copy-6.png 565w\" sizes=\"(max-width: 536px) 100vw, 536px\" \/><\/figure>\n\nS. Aschwanden\n\nSPORT\n\n<figure class=\"wp-block-embed-youtube wp-block-embed is-type-video is-provider-youtube\"><div class=\"wp-block-embed__wrapper\">https:\/\/www.youtube.com\/watch?v=MBlchRXhC7w<\/div><\/figure>\n\n<figure class=\"wp-block-image size-large\"><img loading=\"lazy\" decoding=\"async\" width=\"536\" height=\"1024\" src=\"https:\/\/alumni-beaulieu.ch\/wp-content\/uploads\/2026\/02\/Artboard-2-copy-6-536x1024.png\" class=\"wp-image-1915\" srcset=\"https:\/\/alumni-beaulieu.ch\/wp-content\/uploads\/2026\/02\/Artboard-2-copy-6-536x1024.png 536w, https:\/\/alumni-beaulieu.ch\/wp-content\/uploads\/2026\/02\/Artboard-2-copy-6-157x300.png 157w, https:\/\/alumni-beaulieu.ch\/wp-content\/uploads\/2026\/02\/Artboard-2-copy-6-6x12.png 6w, https:\/\/alumni-beaulieu.ch\/wp-content\/uploads\/2026\/02\/Artboard-2-copy-6.png 565w\" sizes=\"(max-width: 536px) 100vw, 536px\" \/><\/figure>\n\nP. Meyer\n\nENTREPRENEURIAT\n\n<h3 class=\"has-text-align-center wp-block-heading\">Rejoignez le r\u00e9seau des ancien\u00b7nes \u00e9l\u00e8ves du Gymnase de Beaulieu<\/h3>\n\n<div class=\"wp-block-buttons is-layout-flex wp-block-buttons-is-layout-flex\"><div class=\"wp-block-button\"><a class=\"wp-block-button__link\">Contactez-nous<\/a><\/div><\/div>\n\n<div class=\"wp-block-buttons is-layout-flex wp-block-buttons-is-layout-flex\"><div class=\"wp-block-button\"><a class=\"wp-block-button__link\">Faire un don unique pour l&rsquo;AED<\/a><\/div><\/div>\n\n<p><span style=\"font-weight: 400;\">L\u2019Association des anciens \u00e9l\u00e8ves du Gymnase de Beaulieu (AED) est une organisation \u00e0 but non lucratif qui rassemble les dipl\u00f4m\u00e9<\/span><span style=\"font-weight: 400;\">\u00b7<\/span><span style=\"font-weight: 400;\">es autour d\u2019un r\u00e9seau d\u2019ancien<\/span><span style=\"font-weight: 400;\">\u00b7<\/span><span style=\"font-weight: 400;\">nes actif<\/span><span style=\"font-weight: 400;\">\u00b7<\/span><span style=\"font-weight: 400;\">ve \u00e0 Lausanne et dans le Canton de Vaud.<\/span><\/p>\n<p><span style=\"font-weight: 400;\">En devenant membre de l\u2019AED Beaulieu, vous contribuez au d\u00e9veloppement du r\u00e9seau des ancien<\/span><span style=\"font-weight: 400;\">\u00b7<\/span><span style=\"font-weight: 400;\">nes \u00e9l\u00e8ves tout en b\u00e9n\u00e9ficiant d\u2019avantages exclusifs et d\u2019opportunit\u00e9s de r\u00e9seautage avec d\u2019autres dipl\u00f4m\u00e9<\/span><span style=\"font-weight: 400;\">\u00b7<\/span><span style=\"font-weight: 400;\">es.<\/span><\/p>\n\n<p><span style=\"font-weight: 400;\">L\u2019AED Beaulieu propose plusieurs statuts de membres afin de reconna\u00eetre l\u2019engagement des ancien<\/span><span style=\"font-weight: 400;\">\u00b7<\/span><span style=\"font-weight: 400;\">nes \u00e9l\u00e8ves et leur contribution au d\u00e9veloppement de l\u2019association et du r\u00e9seau d\u2019ancien<\/span><span style=\"font-weight: 400;\">\u00b7<\/span><span style=\"font-weight: 400;\">nes.<\/span><\/p>\n\n<p><span style=\"font-weight: 400;\">Les ambassadrice-eurs de l\u2019AED Beaulieu repr\u00e9sentent la communaut\u00e9 des anciens \u00e9l\u00e8ves et participent \u00e0 la promotion du r\u00e9seau d\u2019ancien<\/span><span style=\"font-weight: 400;\">\u00b7<\/span><span style=\"font-weight: 400;\">nes \u00e0 Lausanne et dans le Canton de Vaud.<\/span><\/p>","protected":false},"excerpt":{"rendered":"<p>Cotisations et dons Devenir membre Invitation exclusive aux \u00e9v\u00e9nements d&rsquo;ancien\u00b7nes du Gymnase de Beaulieu Acc\u00e8s \u00e0 la plateforme et aux informations du r\u00e9seau d\u2019ancien\u00b7nes D\u00e9veloppement de votre r\u00e9seau professionnel avec d\u2019autres ancien\u00b7nes \u00e9l\u00e8ves Opportunit\u00e9s de participation aux projets et partenariats de l\u2019association Devenir membre de l\u2019AED Gymnase de Beaulieu Programme d&rsquo;adh\u00e9sion Statut de membre Statut [&hellip;]<\/p>\n","protected":false},"author":21,"featured_media":0,"parent":0,"menu_order":0,"comment_status":"closed","ping_status":"closed","template":"","meta":{"inline_featured_image":false,"footnotes":""},"class_list":["post-515","page","type-page","status-publish","hentry"],"yoast_head":"<!-- This site is optimized with the Yoast SEO plugin v27.5 - https:\/\/yoast.com\/product\/yoast-seo-wordpress\/ -->\n<title>Devenir Membre AED Beaulieu | Adh\u00e9sion Alumni<\/title>\n<meta name=\"description\" content=\"Rejoignez l\u2019AED Beaulieu, l\u2019association des anciens \u00e9l\u00e8ves du Gymnase de Beaulieu \u00e0 Lausanne et d\u00e9couvrez les avantages membres.\" \/>\n<meta name=\"robots\" content=\"index, follow, max-snippet:-1, max-image-preview:large, max-video-preview:-1\" \/>\n<link rel=\"canonical\" href=\"https:\/\/alumni-beaulieu.ch\/fr\/membres\/\" \/>\n<meta property=\"og:locale\" content=\"fr_FR\" \/>\n<meta property=\"og:type\" content=\"article\" \/>\n<meta property=\"og:title\" content=\"Devenir Membre AED Beaulieu | Adh\u00e9sion Alumni\" \/>\n<meta property=\"og:description\" content=\"Rejoignez l\u2019AED Beaulieu, l\u2019association des anciens \u00e9l\u00e8ves du Gymnase de Beaulieu \u00e0 Lausanne et d\u00e9couvrez les avantages membres.\" \/>\n<meta property=\"og:url\" content=\"https:\/\/alumni-beaulieu.ch\/fr\/membres\/\" \/>\n<meta property=\"og:site_name\" content=\"AED Beaulieu\" \/>\n<meta property=\"article:modified_time\" content=\"2026-04-25T17:29:42+00:00\" \/>\n<meta name=\"twitter:card\" content=\"summary_large_image\" \/>\n<meta name=\"twitter:label1\" content=\"Dur\u00e9e de lecture estim\u00e9e\" \/>\n\t<meta name=\"twitter:data1\" content=\"5 minutes\" \/>\n<script type=\"application\/ld+json\" class=\"yoast-schema-graph\">{\"@context\":\"https:\\\/\\\/schema.org\",\"@graph\":[{\"@type\":\"WebPage\",\"@id\":\"https:\\\/\\\/alumni-beaulieu.ch\\\/fr\\\/membres\\\/\",\"url\":\"https:\\\/\\\/alumni-beaulieu.ch\\\/fr\\\/membres\\\/\",\"name\":\"Devenir Membre AED Beaulieu | Adh\u00e9sion Alumni\",\"isPartOf\":{\"@id\":\"https:\\\/\\\/alumni-beaulieu.ch\\\/fr\\\/#website\"},\"primaryImageOfPage\":{\"@id\":\"https:\\\/\\\/alumni-beaulieu.ch\\\/fr\\\/membres\\\/#primaryimage\"},\"image\":{\"@id\":\"https:\\\/\\\/alumni-beaulieu.ch\\\/fr\\\/membres\\\/#primaryimage\"},\"thumbnailUrl\":\"https:\\\/\\\/alumni-beaulieu.ch\\\/wp-content\\\/uploads\\\/2026\\\/01\\\/VecTick.svg\",\"datePublished\":\"2024-08-26T07:19:21+00:00\",\"dateModified\":\"2026-04-25T17:29:42+00:00\",\"description\":\"Rejoignez l\u2019AED Beaulieu, l\u2019association des anciens \u00e9l\u00e8ves du Gymnase de Beaulieu \u00e0 Lausanne et d\u00e9couvrez les avantages membres.\",\"breadcrumb\":{\"@id\":\"https:\\\/\\\/alumni-beaulieu.ch\\\/fr\\\/membres\\\/#breadcrumb\"},\"inLanguage\":\"fr-FR\",\"potentialAction\":[{\"@type\":\"ReadAction\",\"target\":[\"https:\\\/\\\/alumni-beaulieu.ch\\\/fr\\\/membres\\\/\"]}]},{\"@type\":\"ImageObject\",\"inLanguage\":\"fr-FR\",\"@id\":\"https:\\\/\\\/alumni-beaulieu.ch\\\/fr\\\/membres\\\/#primaryimage\",\"url\":\"https:\\\/\\\/alumni-beaulieu.ch\\\/wp-content\\\/uploads\\\/2026\\\/01\\\/VecTick.svg\",\"contentUrl\":\"https:\\\/\\\/alumni-beaulieu.ch\\\/wp-content\\\/uploads\\\/2026\\\/01\\\/VecTick.svg\"},{\"@type\":\"BreadcrumbList\",\"@id\":\"https:\\\/\\\/alumni-beaulieu.ch\\\/fr\\\/membres\\\/#breadcrumb\",\"itemListElement\":[{\"@type\":\"ListItem\",\"position\":1,\"name\":\"Home\",\"item\":\"https:\\\/\\\/alumni-beaulieu.ch\\\/\"},{\"@type\":\"ListItem\",\"position\":2,\"name\":\"Membres\"}]},{\"@type\":\"WebSite\",\"@id\":\"https:\\\/\\\/alumni-beaulieu.ch\\\/fr\\\/#website\",\"url\":\"https:\\\/\\\/alumni-beaulieu.ch\\\/fr\\\/\",\"name\":\"AED Beaulieu\",\"description\":\"Pilier de la vie associative vaudoise.\",\"potentialAction\":[{\"@type\":\"SearchAction\",\"target\":{\"@type\":\"EntryPoint\",\"urlTemplate\":\"https:\\\/\\\/alumni-beaulieu.ch\\\/fr\\\/?s={search_term_string}\"},\"query-input\":{\"@type\":\"PropertyValueSpecification\",\"valueRequired\":true,\"valueName\":\"search_term_string\"}}],\"inLanguage\":\"fr-FR\"}]}<\/script>\n<!-- \/ Yoast SEO plugin. -->","yoast_head_json":{"title":"Devenir Membre AED Beaulieu | Adh\u00e9sion Alumni","description":"Rejoignez l\u2019AED Beaulieu, l\u2019association des anciens \u00e9l\u00e8ves du Gymnase de Beaulieu \u00e0 Lausanne et d\u00e9couvrez les avantages membres.","robots":{"index":"index","follow":"follow","max-snippet":"max-snippet:-1","max-image-preview":"max-image-preview:large","max-video-preview":"max-video-preview:-1"},"canonical":"https:\/\/alumni-beaulieu.ch\/fr\/membres\/","og_locale":"fr_FR","og_type":"article","og_title":"Devenir Membre AED Beaulieu | Adh\u00e9sion Alumni","og_description":"Rejoignez l\u2019AED Beaulieu, l\u2019association des anciens \u00e9l\u00e8ves du Gymnase de Beaulieu \u00e0 Lausanne et d\u00e9couvrez les avantages membres.","og_url":"https:\/\/alumni-beaulieu.ch\/fr\/membres\/","og_site_name":"AED Beaulieu","article_modified_time":"2026-04-25T17:29:42+00:00","twitter_card":"summary_large_image","twitter_misc":{"Dur\u00e9e de lecture estim\u00e9e":"5 minutes"},"schema":{"@context":"https:\/\/schema.org","@graph":[{"@type":"WebPage","@id":"https:\/\/alumni-beaulieu.ch\/fr\/membres\/","url":"https:\/\/alumni-beaulieu.ch\/fr\/membres\/","name":"Devenir Membre AED Beaulieu | Adh\u00e9sion Alumni","isPartOf":{"@id":"https:\/\/alumni-beaulieu.ch\/fr\/#website"},"primaryImageOfPage":{"@id":"https:\/\/alumni-beaulieu.ch\/fr\/membres\/#primaryimage"},"image":{"@id":"https:\/\/alumni-beaulieu.ch\/fr\/membres\/#primaryimage"},"thumbnailUrl":"https:\/\/alumni-beaulieu.ch\/wp-content\/uploads\/2026\/01\/VecTick.svg","datePublished":"2024-08-26T07:19:21+00:00","dateModified":"2026-04-25T17:29:42+00:00","description":"Rejoignez l\u2019AED Beaulieu, l\u2019association des anciens \u00e9l\u00e8ves du Gymnase de Beaulieu \u00e0 Lausanne et d\u00e9couvrez les avantages membres.","breadcrumb":{"@id":"https:\/\/alumni-beaulieu.ch\/fr\/membres\/#breadcrumb"},"inLanguage":"fr-FR","potentialAction":[{"@type":"ReadAction","target":["https:\/\/alumni-beaulieu.ch\/fr\/membres\/"]}]},{"@type":"ImageObject","inLanguage":"fr-FR","@id":"https:\/\/alumni-beaulieu.ch\/fr\/membres\/#primaryimage","url":"https:\/\/alumni-beaulieu.ch\/wp-content\/uploads\/2026\/01\/VecTick.svg","contentUrl":"https:\/\/alumni-beaulieu.ch\/wp-content\/uploads\/2026\/01\/VecTick.svg"},{"@type":"BreadcrumbList","@id":"https:\/\/alumni-beaulieu.ch\/fr\/membres\/#breadcrumb","itemListElement":[{"@type":"ListItem","position":1,"name":"Home","item":"https:\/\/alumni-beaulieu.ch\/"},{"@type":"ListItem","position":2,"name":"Membres"}]},{"@type":"WebSite","@id":"https:\/\/alumni-beaulieu.ch\/fr\/#website","url":"https:\/\/alumni-beaulieu.ch\/fr\/","name":"AED Beaulieu","description":"Pilier de la vie associative vaudoise.","potentialAction":[{"@type":"SearchAction","target":{"@type":"EntryPoint","urlTemplate":"https:\/\/alumni-beaulieu.ch\/fr\/?s={search_term_string}"},"query-input":{"@type":"PropertyValueSpecification","valueRequired":true,"valueName":"search_term_string"}}],"inLanguage":"fr-FR"}]}},"_links":{"self":[{"href":"https:\/\/alumni-beaulieu.ch\/fr\/wp-json\/wp\/v2\/pages\/515","targetHints":{"allow":["GET"]}}],"collection":[{"href":"https:\/\/alumni-beaulieu.ch\/fr\/wp-json\/wp\/v2\/pages"}],"about":[{"href":"https:\/\/alumni-beaulieu.ch\/fr\/wp-json\/wp\/v2\/types\/page"}],"author":[{"embeddable":true,"href":"https:\/\/alumni-beaulieu.ch\/fr\/wp-json\/wp\/v2\/users\/21"}],"replies":[{"embeddable":true,"href":"https:\/\/alumni-beaulieu.ch\/fr\/wp-json\/wp\/v2\/comments?post=515"}],"version-history":[{"count":100,"href":"https:\/\/alumni-beaulieu.ch\/fr\/wp-json\/wp\/v2\/pages\/515\/revisions"}],"predecessor-version":[{"id":2817,"href":"https:\/\/alumni-beaulieu.ch\/fr\/wp-json\/wp\/v2\/pages\/515\/revisions\/2817"}],"wp:attachment":[{"href":"https:\/\/alumni-beaulieu.ch\/fr\/wp-json\/wp\/v2\/media?parent=515"}],"curies":[{"name":"wp","href":"https:\/\/api.w.org\/{rel}","templated":true}]}}