{"id":489,"date":"2024-08-26T04:48:55","date_gmt":"2024-08-26T04:48:55","guid":{"rendered":"http:\/\/13.38.75.117\/?page_id=489"},"modified":"2026-03-15T17:25:02","modified_gmt":"2026-03-15T16:25:02","slug":"apropos","status":"publish","type":"page","link":"https:\/\/alumni-beaulieu.ch\/fr\/apropos\/","title":{"rendered":"A propos"},"content":{"rendered":"<h6 class=\"wp-block-heading\">\u00c0 propos<\/h6>\n\n<h3 class=\"wp-block-heading\">L&rsquo;AED en bref<\/h3>\n\nL\u2019AED Beaulieu est l\u2019association des anciens \u00e9l\u00e8ves du Gymnase de Beaulieu \u00e0 Lausanne. Cr\u00e9\u00e9e il y a plus de 150 ans, cette institution historique du Canton de Vaud rassemble les dipl\u00f4m\u00e9s autour d\u2019un r\u00e9seau alumni dynamique.\n\n<h6 class=\"has-text-align-center wp-block-heading\">Le Comit\u00e9<\/h6>\n\n<h3 class=\"has-text-align-center wp-block-heading\">Pr\u00e9sentation des membres<\/h3>\n\n<figure class=\"wp-block-embed-youtube wp-block-embed is-type-video is-provider-youtube\"><div class=\"wp-block-embed__wrapper\">https:\/\/www.youtube.com\/watch?v=Is287t4AQ6g<\/div><\/figure>\n\nNotre mission est de renforcer les liens entre anciens \u00e9l\u00e8ves, encourager le r\u00e9seautage professionnel et soutenir la communaut\u00e9 \u00e9ducative du Gymnase de Beaulieu. \u00c0 travers ses \u00e9v\u00e9nements, ses initiatives et son comit\u00e9, l\u2019AED favorise les \u00e9changes entre g\u00e9n\u00e9rations et contribue au d\u00e9veloppement d\u2019un r\u00e9seau d\u2019ancien\u00b7nes solide dans le Canton de Vaud.\n\nLe comit\u00e9 de l\u2019AED Beaulieu est compos\u00e9 de membres engag\u00e9s qui contribuent au d\u00e9veloppement du r\u00e9seau des anciens \u00e9l\u00e8ves du Gymnase de Beaulieu. Leur mission est d\u2019organiser des \u00e9v\u00e9nements, de renforcer la communaut\u00e9 d&rsquo;ancien\u00b7nes et de promouvoir les valeurs de l\u2019association.\n\n<h3 class=\"wp-block-heading\">\u00c0 propos de l&rsquo;AED Beaulieu<\/h3>\n\n<figure class=\"wp-block-image size-large\"><a ><img decoding=\"async\" src=\"https:\/\/alumni-beaulieu.ch\/wp-content\/uploads\/2024\/10\/fix.svg\" alt class=\"wp-image-1477\" width=\"760\"><\/a><\/figure>\n\n<h6 class=\"wp-block-heading\">Statuts<\/h6>\n\n<h3 class=\"wp-block-heading\">Nos Statuts<\/h3>\n\nLes statuts de l\u2019AED Beaulieu d\u00e9finissent l\u2019organisation, la gouvernance et les objectifs de l\u2019association des anciens \u00e9l\u00e8ves du Gymnase de Beaulieu. Ils encadrent les activit\u00e9s du comit\u00e9, des ambassadeurs et des membres afin d\u2019assurer le bon fonctionnement du r\u00e9seau d&rsquo;ancien\u00b7nes.\n\n<div class=\"wp-block-buttons is-layout-flex wp-block-buttons-is-layout-flex\"><div class=\"wp-block-button\"><a class=\"wp-block-button__link\">Statuts AED (PDF)<\/a><\/div><\/div>\n\n<h6 class=\"wp-block-heading\">Ambitions<\/h6>\n\n<h3 class=\"wp-block-heading\">Le mot du pr\u00e9sident<\/h3>\n\nF. Itani\n\nPr\u00e9sident de l&rsquo;AED\n\nPr\u00e9sident\n\n<h3 class=\"has-text-align-left wp-block-heading\">F. Itani<\/h3>\n\nMembre d&rsquo;or\n\n<h3 class=\"has-text-align-left wp-block-heading\">A. Manuel<\/h3>\n\nVice-Pr\u00e9sident\n\nMembre d&rsquo;or\n\n<h3 class=\"has-text-align-left wp-block-heading\">S. Cl\u00e9ment<\/h3>\n\nFinance\n\nMembre d&rsquo;honneur\n\n<h3 class=\"has-text-align-left wp-block-heading\">E. Jolivet<\/h3>\n\nSecr\u00e9taire G\u00e9n\u00e9ral\n\nMembre d&rsquo;or\n\n<h3 class=\"has-text-align-left wp-block-heading\">J.-F. Dubuis<\/h3>\n\nPhilanthropie\n\nMembre d&rsquo;honneur\n\n<h3 class=\"wp-block-heading\">M. Bozic<\/h3>\n\nCommunication\n\nMembre d&rsquo;or\n\n<figure class=\"wp-block-image size-large\"><img fetchpriority=\"high\" decoding=\"async\" width=\"530\" height=\"1024\" src=\"https:\/\/alumni-beaulieu.ch\/wp-content\/uploads\/2026\/02\/Artboard-2-copy-3-530x1024.png\" alt class=\"wp-image-1913\" srcset=\"https:\/\/alumni-beaulieu.ch\/wp-content\/uploads\/2026\/02\/Artboard-2-copy-3-530x1024.png 530w, https:\/\/alumni-beaulieu.ch\/wp-content\/uploads\/2026\/02\/Artboard-2-copy-3-155x300.png 155w, https:\/\/alumni-beaulieu.ch\/wp-content\/uploads\/2026\/02\/Artboard-2-copy-3-6x12.png 6w, https:\/\/alumni-beaulieu.ch\/wp-content\/uploads\/2026\/02\/Artboard-2-copy-3.png 559w\" sizes=\"(max-width: 530px) 100vw, 530px\" \/><\/figure>\n\n<h3 class=\"has-text-align-center wp-block-heading\">Rencontrez nos ambassadeurs<\/h3>\n\n<h6 class=\"has-text-align-center wp-block-heading\">Ambassadeurs<\/h6>\n\n<figure class=\"wp-block-image size-large\"><img decoding=\"async\" width=\"536\" height=\"1024\" src=\"https:\/\/alumni-beaulieu.ch\/wp-content\/uploads\/2026\/02\/Artboard-2-copy-6-536x1024.png\" alt class=\"wp-image-1915\" srcset=\"https:\/\/alumni-beaulieu.ch\/wp-content\/uploads\/2026\/02\/Artboard-2-copy-6-536x1024.png 536w, https:\/\/alumni-beaulieu.ch\/wp-content\/uploads\/2026\/02\/Artboard-2-copy-6-157x300.png 157w, https:\/\/alumni-beaulieu.ch\/wp-content\/uploads\/2026\/02\/Artboard-2-copy-6-6x12.png 6w, https:\/\/alumni-beaulieu.ch\/wp-content\/uploads\/2026\/02\/Artboard-2-copy-6.png 565w\" sizes=\"(max-width: 536px) 100vw, 536px\" \/><\/figure>\n\nS. Aschwanden\n\nSPORT\n\n<figure class=\"wp-block-embed-youtube wp-block-embed is-type-video is-provider-youtube\"><div class=\"wp-block-embed__wrapper\">https:\/\/www.youtube.com\/watch?v=PwqbaC7_DAM<\/div><\/figure>\n\n<figure class=\"wp-block-image size-large\"><img decoding=\"async\" width=\"536\" height=\"1024\" src=\"https:\/\/alumni-beaulieu.ch\/wp-content\/uploads\/2026\/02\/Artboard-2-copy-6-536x1024.png\" alt class=\"wp-image-1915\" srcset=\"https:\/\/alumni-beaulieu.ch\/wp-content\/uploads\/2026\/02\/Artboard-2-copy-6-536x1024.png 536w, https:\/\/alumni-beaulieu.ch\/wp-content\/uploads\/2026\/02\/Artboard-2-copy-6-157x300.png 157w, https:\/\/alumni-beaulieu.ch\/wp-content\/uploads\/2026\/02\/Artboard-2-copy-6-6x12.png 6w, https:\/\/alumni-beaulieu.ch\/wp-content\/uploads\/2026\/02\/Artboard-2-copy-6.png 565w\" sizes=\"(max-width: 536px) 100vw, 536px\" \/><\/figure>\n\nP. Meyer\n\nENTREPRENEURIAT\n\n<figure class=\"wp-block-embed-youtube wp-block-embed is-type-video is-provider-youtube\"><div class=\"wp-block-embed__wrapper\">https:\/\/www.youtube.com\/watch?v=MBlchRXhC7w<\/div><\/figure>\n\n<figure class=\"wp-block-image size-large\"><img fetchpriority=\"high\" decoding=\"async\" width=\"530\" height=\"1024\" src=\"https:\/\/alumni-beaulieu.ch\/wp-content\/uploads\/2026\/02\/Artboard-2-copy-3-530x1024.png\" alt class=\"wp-image-1913\" srcset=\"https:\/\/alumni-beaulieu.ch\/wp-content\/uploads\/2026\/02\/Artboard-2-copy-3-530x1024.png 530w, https:\/\/alumni-beaulieu.ch\/wp-content\/uploads\/2026\/02\/Artboard-2-copy-3-155x300.png 155w, https:\/\/alumni-beaulieu.ch\/wp-content\/uploads\/2026\/02\/Artboard-2-copy-3-6x12.png 6w, https:\/\/alumni-beaulieu.ch\/wp-content\/uploads\/2026\/02\/Artboard-2-copy-3.png 559w\" sizes=\"(max-width: 530px) 100vw, 530px\" \/><\/figure>\n\n<figure class=\"wp-block-image size-large\"><img fetchpriority=\"high\" decoding=\"async\" width=\"530\" height=\"1024\" src=\"https:\/\/alumni-beaulieu.ch\/wp-content\/uploads\/2026\/02\/Artboard-2-copy-3-530x1024.png\" alt class=\"wp-image-1913\" srcset=\"https:\/\/alumni-beaulieu.ch\/wp-content\/uploads\/2026\/02\/Artboard-2-copy-3-530x1024.png 530w, https:\/\/alumni-beaulieu.ch\/wp-content\/uploads\/2026\/02\/Artboard-2-copy-3-155x300.png 155w, https:\/\/alumni-beaulieu.ch\/wp-content\/uploads\/2026\/02\/Artboard-2-copy-3-6x12.png 6w, https:\/\/alumni-beaulieu.ch\/wp-content\/uploads\/2026\/02\/Artboard-2-copy-3.png 559w\" sizes=\"(max-width: 530px) 100vw, 530px\" \/><\/figure>\n\n<figure class=\"wp-block-image size-large\"><img decoding=\"async\" width=\"530\" height=\"1024\" src=\"https:\/\/alumni-beaulieu.ch\/wp-content\/uploads\/2026\/02\/Artboard-2-copy-5-530x1024.png\" alt class=\"wp-image-1914\" srcset=\"https:\/\/alumni-beaulieu.ch\/wp-content\/uploads\/2026\/02\/Artboard-2-copy-5-530x1024.png 530w, https:\/\/alumni-beaulieu.ch\/wp-content\/uploads\/2026\/02\/Artboard-2-copy-5-155x300.png 155w, https:\/\/alumni-beaulieu.ch\/wp-content\/uploads\/2026\/02\/Artboard-2-copy-5-6x12.png 6w, https:\/\/alumni-beaulieu.ch\/wp-content\/uploads\/2026\/02\/Artboard-2-copy-5.png 559w\" sizes=\"(max-width: 530px) 100vw, 530px\" \/><\/figure>\n\n<figure class=\"wp-block-image size-large\"><img decoding=\"async\" width=\"530\" height=\"1024\" src=\"https:\/\/alumni-beaulieu.ch\/wp-content\/uploads\/2026\/02\/Artboard-2-copy-5-530x1024.png\" alt class=\"wp-image-1914\" srcset=\"https:\/\/alumni-beaulieu.ch\/wp-content\/uploads\/2026\/02\/Artboard-2-copy-5-530x1024.png 530w, https:\/\/alumni-beaulieu.ch\/wp-content\/uploads\/2026\/02\/Artboard-2-copy-5-155x300.png 155w, https:\/\/alumni-beaulieu.ch\/wp-content\/uploads\/2026\/02\/Artboard-2-copy-5-6x12.png 6w, https:\/\/alumni-beaulieu.ch\/wp-content\/uploads\/2026\/02\/Artboard-2-copy-5.png 559w\" sizes=\"(max-width: 530px) 100vw, 530px\" \/><\/figure>\n\n<figure class=\"wp-block-image size-large\"><img fetchpriority=\"high\" decoding=\"async\" width=\"530\" height=\"1024\" src=\"https:\/\/alumni-beaulieu.ch\/wp-content\/uploads\/2026\/02\/Artboard-2-copy-3-530x1024.png\" alt class=\"wp-image-1913\" srcset=\"https:\/\/alumni-beaulieu.ch\/wp-content\/uploads\/2026\/02\/Artboard-2-copy-3-530x1024.png 530w, https:\/\/alumni-beaulieu.ch\/wp-content\/uploads\/2026\/02\/Artboard-2-copy-3-155x300.png 155w, https:\/\/alumni-beaulieu.ch\/wp-content\/uploads\/2026\/02\/Artboard-2-copy-3-6x12.png 6w, https:\/\/alumni-beaulieu.ch\/wp-content\/uploads\/2026\/02\/Artboard-2-copy-3.png 559w\" sizes=\"(max-width: 530px) 100vw, 530px\" \/><\/figure>\n\n<figure class=\"wp-block-image size-large\"><img fetchpriority=\"high\" decoding=\"async\" width=\"530\" height=\"1024\" src=\"https:\/\/alumni-beaulieu.ch\/wp-content\/uploads\/2026\/02\/Artboard-2-copy-3-530x1024.png\" alt class=\"wp-image-1913\" srcset=\"https:\/\/alumni-beaulieu.ch\/wp-content\/uploads\/2026\/02\/Artboard-2-copy-3-530x1024.png 530w, https:\/\/alumni-beaulieu.ch\/wp-content\/uploads\/2026\/02\/Artboard-2-copy-3-155x300.png 155w, https:\/\/alumni-beaulieu.ch\/wp-content\/uploads\/2026\/02\/Artboard-2-copy-3-6x12.png 6w, https:\/\/alumni-beaulieu.ch\/wp-content\/uploads\/2026\/02\/Artboard-2-copy-3.png 559w\" sizes=\"(max-width: 530px) 100vw, 530px\" \/><\/figure>\n\n<p>Depuis de nombreuses ann\u00e9es, l\u2019AED Beaulieu s\u2019engage \u00e0 maintenir un lien fort entre les ancien<span style=\"font-weight: 400;\">\u00b7ne<\/span>s \u00e9l\u00e8ves du Gymnase de Beaulieu et la nouvelle g\u00e9n\u00e9ration d\u2019\u00e9tudiant<span style=\"font-weight: 400;\">\u00b7e<\/span>s.<\/p>\n<p>Notre association d&rsquo;ancien<span style=\"font-weight: 400;\">\u00b7nes<\/span> repose sur des valeurs de partage, de solidarit\u00e9 et d\u2019entraide. Gr\u00e2ce au travail du comit\u00e9 AED, de nos ambassadeurs et partenaires nous d\u00e9veloppons un r\u00e9seau professionnel et \u00e9ducatif actif \u00e0 Lausanne et dans l\u2019ensemble du Canton de Vaud.<\/p>\n<p>Notre objectif est de faire grandir ce r\u00e9seau d\u2019ancien<span style=\"font-weight: 400;\">\u00b7ne<\/span>s \u00e9l\u00e8ves afin de soutenir les initiatives \u00e9ducatives, professionnelles et entrepreneuriales issues de notre communaut\u00e9.<\/p>\n\n<p>Les ambassadeurs de l\u2019AED Beaulieu repr\u00e9sentent l\u2019association et participent activement \u00e0 la promotion du r\u00e9seau d&rsquo;ancien<span style=\"font-weight: 400;\">\u00b7nes<\/span> du Gymnase de Beaulieu. Ils contribuent au d\u00e9veloppement des relations professionnelles et au rayonnement de la communaut\u00e9 des ancien<span style=\"font-weight: 400;\">\u00b7ne<\/span>s \u00e9l\u00e8ves \u00e0 Lausanne et en Suisse.<\/p>","protected":false},"excerpt":{"rendered":"<p>\u00c0 propos L&rsquo;AED en bref L\u2019AED Beaulieu est l\u2019association des anciens \u00e9l\u00e8ves du Gymnase de Beaulieu \u00e0 Lausanne. Cr\u00e9\u00e9e il y a plus de 150 ans, cette institution historique du Canton de Vaud rassemble les dipl\u00f4m\u00e9s autour d\u2019un r\u00e9seau alumni dynamique. Le Comit\u00e9 Pr\u00e9sentation des membres Notre mission est de renforcer les liens entre anciens [&hellip;]<\/p>\n","protected":false},"author":21,"featured_media":0,"parent":0,"menu_order":0,"comment_status":"closed","ping_status":"closed","template":"","meta":{"inline_featured_image":false,"footnotes":""},"class_list":["post-489","page","type-page","status-publish","hentry"],"yoast_head":"<!-- This site is optimized with the Yoast SEO plugin v27.5 - https:\/\/yoast.com\/product\/yoast-seo-wordpress\/ -->\n<title>\u00c0 propos AED Beaulieu | Association Alumni Lausanne<\/title>\n<meta name=\"description\" content=\"D\u00e9couvrez l\u2019AED Beaulieu, l\u2019association des anciens \u00e9l\u00e8ves du Gymnase de Beaulieu \u00e0 Lausanne et son r\u00e9seau alumni actif.\" \/>\n<meta name=\"robots\" content=\"index, follow, max-snippet:-1, max-image-preview:large, max-video-preview:-1\" \/>\n<link rel=\"canonical\" href=\"https:\/\/alumni-beaulieu.ch\/fr\/apropos\/\" \/>\n<meta property=\"og:locale\" content=\"fr_FR\" \/>\n<meta property=\"og:type\" content=\"article\" \/>\n<meta property=\"og:title\" content=\"\u00c0 propos AED Beaulieu | Association Alumni Lausanne\" \/>\n<meta property=\"og:description\" content=\"D\u00e9couvrez l\u2019AED Beaulieu, l\u2019association des anciens \u00e9l\u00e8ves du Gymnase de Beaulieu \u00e0 Lausanne et son r\u00e9seau alumni actif.\" \/>\n<meta property=\"og:url\" content=\"https:\/\/alumni-beaulieu.ch\/fr\/apropos\/\" \/>\n<meta property=\"og:site_name\" content=\"AED Beaulieu\" \/>\n<meta property=\"article:modified_time\" content=\"2026-03-15T16:25:02+00:00\" \/>\n<meta name=\"twitter:card\" content=\"summary_large_image\" \/>\n<meta name=\"twitter:label1\" content=\"Dur\u00e9e de lecture estim\u00e9e\" \/>\n\t<meta name=\"twitter:data1\" content=\"6 minutes\" \/>\n<script type=\"application\/ld+json\" class=\"yoast-schema-graph\">{\"@context\":\"https:\\\/\\\/schema.org\",\"@graph\":[{\"@type\":\"WebPage\",\"@id\":\"https:\\\/\\\/alumni-beaulieu.ch\\\/fr\\\/apropos\\\/\",\"url\":\"https:\\\/\\\/alumni-beaulieu.ch\\\/fr\\\/apropos\\\/\",\"name\":\"\u00c0 propos AED Beaulieu | Association Alumni Lausanne\",\"isPartOf\":{\"@id\":\"https:\\\/\\\/alumni-beaulieu.ch\\\/fr\\\/#website\"},\"primaryImageOfPage\":{\"@id\":\"https:\\\/\\\/alumni-beaulieu.ch\\\/fr\\\/apropos\\\/#primaryimage\"},\"image\":{\"@id\":\"https:\\\/\\\/alumni-beaulieu.ch\\\/fr\\\/apropos\\\/#primaryimage\"},\"thumbnailUrl\":\"https:\\\/\\\/alumni-beaulieu.ch\\\/wp-content\\\/uploads\\\/2024\\\/10\\\/fix.svg\",\"datePublished\":\"2024-08-26T04:48:55+00:00\",\"dateModified\":\"2026-03-15T16:25:02+00:00\",\"description\":\"D\u00e9couvrez l\u2019AED Beaulieu, l\u2019association des anciens \u00e9l\u00e8ves du Gymnase de Beaulieu \u00e0 Lausanne et son r\u00e9seau alumni actif.\",\"breadcrumb\":{\"@id\":\"https:\\\/\\\/alumni-beaulieu.ch\\\/fr\\\/apropos\\\/#breadcrumb\"},\"inLanguage\":\"fr-FR\",\"potentialAction\":[{\"@type\":\"ReadAction\",\"target\":[\"https:\\\/\\\/alumni-beaulieu.ch\\\/fr\\\/apropos\\\/\"]}]},{\"@type\":\"ImageObject\",\"inLanguage\":\"fr-FR\",\"@id\":\"https:\\\/\\\/alumni-beaulieu.ch\\\/fr\\\/apropos\\\/#primaryimage\",\"url\":\"https:\\\/\\\/alumni-beaulieu.ch\\\/wp-content\\\/uploads\\\/2024\\\/10\\\/fix.svg\",\"contentUrl\":\"https:\\\/\\\/alumni-beaulieu.ch\\\/wp-content\\\/uploads\\\/2024\\\/10\\\/fix.svg\"},{\"@type\":\"BreadcrumbList\",\"@id\":\"https:\\\/\\\/alumni-beaulieu.ch\\\/fr\\\/apropos\\\/#breadcrumb\",\"itemListElement\":[{\"@type\":\"ListItem\",\"position\":1,\"name\":\"Home\",\"item\":\"https:\\\/\\\/alumni-beaulieu.ch\\\/\"},{\"@type\":\"ListItem\",\"position\":2,\"name\":\"A propos\"}]},{\"@type\":\"WebSite\",\"@id\":\"https:\\\/\\\/alumni-beaulieu.ch\\\/fr\\\/#website\",\"url\":\"https:\\\/\\\/alumni-beaulieu.ch\\\/fr\\\/\",\"name\":\"AED Beaulieu\",\"description\":\"Pilier de la vie associative vaudoise.\",\"potentialAction\":[{\"@type\":\"SearchAction\",\"target\":{\"@type\":\"EntryPoint\",\"urlTemplate\":\"https:\\\/\\\/alumni-beaulieu.ch\\\/fr\\\/?s={search_term_string}\"},\"query-input\":{\"@type\":\"PropertyValueSpecification\",\"valueRequired\":true,\"valueName\":\"search_term_string\"}}],\"inLanguage\":\"fr-FR\"}]}<\/script>\n<!-- \/ Yoast SEO plugin. -->","yoast_head_json":{"title":"\u00c0 propos AED Beaulieu | Association Alumni Lausanne","description":"D\u00e9couvrez l\u2019AED Beaulieu, l\u2019association des anciens \u00e9l\u00e8ves du Gymnase de Beaulieu \u00e0 Lausanne et son r\u00e9seau alumni actif.","robots":{"index":"index","follow":"follow","max-snippet":"max-snippet:-1","max-image-preview":"max-image-preview:large","max-video-preview":"max-video-preview:-1"},"canonical":"https:\/\/alumni-beaulieu.ch\/fr\/apropos\/","og_locale":"fr_FR","og_type":"article","og_title":"\u00c0 propos AED Beaulieu | Association Alumni Lausanne","og_description":"D\u00e9couvrez l\u2019AED Beaulieu, l\u2019association des anciens \u00e9l\u00e8ves du Gymnase de Beaulieu \u00e0 Lausanne et son r\u00e9seau alumni actif.","og_url":"https:\/\/alumni-beaulieu.ch\/fr\/apropos\/","og_site_name":"AED Beaulieu","article_modified_time":"2026-03-15T16:25:02+00:00","twitter_card":"summary_large_image","twitter_misc":{"Dur\u00e9e de lecture estim\u00e9e":"6 minutes"},"schema":{"@context":"https:\/\/schema.org","@graph":[{"@type":"WebPage","@id":"https:\/\/alumni-beaulieu.ch\/fr\/apropos\/","url":"https:\/\/alumni-beaulieu.ch\/fr\/apropos\/","name":"\u00c0 propos AED Beaulieu | Association Alumni Lausanne","isPartOf":{"@id":"https:\/\/alumni-beaulieu.ch\/fr\/#website"},"primaryImageOfPage":{"@id":"https:\/\/alumni-beaulieu.ch\/fr\/apropos\/#primaryimage"},"image":{"@id":"https:\/\/alumni-beaulieu.ch\/fr\/apropos\/#primaryimage"},"thumbnailUrl":"https:\/\/alumni-beaulieu.ch\/wp-content\/uploads\/2024\/10\/fix.svg","datePublished":"2024-08-26T04:48:55+00:00","dateModified":"2026-03-15T16:25:02+00:00","description":"D\u00e9couvrez l\u2019AED Beaulieu, l\u2019association des anciens \u00e9l\u00e8ves du Gymnase de Beaulieu \u00e0 Lausanne et son r\u00e9seau alumni actif.","breadcrumb":{"@id":"https:\/\/alumni-beaulieu.ch\/fr\/apropos\/#breadcrumb"},"inLanguage":"fr-FR","potentialAction":[{"@type":"ReadAction","target":["https:\/\/alumni-beaulieu.ch\/fr\/apropos\/"]}]},{"@type":"ImageObject","inLanguage":"fr-FR","@id":"https:\/\/alumni-beaulieu.ch\/fr\/apropos\/#primaryimage","url":"https:\/\/alumni-beaulieu.ch\/wp-content\/uploads\/2024\/10\/fix.svg","contentUrl":"https:\/\/alumni-beaulieu.ch\/wp-content\/uploads\/2024\/10\/fix.svg"},{"@type":"BreadcrumbList","@id":"https:\/\/alumni-beaulieu.ch\/fr\/apropos\/#breadcrumb","itemListElement":[{"@type":"ListItem","position":1,"name":"Home","item":"https:\/\/alumni-beaulieu.ch\/"},{"@type":"ListItem","position":2,"name":"A propos"}]},{"@type":"WebSite","@id":"https:\/\/alumni-beaulieu.ch\/fr\/#website","url":"https:\/\/alumni-beaulieu.ch\/fr\/","name":"AED Beaulieu","description":"Pilier de la vie associative vaudoise.","potentialAction":[{"@type":"SearchAction","target":{"@type":"EntryPoint","urlTemplate":"https:\/\/alumni-beaulieu.ch\/fr\/?s={search_term_string}"},"query-input":{"@type":"PropertyValueSpecification","valueRequired":true,"valueName":"search_term_string"}}],"inLanguage":"fr-FR"}]}},"_links":{"self":[{"href":"https:\/\/alumni-beaulieu.ch\/fr\/wp-json\/wp\/v2\/pages\/489","targetHints":{"allow":["GET"]}}],"collection":[{"href":"https:\/\/alumni-beaulieu.ch\/fr\/wp-json\/wp\/v2\/pages"}],"about":[{"href":"https:\/\/alumni-beaulieu.ch\/fr\/wp-json\/wp\/v2\/types\/page"}],"author":[{"embeddable":true,"href":"https:\/\/alumni-beaulieu.ch\/fr\/wp-json\/wp\/v2\/users\/21"}],"replies":[{"embeddable":true,"href":"https:\/\/alumni-beaulieu.ch\/fr\/wp-json\/wp\/v2\/comments?post=489"}],"version-history":[{"count":84,"href":"https:\/\/alumni-beaulieu.ch\/fr\/wp-json\/wp\/v2\/pages\/489\/revisions"}],"predecessor-version":[{"id":2734,"href":"https:\/\/alumni-beaulieu.ch\/fr\/wp-json\/wp\/v2\/pages\/489\/revisions\/2734"}],"wp:attachment":[{"href":"https:\/\/alumni-beaulieu.ch\/fr\/wp-json\/wp\/v2\/media?parent=489"}],"curies":[{"name":"wp","href":"https:\/\/api.w.org\/{rel}","templated":true}]}}