{"id":354,"date":"2024-07-11T16:48:47","date_gmt":"2024-07-11T16:48:47","guid":{"rendered":"http:\/\/13.38.75.117\/?page_id=354"},"modified":"2026-03-14T19:55:27","modified_gmt":"2026-03-14T18:55:27","slug":"evenements-alumni","status":"publish","type":"page","link":"https:\/\/alumni-beaulieu.ch\/fr\/evenements-alumni\/","title":{"rendered":"Ev\u00e9nements"},"content":{"rendered":"<h3 class=\"wp-block-heading\">\u00c9v\u00e9nements Alumni du Gymnase de Beaulieu<\/h3>\n\n<script>\n  if (typeof hasAmeliaEvent === 'undefined') {\n    var hasAmeliaEvent = true;\n  }\n  if (typeof hasEventApiCall === 'undefined' && ('' === '' && '' !== '1')) {\n    var hasEventApiCall = true;\n  }\n  var hasEventShortcode = (typeof hasEventShortcode === 'undefined') ? false : true;\n  var ameliaShortcodeData = (typeof ameliaShortcodeData === 'undefined') ? [] : ameliaShortcodeData;\n  ameliaShortcodeData.push(\n    {\n      'hasApiCall': (typeof hasEventApiCall !== 'undefined') && hasEventApiCall,\n      'trigger': '',\n      'trigger_type': '',\n      'triggered_form': 'ecf',\n      'in_dialog': '',\n      'counter': '1000',\n      'employee': '',\n      'eventId': '',\n      'eventRecurring': 0,\n      'eventTag': \"\",\n      'locationId': \"\"\n    }\n  );\n  var ameliaShortcodeDataTriggered = (typeof ameliaShortcodeDataTriggered === 'undefined') ? [] : ameliaShortcodeDataTriggered;\n  if (ameliaShortcodeData[ameliaShortcodeData.length - 1].trigger !== '') {\n    if (ameliaShortcodeDataTriggered.filter(a => a.counter === ameliaShortcodeData[ameliaShortcodeData.length - 1].counter).length === 0) {\n      ameliaShortcodeDataTriggered.push(ameliaShortcodeData.pop());\n    } else {\n      ameliaShortcodeData.pop()\n    }\n  }\n  if (typeof hasEventApiCall !== 'undefined' && hasEventApiCall) {\n    hasEventApiCall = false;\n  }\n<\/script>\n\n<div\n  id=\"amelia-v2-booking-1000\"\n  class=\"amelia-v2-booking\"\n>\n    <events-calendar-form-wrapper><\/div>\n\n\n\n<h6 class=\"wp-block-heading\">\u00c9v\u00e9nements AED<\/h6>\n\n<h3 class=\"wp-block-heading\">Nos \u00e9v\u00e9nements<\/h3>\n\n<p>L\u2019Association des \u00c9l\u00e8ves Dipl\u00f4m\u00e9s du Gymnase de Beaulieu (AED) organise chaque ann\u00e9e plusieurs \u00e9v\u00e9nements alumni \u00e0 Lausanne afin de renforcer les liens entre les g\u00e9n\u00e9rations d\u2019anciens \u00e9l\u00e8ves.<\/p>\n<p>Notre agenda propose des conf\u00e9rences, des rencontres professionnelles, des sorties culturelles et l\u2019assembl\u00e9e g\u00e9n\u00e9rale de l\u2019association. Ces \u00e9v\u00e9nements permettent aux dipl\u00f4m\u00e9s du Gymnase de Beaulieu de d\u00e9velopper leur r\u00e9seau professionnel, de partager leurs exp\u00e9riences et de rester connect\u00e9s avec leur alma mater.<\/p>\n<ul>\n<li>Une conf\u00e9rence annuelle destin\u00e9e aux anciens \u00e9l\u00e8ves et aux \u00e9tudiants du Gymnase de Beaulieu, mettant en avant diff\u00e9rents parcours acad\u00e9miques et professionnels.<\/li>\n<li>Des \u00e9v\u00e9nements de networking pour favoriser les \u00e9changes entre dipl\u00f4m\u00e9s et d\u00e9velopper le r\u00e9seau alumni \u00e0 Lausanne et dans le Canton de Vaud.<\/li>\n<li>L\u2019assembl\u00e9e g\u00e9n\u00e9rale de l\u2019AED durant laquelle les membres d\u00e9couvrent les projets de l\u2019association et participent aux d\u00e9cisions importantes.<\/li>\n<li>Des sorties culturelles et des rencontres conviviales permettant de maintenir un lien fort entre les anciens \u00e9l\u00e8ves et leur \u00e9cole.<\/li>\n<\/ul>\n<p>Consultez r\u00e9guli\u00e8rement notre calendrier pour d\u00e9couvrir les prochains \u00e9v\u00e9nements du r\u00e9seau alumni du Gymnase de Beaulieu. L\u2019inscription aux \u00e9v\u00e9nements se fait directement en ligne afin de faciliter la participation des anciens \u00e9l\u00e8ves.<\/p>","protected":false},"excerpt":{"rendered":"<p>\u00c9v\u00e9nements Alumni du Gymnase de Beaulieu \u00c9v\u00e9nements AED Nos \u00e9v\u00e9nements L\u2019Association des \u00c9l\u00e8ves Dipl\u00f4m\u00e9s du Gymnase de Beaulieu (AED) organise chaque ann\u00e9e plusieurs \u00e9v\u00e9nements alumni \u00e0 Lausanne afin de renforcer les liens entre les g\u00e9n\u00e9rations d\u2019anciens \u00e9l\u00e8ves. Notre agenda propose des conf\u00e9rences, des rencontres professionnelles, des sorties culturelles et l\u2019assembl\u00e9e g\u00e9n\u00e9rale de l\u2019association. Ces \u00e9v\u00e9nements [&hellip;]<\/p>\n","protected":false},"author":21,"featured_media":0,"parent":0,"menu_order":0,"comment_status":"closed","ping_status":"closed","template":"","meta":{"inline_featured_image":false,"footnotes":""},"class_list":["post-354","page","type-page","status-publish","hentry"],"yoast_head":"<!-- This site is optimized with the Yoast SEO plugin v27.3 - https:\/\/yoast.com\/product\/yoast-seo-wordpress\/ -->\n<title>\u00c9v\u00e9nements Alumni Beaulieu | Agenda AED<\/title>\n<meta name=\"description\" content=\"D\u00e9couvrez les \u00e9v\u00e9nements alumni du Gymnase de Beaulieu \u00e0 Lausanne : conf\u00e9rences, assembl\u00e9e g\u00e9n\u00e9rale AED et networking entre anciens \u00e9l\u00e8ves.\" \/>\n<meta name=\"robots\" content=\"index, follow, max-snippet:-1, max-image-preview:large, max-video-preview:-1\" \/>\n<link rel=\"canonical\" href=\"https:\/\/alumni-beaulieu.ch\/fr\/evenements-alumni\/\" \/>\n<meta property=\"og:locale\" content=\"fr_FR\" \/>\n<meta property=\"og:type\" content=\"article\" \/>\n<meta property=\"og:title\" content=\"\u00c9v\u00e9nements Alumni Beaulieu | Agenda AED\" \/>\n<meta property=\"og:description\" content=\"D\u00e9couvrez les \u00e9v\u00e9nements alumni du Gymnase de Beaulieu \u00e0 Lausanne : conf\u00e9rences, assembl\u00e9e g\u00e9n\u00e9rale AED et networking entre anciens \u00e9l\u00e8ves.\" \/>\n<meta property=\"og:url\" content=\"https:\/\/alumni-beaulieu.ch\/fr\/evenements-alumni\/\" \/>\n<meta property=\"og:site_name\" content=\"AED Beaulieu\" \/>\n<meta property=\"article:modified_time\" content=\"2026-03-14T18:55:27+00:00\" \/>\n<meta name=\"twitter:card\" content=\"summary_large_image\" \/>\n<meta name=\"twitter:label1\" content=\"Dur\u00e9e de lecture estim\u00e9e\" \/>\n\t<meta name=\"twitter:data1\" content=\"2 minutes\" \/>\n<script type=\"application\/ld+json\" class=\"yoast-schema-graph\">{\"@context\":\"https:\\\/\\\/schema.org\",\"@graph\":[{\"@type\":\"WebPage\",\"@id\":\"https:\\\/\\\/alumni-beaulieu.ch\\\/evenements-alumni\\\/\",\"url\":\"https:\\\/\\\/alumni-beaulieu.ch\\\/evenements-alumni\\\/\",\"name\":\"\u00c9v\u00e9nements Alumni Beaulieu | Agenda AED\",\"isPartOf\":{\"@id\":\"https:\\\/\\\/alumni-beaulieu.ch\\\/fr\\\/#website\"},\"datePublished\":\"2024-07-11T16:48:47+00:00\",\"dateModified\":\"2026-03-14T18:55:27+00:00\",\"description\":\"D\u00e9couvrez les \u00e9v\u00e9nements alumni du Gymnase de Beaulieu \u00e0 Lausanne : conf\u00e9rences, assembl\u00e9e g\u00e9n\u00e9rale AED et networking entre anciens \u00e9l\u00e8ves.\",\"breadcrumb\":{\"@id\":\"https:\\\/\\\/alumni-beaulieu.ch\\\/evenements-alumni\\\/#breadcrumb\"},\"inLanguage\":\"fr-FR\",\"potentialAction\":[{\"@type\":\"ReadAction\",\"target\":[\"https:\\\/\\\/alumni-beaulieu.ch\\\/evenements-alumni\\\/\"]}]},{\"@type\":\"BreadcrumbList\",\"@id\":\"https:\\\/\\\/alumni-beaulieu.ch\\\/evenements-alumni\\\/#breadcrumb\",\"itemListElement\":[{\"@type\":\"ListItem\",\"position\":1,\"name\":\"Home\",\"item\":\"https:\\\/\\\/alumni-beaulieu.ch\\\/\"},{\"@type\":\"ListItem\",\"position\":2,\"name\":\"Ev\u00e9nements\"}]},{\"@type\":\"WebSite\",\"@id\":\"https:\\\/\\\/alumni-beaulieu.ch\\\/fr\\\/#website\",\"url\":\"https:\\\/\\\/alumni-beaulieu.ch\\\/fr\\\/\",\"name\":\"AED Beaulieu\",\"description\":\"Pilier de la vie associative vaudoise.\",\"potentialAction\":[{\"@type\":\"SearchAction\",\"target\":{\"@type\":\"EntryPoint\",\"urlTemplate\":\"https:\\\/\\\/alumni-beaulieu.ch\\\/fr\\\/?s={search_term_string}\"},\"query-input\":{\"@type\":\"PropertyValueSpecification\",\"valueRequired\":true,\"valueName\":\"search_term_string\"}}],\"inLanguage\":\"fr-FR\"}]}<\/script>\n<!-- \/ Yoast SEO plugin. -->","yoast_head_json":{"title":"\u00c9v\u00e9nements Alumni Beaulieu | Agenda AED","description":"D\u00e9couvrez les \u00e9v\u00e9nements alumni du Gymnase de Beaulieu \u00e0 Lausanne : conf\u00e9rences, assembl\u00e9e g\u00e9n\u00e9rale AED et networking entre anciens \u00e9l\u00e8ves.","robots":{"index":"index","follow":"follow","max-snippet":"max-snippet:-1","max-image-preview":"max-image-preview:large","max-video-preview":"max-video-preview:-1"},"canonical":"https:\/\/alumni-beaulieu.ch\/fr\/evenements-alumni\/","og_locale":"fr_FR","og_type":"article","og_title":"\u00c9v\u00e9nements Alumni Beaulieu | Agenda AED","og_description":"D\u00e9couvrez les \u00e9v\u00e9nements alumni du Gymnase de Beaulieu \u00e0 Lausanne : conf\u00e9rences, assembl\u00e9e g\u00e9n\u00e9rale AED et networking entre anciens \u00e9l\u00e8ves.","og_url":"https:\/\/alumni-beaulieu.ch\/fr\/evenements-alumni\/","og_site_name":"AED Beaulieu","article_modified_time":"2026-03-14T18:55:27+00:00","twitter_card":"summary_large_image","twitter_misc":{"Dur\u00e9e de lecture estim\u00e9e":"2 minutes"},"schema":{"@context":"https:\/\/schema.org","@graph":[{"@type":"WebPage","@id":"https:\/\/alumni-beaulieu.ch\/evenements-alumni\/","url":"https:\/\/alumni-beaulieu.ch\/evenements-alumni\/","name":"\u00c9v\u00e9nements Alumni Beaulieu | Agenda AED","isPartOf":{"@id":"https:\/\/alumni-beaulieu.ch\/fr\/#website"},"datePublished":"2024-07-11T16:48:47+00:00","dateModified":"2026-03-14T18:55:27+00:00","description":"D\u00e9couvrez les \u00e9v\u00e9nements alumni du Gymnase de Beaulieu \u00e0 Lausanne : conf\u00e9rences, assembl\u00e9e g\u00e9n\u00e9rale AED et networking entre anciens \u00e9l\u00e8ves.","breadcrumb":{"@id":"https:\/\/alumni-beaulieu.ch\/evenements-alumni\/#breadcrumb"},"inLanguage":"fr-FR","potentialAction":[{"@type":"ReadAction","target":["https:\/\/alumni-beaulieu.ch\/evenements-alumni\/"]}]},{"@type":"BreadcrumbList","@id":"https:\/\/alumni-beaulieu.ch\/evenements-alumni\/#breadcrumb","itemListElement":[{"@type":"ListItem","position":1,"name":"Home","item":"https:\/\/alumni-beaulieu.ch\/"},{"@type":"ListItem","position":2,"name":"Ev\u00e9nements"}]},{"@type":"WebSite","@id":"https:\/\/alumni-beaulieu.ch\/fr\/#website","url":"https:\/\/alumni-beaulieu.ch\/fr\/","name":"AED Beaulieu","description":"Pilier de la vie associative vaudoise.","potentialAction":[{"@type":"SearchAction","target":{"@type":"EntryPoint","urlTemplate":"https:\/\/alumni-beaulieu.ch\/fr\/?s={search_term_string}"},"query-input":{"@type":"PropertyValueSpecification","valueRequired":true,"valueName":"search_term_string"}}],"inLanguage":"fr-FR"}]}},"_links":{"self":[{"href":"https:\/\/alumni-beaulieu.ch\/fr\/wp-json\/wp\/v2\/pages\/354","targetHints":{"allow":["GET"]}}],"collection":[{"href":"https:\/\/alumni-beaulieu.ch\/fr\/wp-json\/wp\/v2\/pages"}],"about":[{"href":"https:\/\/alumni-beaulieu.ch\/fr\/wp-json\/wp\/v2\/types\/page"}],"author":[{"embeddable":true,"href":"https:\/\/alumni-beaulieu.ch\/fr\/wp-json\/wp\/v2\/users\/21"}],"replies":[{"embeddable":true,"href":"https:\/\/alumni-beaulieu.ch\/fr\/wp-json\/wp\/v2\/comments?post=354"}],"version-history":[{"count":34,"href":"https:\/\/alumni-beaulieu.ch\/fr\/wp-json\/wp\/v2\/pages\/354\/revisions"}],"predecessor-version":[{"id":2695,"href":"https:\/\/alumni-beaulieu.ch\/fr\/wp-json\/wp\/v2\/pages\/354\/revisions\/2695"}],"wp:attachment":[{"href":"https:\/\/alumni-beaulieu.ch\/fr\/wp-json\/wp\/v2\/media?parent=354"}],"curies":[{"name":"wp","href":"https:\/\/api.w.org\/{rel}","templated":true}]}}