{"id":581,"date":"2024-08-26T10:34:07","date_gmt":"2024-08-26T10:34:07","guid":{"rendered":"http:\/\/13.38.75.117\/?page_id=581"},"modified":"2026-03-14T07:38:07","modified_gmt":"2026-03-14T06:38:07","slug":"contact","status":"publish","type":"page","link":"https:\/\/alumni-beaulieu.ch\/en\/contact\/","title":{"rendered":"Contact"},"content":{"rendered":"<h6 class=\"has-text-align-center wp-block-heading\">Contactez-nous<\/h6>\n\n<h6 class=\"has-text-align-center wp-block-heading\">Contact<\/h6>\n\n<h3 class=\"has-text-align-center wp-block-heading\">Nous sommes \u00e0 votre \u00e9coute<\/h3>\n\nUtilisez notre formulaire officiel ci-dessous et laissez nous un message sur les th\u00e9matiques suivantes: membres, ambassadice-eurs, partenariats ou autre.\n\nAppelez-nous\n\n+41 21 218 41 03\n\n<figure class=\"wp-block-image size-large\"><img decoding=\"async\" src=\"https:\/\/alumni-beaulieu.ch\/wp-content\/uploads\/2024\/07\/phoneicon.svg\" alt class=\"wp-image-587\"><\/figure>\n\n<figure class=\"wp-block-image size-large\"><img decoding=\"async\" src=\"https:\/\/alumni-beaulieu.ch\/wp-content\/uploads\/2024\/07\/mailicon.svg\" alt class=\"wp-image-589\"><\/figure>\n\nCourriel\n\nalumni.beaulieu(at)gmail.com\n\n<figure class=\"wp-block-image size-large\"><img decoding=\"async\" src=\"https:\/\/alumni-beaulieu.ch\/wp-content\/uploads\/2024\/07\/locicon.svg\" alt class=\"wp-image-588\" width=\"48\"><\/figure>\n\nAdresse officielle\n\nA l\u2019att. de l\u2019AED, CP 356, 1000 Lausanne 22\n\n<figure class=\"wp-block-image size-large\"><a ><img decoding=\"async\" src=\"https:\/\/alumni-beaulieu.ch\/wp-content\/uploads\/2024\/09\/linkedin1.svg\" alt class=\"wp-image-1372\"><\/a><\/figure>\n\nSuivez-nous sur nos r\u00e9seaux\n\n<figure class=\"wp-block-image size-large\"><a ><img decoding=\"async\" src=\"https:\/\/alumni-beaulieu.ch\/wp-content\/uploads\/2024\/09\/FB2.svg\" alt class=\"wp-image-1371\"><\/a><\/figure>\n\n<style id=\"wpforms-css-vars-1963\">\n\t\t\t\t#wpforms-1963 {\n\t\t\t\t--wpforms-container-padding: 0px;\n--wpforms-container-border-width: 1px;\n--wpforms-container-border-radius: 3px;\n--wpforms-background-color: rgba(0, 0, 0, 0);\n--wpforms-field-size-input-height: 43px;\n--wpforms-field-size-input-spacing: 15px;\n--wpforms-field-size-font-size: 16px;\n--wpforms-field-size-line-height: 19px;\n--wpforms-field-size-padding-h: 14px;\n--wpforms-field-size-checkbox-size: 16px;\n--wpforms-field-size-sublabel-spacing: 5px;\n--wpforms-field-size-icon-size: 1;\n--wpforms-label-size-font-size: 16px;\n--wpforms-label-size-line-height: 19px;\n--wpforms-label-size-sublabel-font-size: 14px;\n--wpforms-label-size-sublabel-line-height: 17px;\n--wpforms-button-size-font-size: 17px;\n--wpforms-button-size-height: 41px;\n--wpforms-button-size-padding-h: 15px;\n--wpforms-button-size-margin-top: 10px;\n--wpforms-container-shadow-size-box-shadow: none;\n\t\t\t}\n\t\t\t<\/style><div class=\"wpforms-container wpforms-container-full wpforms-render-modern\" id=\"wpforms-1963\"><form id=\"wpforms-form-1963\" class=\"wpforms-validate wpforms-form wpforms-ajax-form\" data-formid=\"1963\" method=\"post\" enctype=\"multipart\/form-data\" action=\"\/en\/wp-json\/wp\/v2\/pages\/581\" data-token=\"15c737310a5ec47da0a66c3f3f0b4563\" data-token-time=\"1776222198\"><noscript class=\"wpforms-error-noscript\">Please enable JavaScript in your browser to complete this form.<\/noscript><div id=\"wpforms-error-noscript\" style=\"display: none;\">Please enable JavaScript in your browser to complete this form.<\/div><div class=\"wpforms-field-container\">\t\t<div id=\"wpforms-1963-field_5-container\"\n\t\t\tclass=\"wpforms-field wpforms-field-text\"\n\t\t\tdata-field-type=\"text\"\n\t\t\tdata-field-id=\"5\"\n\t\t\t>\n\t\t\t<label class=\"wpforms-field-label\" for=\"wpforms-1963-field_5\" >E-mail Text topic<\/label>\n\t\t\t<input type=\"text\" id=\"wpforms-1963-field_5\" class=\"wpforms-field-medium\" name=\"wpforms[fields][5]\" >\n\t\t<\/div>\n\t\t<div id=\"wpforms-1963-field_1-container\" class=\"wpforms-field wpforms-field-text\" data-field-id=\"1\"><label class=\"wpforms-field-label wpforms-label-hide\" for=\"wpforms-1963-field_1\" aria-hidden=\"false\">Single Line Text<\/label><input type=\"text\" id=\"wpforms-1963-field_1\" class=\"wpforms-field-large\" name=\"wpforms[fields][1]\" placeholder=\"Nom et Pr\u00e9nom\" aria-errormessage=\"wpforms-1963-field_1-error\" ><\/div><div id=\"wpforms-1963-field_2-container\" class=\"wpforms-field wpforms-field-email\" data-field-id=\"2\"><label class=\"wpforms-field-label wpforms-label-hide\" for=\"wpforms-1963-field_2\" aria-hidden=\"false\">E-mail <span class=\"wpforms-required-label\" aria-hidden=\"true\">*<\/span><\/label><input type=\"email\" id=\"wpforms-1963-field_2\" class=\"wpforms-field-large wpforms-field-required\" name=\"wpforms[fields][2]\" placeholder=\"E-mail\" spellcheck=\"false\" aria-errormessage=\"wpforms-1963-field_2-error\" required><\/div><div id=\"wpforms-1963-field_3-container\" class=\"wpforms-field wpforms-field-select wpforms-field-select-style-classic\" data-field-id=\"3\"><label class=\"wpforms-field-label wpforms-label-hide\" for=\"wpforms-1963-field_3\" aria-hidden=\"false\">Select topic<\/label><select id=\"wpforms-1963-field_3\" class=\"wpforms-field-large\" name=\"wpforms[fields][3]\"><option value=\"\" class=\"placeholder\" disabled  selected='selected'>S\u00e9lectionnez un sujet<\/option><option value=\"Adh\u00e9sion\/Membre\"  class=\"choice-2 depth-1\"  >Adh\u00e9sion\/Membre<\/option><option value=\"Partenariat\"  class=\"choice-1 depth-1\"  >Partenariat<\/option><option value=\"Ambassadeur\"  class=\"choice-3 depth-1\"  >Ambassadeur<\/option><option value=\"Autre\"  class=\"choice-5 depth-1\"  >Autre<\/option><\/select><\/div><div id=\"wpforms-1963-field_4-container\" class=\"wpforms-field wpforms-field-textarea\" data-field-id=\"4\"><label class=\"wpforms-field-label wpforms-label-hide\" for=\"wpforms-1963-field_4\" aria-hidden=\"false\">Paragraph Text<\/label><textarea id=\"wpforms-1963-field_4\" class=\"wpforms-field-medium\" name=\"wpforms[fields][4]\" placeholder=\"Que aimeriez-vous partager avec nous?\" aria-errormessage=\"wpforms-1963-field_4-error\" ><\/textarea><\/div><script>\n\t\t\t\t( function() {\n\t\t\t\t\tconst style = document.createElement( 'style' );\n\t\t\t\t\tstyle.appendChild( document.createTextNode( '#wpforms-1963-field_5-container { position: absolute !important; overflow: hidden !important; display: inline !important; height: 1px !important; width: 1px !important; z-index: -1000 !important; padding: 0 !important; } #wpforms-1963-field_5-container input { visibility: hidden; } #wpforms-conversational-form-page #wpforms-1963-field_5-container label { counter-increment: none; }' ) );\n\t\t\t\t\tdocument.head.appendChild( style );\n\t\t\t\t\tdocument.currentScript?.remove();\n\t\t\t\t} )();\n\t\t\t<\/script><\/div><!-- .wpforms-field-container --><div class=\"wpforms-recaptcha-container wpforms-is-recaptcha wpforms-is-recaptcha-type-v2\" ><div class=\"g-recaptcha\" data-sitekey=\"6LetRnAsAAAAANAvLvEqWTFK84FfjSa4_atxkdVm\"><\/div><input type=\"text\" name=\"g-recaptcha-hidden\" class=\"wpforms-recaptcha-hidden\" style=\"position:absolute!important;clip:rect(0,0,0,0)!important;height:1px!important;width:1px!important;border:0!important;overflow:hidden!important;padding:0!important;margin:0!important;\" data-rule-recaptcha=\"1\"><\/div><div class=\"wpforms-submit-container\" ><input type=\"hidden\" name=\"wpforms[id]\" value=\"1963\"><input type=\"hidden\" name=\"page_title\" value=\"\"><input type=\"hidden\" name=\"page_url\" value=\"https:\/\/alumni-beaulieu.ch\/en\/wp-json\/wp\/v2\/pages\/581\"><input type=\"hidden\" name=\"url_referer\" value=\"\">\t\t<div id=\"cf-turnstile-wpf-2904990688\"\r\n\t\tclass=\"cf-turnstile\" \t\tdata-sitekey=\"0x4AAAAAACWZmSvRf7Qec_RQ\"\r\n\t\tdata-theme=\"light\"\r\n\t\tdata-language=\"auto\"\r\n\t\tdata-size=\"normal\"\r\n\t\tdata-retry=\"auto\" data-retry-interval=\"1000\"\r\n\t\tdata-refresh-expired=\"auto\"\r\n\t\tdata-refresh-timeout=\"auto\"\r\n\t\tdata-action=\"wpforms-1963\"\r\n\t\tdata-callback=\"turnstileWPFCallback\"\r\n\t\t\t\tdata-appearance=\"always\"><\/div>\r\n\t\t\t<script>document.addEventListener(\"DOMContentLoaded\", function() { setTimeout(function(){ var e=document.getElementById(\"cf-turnstile-wpf-2904990688\"); if(e&&!e.innerHTML.trim()){turnstile.render(e, {sitekey:\"0x4AAAAAACWZmSvRf7Qec_RQ\"});} }, 200); });<\/script>\r\n\t\t\t<br class=\"cf-turnstile-br cf-turnstile-br-wpf-2904990688\">\r\n\t\t\t\t<style>#cf-turnstile-wpf-2904990688 { margin-left: -15px; }<\/style>\r\n\t\t<button type=\"submit\" name=\"wpforms[submit]\" id=\"wpforms-submit-1963\" class=\"wpforms-submit\" data-alt-text=\"Sending...\" data-submit-text=\"Soumettre\" aria-live=\"assertive\" value=\"wpforms-submit\">Soumettre<\/button><img decoding=\"async\" src=\"https:\/\/alumni-beaulieu.ch\/wp-content\/plugins\/wpforms-lite\/assets\/images\/submit-spin.svg\" class=\"wpforms-submit-spinner\" style=\"display: none;\" width=\"26\" height=\"26\" alt=\"Loading\"><\/div><\/form><\/div>  <!-- .wpforms-container -->\n","protected":false},"excerpt":{"rendered":"<p>Contactez-nous Contact Nous sommes \u00e0 votre \u00e9coute Utilisez notre formulaire officiel ci-dessous et laissez nous un message sur les th\u00e9matiques suivantes: membres, ambassadice-eurs, partenariats ou autre. Appelez-nous +41 21 218 41 03 Courriel alumni.beaulieu(at)gmail.com Adresse officielle A l\u2019att. de l\u2019AED, CP 356, 1000 Lausanne 22 Suivez-nous sur nos r\u00e9seaux<\/p>","protected":false},"author":21,"featured_media":0,"parent":0,"menu_order":0,"comment_status":"closed","ping_status":"closed","template":"","meta":{"inline_featured_image":false,"footnotes":""},"class_list":["post-581","page","type-page","status-publish","hentry"],"yoast_head":"<!-- This site is optimized with the Yoast SEO plugin v27.3 - https:\/\/yoast.com\/product\/yoast-seo-wordpress\/ -->\n<title>Contact - AED Beaulieu<\/title>\n<meta name=\"robots\" content=\"index, follow, max-snippet:-1, max-image-preview:large, max-video-preview:-1\" \/>\n<link rel=\"canonical\" href=\"https:\/\/alumni-beaulieu.ch\/en\/contact\/\" \/>\n<meta property=\"og:locale\" content=\"en_US\" \/>\n<meta property=\"og:type\" content=\"article\" \/>\n<meta property=\"og:title\" content=\"Contact - AED Beaulieu\" \/>\n<meta property=\"og:description\" content=\"Contactez-nous Contact Nous sommes \u00e0 votre \u00e9coute Utilisez notre formulaire officiel ci-dessous et laissez nous un message sur les th\u00e9matiques suivantes: membres, ambassadice-eurs, partenariats ou autre. Appelez-nous +41 21 218 41 03 Courriel alumni.beaulieu(at)gmail.com Adresse officielle A l\u2019att. de l\u2019AED, CP 356, 1000 Lausanne 22 Suivez-nous sur nos r\u00e9seaux\" \/>\n<meta property=\"og:url\" content=\"https:\/\/alumni-beaulieu.ch\/en\/contact\/\" \/>\n<meta property=\"og:site_name\" content=\"AED Beaulieu\" \/>\n<meta property=\"article:modified_time\" content=\"2026-03-14T06:38:07+00:00\" \/>\n<meta name=\"twitter:card\" content=\"summary_large_image\" \/>\n<meta name=\"twitter:label1\" content=\"Est. reading time\" \/>\n\t<meta name=\"twitter:data1\" content=\"1 minute\" \/>\n<script type=\"application\/ld+json\" class=\"yoast-schema-graph\">{\"@context\":\"https:\\\/\\\/schema.org\",\"@graph\":[{\"@type\":\"WebPage\",\"@id\":\"https:\\\/\\\/alumni-beaulieu.ch\\\/contact\\\/\",\"url\":\"https:\\\/\\\/alumni-beaulieu.ch\\\/contact\\\/\",\"name\":\"Contact - AED Beaulieu\",\"isPartOf\":{\"@id\":\"https:\\\/\\\/alumni-beaulieu.ch\\\/fr\\\/#website\"},\"primaryImageOfPage\":{\"@id\":\"https:\\\/\\\/alumni-beaulieu.ch\\\/contact\\\/#primaryimage\"},\"image\":{\"@id\":\"https:\\\/\\\/alumni-beaulieu.ch\\\/contact\\\/#primaryimage\"},\"thumbnailUrl\":\"https:\\\/\\\/alumni-beaulieu.ch\\\/wp-content\\\/uploads\\\/2024\\\/07\\\/phoneicon.svg\",\"datePublished\":\"2024-08-26T10:34:07+00:00\",\"dateModified\":\"2026-03-14T06:38:07+00:00\",\"breadcrumb\":{\"@id\":\"https:\\\/\\\/alumni-beaulieu.ch\\\/contact\\\/#breadcrumb\"},\"inLanguage\":\"en-US\",\"potentialAction\":[{\"@type\":\"ReadAction\",\"target\":[\"https:\\\/\\\/alumni-beaulieu.ch\\\/contact\\\/\"]}]},{\"@type\":\"ImageObject\",\"inLanguage\":\"en-US\",\"@id\":\"https:\\\/\\\/alumni-beaulieu.ch\\\/contact\\\/#primaryimage\",\"url\":\"https:\\\/\\\/alumni-beaulieu.ch\\\/wp-content\\\/uploads\\\/2024\\\/07\\\/phoneicon.svg\",\"contentUrl\":\"https:\\\/\\\/alumni-beaulieu.ch\\\/wp-content\\\/uploads\\\/2024\\\/07\\\/phoneicon.svg\"},{\"@type\":\"BreadcrumbList\",\"@id\":\"https:\\\/\\\/alumni-beaulieu.ch\\\/contact\\\/#breadcrumb\",\"itemListElement\":[{\"@type\":\"ListItem\",\"position\":1,\"name\":\"Home\",\"item\":\"https:\\\/\\\/alumni-beaulieu.ch\\\/\"},{\"@type\":\"ListItem\",\"position\":2,\"name\":\"Contact\"}]},{\"@type\":\"WebSite\",\"@id\":\"https:\\\/\\\/alumni-beaulieu.ch\\\/fr\\\/#website\",\"url\":\"https:\\\/\\\/alumni-beaulieu.ch\\\/fr\\\/\",\"name\":\"AED Beaulieu\",\"description\":\"Pilier de la vie associative vaudoise.\",\"potentialAction\":[{\"@type\":\"SearchAction\",\"target\":{\"@type\":\"EntryPoint\",\"urlTemplate\":\"https:\\\/\\\/alumni-beaulieu.ch\\\/fr\\\/?s={search_term_string}\"},\"query-input\":{\"@type\":\"PropertyValueSpecification\",\"valueRequired\":true,\"valueName\":\"search_term_string\"}}],\"inLanguage\":\"en-US\"}]}<\/script>\n<!-- \/ Yoast SEO plugin. -->","yoast_head_json":{"title":"Contact - AED Beaulieu","robots":{"index":"index","follow":"follow","max-snippet":"max-snippet:-1","max-image-preview":"max-image-preview:large","max-video-preview":"max-video-preview:-1"},"canonical":"https:\/\/alumni-beaulieu.ch\/en\/contact\/","og_locale":"en_US","og_type":"article","og_title":"Contact - AED Beaulieu","og_description":"Contactez-nous Contact Nous sommes \u00e0 votre \u00e9coute Utilisez notre formulaire officiel ci-dessous et laissez nous un message sur les th\u00e9matiques suivantes: membres, ambassadice-eurs, partenariats ou autre. Appelez-nous +41 21 218 41 03 Courriel alumni.beaulieu(at)gmail.com Adresse officielle A l\u2019att. de l\u2019AED, CP 356, 1000 Lausanne 22 Suivez-nous sur nos r\u00e9seaux","og_url":"https:\/\/alumni-beaulieu.ch\/en\/contact\/","og_site_name":"AED Beaulieu","article_modified_time":"2026-03-14T06:38:07+00:00","twitter_card":"summary_large_image","twitter_misc":{"Est. reading time":"1 minute"},"schema":{"@context":"https:\/\/schema.org","@graph":[{"@type":"WebPage","@id":"https:\/\/alumni-beaulieu.ch\/contact\/","url":"https:\/\/alumni-beaulieu.ch\/contact\/","name":"Contact - AED Beaulieu","isPartOf":{"@id":"https:\/\/alumni-beaulieu.ch\/fr\/#website"},"primaryImageOfPage":{"@id":"https:\/\/alumni-beaulieu.ch\/contact\/#primaryimage"},"image":{"@id":"https:\/\/alumni-beaulieu.ch\/contact\/#primaryimage"},"thumbnailUrl":"https:\/\/alumni-beaulieu.ch\/wp-content\/uploads\/2024\/07\/phoneicon.svg","datePublished":"2024-08-26T10:34:07+00:00","dateModified":"2026-03-14T06:38:07+00:00","breadcrumb":{"@id":"https:\/\/alumni-beaulieu.ch\/contact\/#breadcrumb"},"inLanguage":"en-US","potentialAction":[{"@type":"ReadAction","target":["https:\/\/alumni-beaulieu.ch\/contact\/"]}]},{"@type":"ImageObject","inLanguage":"en-US","@id":"https:\/\/alumni-beaulieu.ch\/contact\/#primaryimage","url":"https:\/\/alumni-beaulieu.ch\/wp-content\/uploads\/2024\/07\/phoneicon.svg","contentUrl":"https:\/\/alumni-beaulieu.ch\/wp-content\/uploads\/2024\/07\/phoneicon.svg"},{"@type":"BreadcrumbList","@id":"https:\/\/alumni-beaulieu.ch\/contact\/#breadcrumb","itemListElement":[{"@type":"ListItem","position":1,"name":"Home","item":"https:\/\/alumni-beaulieu.ch\/"},{"@type":"ListItem","position":2,"name":"Contact"}]},{"@type":"WebSite","@id":"https:\/\/alumni-beaulieu.ch\/fr\/#website","url":"https:\/\/alumni-beaulieu.ch\/fr\/","name":"AED Beaulieu","description":"A pillar of community life in Vaud.","potentialAction":[{"@type":"SearchAction","target":{"@type":"EntryPoint","urlTemplate":"https:\/\/alumni-beaulieu.ch\/fr\/?s={search_term_string}"},"query-input":{"@type":"PropertyValueSpecification","valueRequired":true,"valueName":"search_term_string"}}],"inLanguage":"en-US"}]}},"_links":{"self":[{"href":"https:\/\/alumni-beaulieu.ch\/en\/wp-json\/wp\/v2\/pages\/581","targetHints":{"allow":["GET"]}}],"collection":[{"href":"https:\/\/alumni-beaulieu.ch\/en\/wp-json\/wp\/v2\/pages"}],"about":[{"href":"https:\/\/alumni-beaulieu.ch\/en\/wp-json\/wp\/v2\/types\/page"}],"author":[{"embeddable":true,"href":"https:\/\/alumni-beaulieu.ch\/en\/wp-json\/wp\/v2\/users\/21"}],"replies":[{"embeddable":true,"href":"https:\/\/alumni-beaulieu.ch\/en\/wp-json\/wp\/v2\/comments?post=581"}],"version-history":[{"count":11,"href":"https:\/\/alumni-beaulieu.ch\/en\/wp-json\/wp\/v2\/pages\/581\/revisions"}],"predecessor-version":[{"id":2335,"href":"https:\/\/alumni-beaulieu.ch\/en\/wp-json\/wp\/v2\/pages\/581\/revisions\/2335"}],"wp:attachment":[{"href":"https:\/\/alumni-beaulieu.ch\/en\/wp-json\/wp\/v2\/media?parent=581"}],"curies":[{"name":"wp","href":"https:\/\/api.w.org\/{rel}","templated":true}]}}