{"id":56,"date":"2024-05-06T11:13:26","date_gmt":"2024-05-06T11:13:26","guid":{"rendered":"http:\/\/13.38.75.117\/?page_id=56"},"modified":"2026-03-14T07:27:14","modified_gmt":"2026-03-14T06:27:14","slug":"home","status":"publish","type":"page","link":"https:\/\/alumni-beaulieu.ch\/en\/","title":{"rendered":"Home"},"content":{"rendered":"<h1 class=\"wp-block-heading\">Association des \u00c9l\u00e8ves Dipl\u00f4m\u00e9s du Gymnase de Beaulieu<\/h1>\n\n<div class=\"wp-block-buttons is-layout-flex wp-block-buttons-is-layout-flex\"><div class=\"wp-block-button\"><a class=\"wp-block-button__link\">Rejoindre l&rsquo;association<\/a><\/div><\/div>\n\n<h6 class=\"wp-block-heading\">\u00c0 propos de nous<\/h6>\n\n<h3 class=\"wp-block-heading\">Pourquoi notre association ?<\/h3>\n\nNotre association est l&rsquo;une des plus vieilles du Canton.\n\nPilier de la vie associative vaudoise. <br>Le r\u00e9seau officiel des ancien\u00b7nes \u00e9l\u00e8ves du Gymnase de Beaulieu \u00e0 Lausanne, <br>d\u00e9di\u00e9 au partage, au r\u00e9seautage professionnel et aux \u00e9v\u00e9nements dans le Canton de Vaud.\n\n<div class=\"wp-block-buttons is-layout-flex wp-block-buttons-is-layout-flex\"><div class=\"wp-block-button\"><a class=\"wp-block-button__link\">A propos de l&rsquo;AED<\/a><\/div><\/div>\n\nAnciennes et anciens\n\n15&rsquo;000\n\n400\n\nMembres de la communaut\u00e9 LinkedIn\n\n50\n\nLaur\u00e9ates et laur\u00e9ats du prix AED\n\n<h6 class=\"wp-block-heading\">Notre mission<\/h6>\n\n<h3 class=\"wp-block-heading\">Un r\u00e9seau alumni pour les ancien\u00b7nes \u00e9l\u00e8ves du Gymnase de Beaulieu<\/h3>\n\n<div class=\"wp-block-buttons is-layout-flex wp-block-buttons-is-layout-flex\"><div class=\"wp-block-button\"><a class=\"wp-block-button__link\">Rejoins-nous<\/a><\/div><\/div>\n\n<h6 class=\"wp-block-heading\">Devenir membre<\/h6>\n\n<h3 class=\"wp-block-heading\">Rejoignez notre communaut\u00e9<\/h3>\n\nDevenir membre de l\u2019AED Beaulieu, c\u2019est rejoindre un r\u00e9seau d\u2019ancien\u00b7nes actif\u00b7ve regroupant les \u00e9l\u00e8ves du Gymnase de Beaulieu \u00e0 Lausanne et dans le Canton de Vaud.\n\nParticiper \u00e0 des \u00e9v\u00e9nements d\u2019ancien\u00b7nes\n\nD\u00e9velopper votre r\u00e9seau professionnel\n\nSoutenir la communaut\u00e9 des dipl\u00f4m\u00e9s\n\n<div class=\"wp-block-buttons is-layout-flex wp-block-buttons-is-layout-flex\"><div class=\"wp-block-button\"><a class=\"wp-block-button__link\">Devenir membre<\/a><\/div><\/div>\n\nAcc\u00e9der \u00e0 des opportunit\u00e9s exclusives\n\n<h6 class=\"has-text-align-center wp-block-heading\">\u00c9v\u00e9nements<\/h6>\n\n<h3 class=\"wp-block-heading\">\u00c9v\u00e9nements \u00e0 venir<\/h3>\n\n<div class=\"wp-block-buttons is-layout-flex wp-block-buttons-is-layout-flex\"><div class=\"wp-block-button\"><a class=\"wp-block-button__link\">Afficher plus<\/a><\/div><\/div>\n\n<figure class=\"wp-block-image size-large\"><img decoding=\"async\" width=\"18\" height=\"18\" src=\"https:\/\/alumni-beaulieu.ch\/wp-content\/uploads\/2026\/01\/VecTick.svg\" alt class=\"wp-image-1765\"><\/figure>\n\n<figure class=\"wp-block-image size-large\"><img decoding=\"async\" width=\"18\" height=\"18\" src=\"https:\/\/alumni-beaulieu.ch\/wp-content\/uploads\/2026\/01\/VecTick.svg\" alt class=\"wp-image-1765\"><\/figure>\n\n<figure class=\"wp-block-image size-large\"><img decoding=\"async\" width=\"18\" height=\"18\" src=\"https:\/\/alumni-beaulieu.ch\/wp-content\/uploads\/2026\/01\/VecTick.svg\" alt class=\"wp-image-1765\"><\/figure>\n\n<figure class=\"wp-block-image size-large\"><img decoding=\"async\" width=\"18\" height=\"18\" src=\"https:\/\/alumni-beaulieu.ch\/wp-content\/uploads\/2026\/01\/VecTick.svg\" alt class=\"wp-image-1765\"><\/figure>\n\n<figure class=\"wp-block-image size-full\"><img fetchpriority=\"high\" decoding=\"async\" width=\"646\" height=\"730\" src=\"https:\/\/alumni-beaulieu.ch\/wp-content\/uploads\/2026\/02\/Untitled-design-e1770146489928.png\" alt class=\"wp-image-1892\" srcset=\"https:\/\/alumni-beaulieu.ch\/wp-content\/uploads\/2026\/02\/Untitled-design-e1770146489928.png 646w, https:\/\/alumni-beaulieu.ch\/wp-content\/uploads\/2026\/02\/Untitled-design-e1770146489928-265x300.png 265w, https:\/\/alumni-beaulieu.ch\/wp-content\/uploads\/2026\/02\/Untitled-design-e1770146489928-11x12.png 11w\" sizes=\"(max-width: 646px) 100vw, 646px\" \/><\/figure>\n\nAmbassadeurs\n\nConnectez-vous avec des ancien\u00b7nes \u00e9l\u00e8ves influent\u00b7es et des ambassadrices et\/ou ambassadeurs qui repr\u00e9sentent la communaut\u00e9 des dipl\u00f4m\u00e9\u00b7es du Gymnase de Beaulieu.\n\nNos ambassadeurs\n\n<figure class=\"wp-block-image size-large\"><img decoding=\"async\" src=\"https:\/\/alumni-beaulieu.ch\/wp-content\/uploads\/2024\/07\/VecArrowWhite.svg\" alt class=\"wp-image-462\"><\/figure>\n\n<figure class=\"wp-block-image size-full\"><img decoding=\"async\" width=\"1280\" height=\"1280\" src=\"https:\/\/alumni-beaulieu.ch\/wp-content\/uploads\/2026\/02\/Untitled-design-2.png\" alt class=\"wp-image-1894\" srcset=\"https:\/\/alumni-beaulieu.ch\/wp-content\/uploads\/2026\/02\/Untitled-design-2.png 1280w, https:\/\/alumni-beaulieu.ch\/wp-content\/uploads\/2026\/02\/Untitled-design-2-300x300.png 300w, https:\/\/alumni-beaulieu.ch\/wp-content\/uploads\/2026\/02\/Untitled-design-2-1024x1024.png 1024w, https:\/\/alumni-beaulieu.ch\/wp-content\/uploads\/2026\/02\/Untitled-design-2-150x150.png 150w, https:\/\/alumni-beaulieu.ch\/wp-content\/uploads\/2026\/02\/Untitled-design-2-768x768.png 768w, https:\/\/alumni-beaulieu.ch\/wp-content\/uploads\/2026\/02\/Untitled-design-2-12x12.png 12w\" sizes=\"(max-width: 1280px) 100vw, 1280px\" \/><\/figure>\n\nPartenariat\n\nL\u2019association cr\u00e9e des partenariats avec des organisations locales afin de soutenir les initiatives \u00e9ducatives et professionnelles des ancien\u00b7nes \u00e9l\u00e8ves.\n\nPartenariats actuels\n\n<figure class=\"wp-block-image size-large\"><img decoding=\"async\" src=\"https:\/\/alumni-beaulieu.ch\/wp-content\/uploads\/2024\/07\/VecArrowWhite.svg\" alt class=\"wp-image-462\"><\/figure>\n\n<figure class=\"wp-block-image size-full\"><img loading=\"lazy\" decoding=\"async\" width=\"1280\" height=\"1280\" src=\"https:\/\/alumni-beaulieu.ch\/wp-content\/uploads\/2026\/02\/Untitled-design-1.png\" alt class=\"wp-image-1893\" srcset=\"https:\/\/alumni-beaulieu.ch\/wp-content\/uploads\/2026\/02\/Untitled-design-1.png 1280w, https:\/\/alumni-beaulieu.ch\/wp-content\/uploads\/2026\/02\/Untitled-design-1-300x300.png 300w, https:\/\/alumni-beaulieu.ch\/wp-content\/uploads\/2026\/02\/Untitled-design-1-1024x1024.png 1024w, https:\/\/alumni-beaulieu.ch\/wp-content\/uploads\/2026\/02\/Untitled-design-1-150x150.png 150w, https:\/\/alumni-beaulieu.ch\/wp-content\/uploads\/2026\/02\/Untitled-design-1-768x768.png 768w, https:\/\/alumni-beaulieu.ch\/wp-content\/uploads\/2026\/02\/Untitled-design-1-12x12.png 12w\" sizes=\"(max-width: 1280px) 100vw, 1280px\" \/><\/figure>\n\nR\u00e9seautage\n\nD\u00e9veloppez votre r\u00e9seau professionnel \u00e0 Lausanne gr\u00e2ce aux rencontres, \u00e9v\u00e9nements et \u00e9changes entre ancien\u00b7nes.\n\nNos \u00e9v\u00e9nements\n\n<figure class=\"wp-block-image size-large\"><img decoding=\"async\" src=\"https:\/\/alumni-beaulieu.ch\/wp-content\/uploads\/2024\/07\/VecArrowWhite.svg\" alt class=\"wp-image-462\"><\/figure>\n\n<h6 class=\"wp-block-heading\">Nos membres<\/h6>\n\n<h3 class=\"wp-block-heading\">T\u00e9moignages<\/h3>\n\nLes membres de l\u2019Association des anciens \u00e9l\u00e8ves du Gymnase de Beaulieu partagent leurs exp\u00e9riences et l\u2019impact du r\u00e9seau d\u2019anciennes et d\u2019anciens dans leur parcours personnel et professionnel.\n\n<script>\n  if (typeof hasAmeliaEvent === 'undefined') {\n    var hasAmeliaEvent = true;\n  }\n  if (typeof hasEventApiCall === 'undefined' && ('' === '' && '' !== '1')) {\n    var hasEventApiCall = true;\n  }\n  var hasEventShortcode = (typeof hasEventShortcode === 'undefined') ? false : true;\n  var ameliaShortcodeData = (typeof ameliaShortcodeData === 'undefined') ? [] : ameliaShortcodeData;\n  ameliaShortcodeData.push(\n    {\n      'hasApiCall': (typeof hasEventApiCall !== 'undefined') && hasEventApiCall,\n      'trigger': '',\n      'trigger_type': '',\n      'triggered_form': 'elf',\n      'in_dialog': '',\n      'counter': '1000',\n      'employee': '',\n      'eventId': '',\n      'eventRecurring': 0,\n      'eventTag': \"\",\n      'locationId': \"\",\n      'range': \"\"\n    }\n  );\n  var ameliaShortcodeDataTriggered = (typeof ameliaShortcodeDataTriggered === 'undefined') ? [] : ameliaShortcodeDataTriggered;\n  if (ameliaShortcodeData[ameliaShortcodeData.length - 1].trigger !== '') {\n    if (ameliaShortcodeDataTriggered.filter(a => a.counter === ameliaShortcodeData[ameliaShortcodeData.length - 1].counter).length === 0) {\n      ameliaShortcodeDataTriggered.push(ameliaShortcodeData.pop());\n    } else {\n      ameliaShortcodeData.pop()\n    }\n  }\n  if (typeof hasEventApiCall !== 'undefined' && hasEventApiCall) {\n    hasEventApiCall = false;\n  }\n<\/script>\n\n<div\n  id=\"amelia-v2-booking-1000\"\n  class=\"amelia-v2-booking\"\n>\n    <events-list-form-wrapper><\/div>\n\n\n\nL\u2019Association des \u00c9l\u00e8ves Dipl\u00f4m\u00e9s du Gymnase de Beaulieu (AED) rassemble les ancien\u00b7nes \u00e9l\u00e8ves autour d\u2019une communaut\u00e9 dynamique \u00e0 Lausanne. Notre mission est de renforcer les liens entre dipl\u00f4m\u00e9\u00b7es, encourager le r\u00e9seautage professionnel et organiser des \u00e9v\u00e9nements d\u2019anciennes et d\u2019anciens dans le Canton de Vaud et en Suisse.\n\n<figure class=\"wp-block-image size-full\"><img loading=\"lazy\" decoding=\"async\" width=\"1280\" height=\"670\" src=\"https:\/\/alumni-beaulieu.ch\/wp-content\/uploads\/2026\/03\/reseau-alumni-gymnase-beaulieu-anciens-eleves.webp\" alt class=\"wp-image-2582\" srcset=\"https:\/\/alumni-beaulieu.ch\/wp-content\/uploads\/2026\/03\/reseau-alumni-gymnase-beaulieu-anciens-eleves.webp 1280w, https:\/\/alumni-beaulieu.ch\/wp-content\/uploads\/2026\/03\/reseau-alumni-gymnase-beaulieu-anciens-eleves-300x157.webp 300w, https:\/\/alumni-beaulieu.ch\/wp-content\/uploads\/2026\/03\/reseau-alumni-gymnase-beaulieu-anciens-eleves-1024x536.webp 1024w, https:\/\/alumni-beaulieu.ch\/wp-content\/uploads\/2026\/03\/reseau-alumni-gymnase-beaulieu-anciens-eleves-768x402.webp 768w, https:\/\/alumni-beaulieu.ch\/wp-content\/uploads\/2026\/03\/reseau-alumni-gymnase-beaulieu-anciens-eleves-18x9.webp 18w\" sizes=\"(max-width: 1280px) 100vw, 1280px\" \/><\/figure>\n\n<div class=\"wp-block-image\"><figure class=\"size-large aligncenter\"><img loading=\"lazy\" decoding=\"async\" width=\"1024\" height=\"971\" src=\"https:\/\/alumni-beaulieu.ch\/wp-content\/uploads\/2026\/03\/temoignage-alumni-gymnase-beaulieu-lausanne-1024x971.webp\" alt class=\"wp-image-2586\" srcset=\"https:\/\/alumni-beaulieu.ch\/wp-content\/uploads\/2026\/03\/temoignage-alumni-gymnase-beaulieu-lausanne-1024x971.webp 1024w, https:\/\/alumni-beaulieu.ch\/wp-content\/uploads\/2026\/03\/temoignage-alumni-gymnase-beaulieu-lausanne-300x284.webp 300w, https:\/\/alumni-beaulieu.ch\/wp-content\/uploads\/2026\/03\/temoignage-alumni-gymnase-beaulieu-lausanne-768x728.webp 768w, https:\/\/alumni-beaulieu.ch\/wp-content\/uploads\/2026\/03\/temoignage-alumni-gymnase-beaulieu-lausanne-13x12.webp 13w, https:\/\/alumni-beaulieu.ch\/wp-content\/uploads\/2026\/03\/temoignage-alumni-gymnase-beaulieu-lausanne.webp 1175w\" sizes=\"(max-width: 1024px) 100vw, 1024px\" \/><\/figure><\/div>\n\n<div style=\"line-height: 1.1;\">\n  <strong>J.-F. Dubuis<\/strong><br>\n  <span style=\"font-size: 0.8em; color: #555;\">Membre d&rsquo;honneur<\/span>\n<\/div>\n\n<figure class=\"wp-block-image size-large\"><img loading=\"lazy\" decoding=\"async\" width=\"530\" height=\"1024\" src=\"https:\/\/alumni-beaulieu.ch\/wp-content\/uploads\/2026\/02\/Artboard-2-copy-5-530x1024.png\" alt class=\"wp-image-1914\" srcset=\"https:\/\/alumni-beaulieu.ch\/wp-content\/uploads\/2026\/02\/Artboard-2-copy-5-530x1024.png 530w, https:\/\/alumni-beaulieu.ch\/wp-content\/uploads\/2026\/02\/Artboard-2-copy-5-155x300.png 155w, https:\/\/alumni-beaulieu.ch\/wp-content\/uploads\/2026\/02\/Artboard-2-copy-5-6x12.png 6w, https:\/\/alumni-beaulieu.ch\/wp-content\/uploads\/2026\/02\/Artboard-2-copy-5.png 559w\" sizes=\"(max-width: 530px) 100vw, 530px\" \/><\/figure>\n\n<p><span style=\"font-weight: 400;\">L\u2019AED Beaulieu d\u00e9veloppe un pilier de la vie associative vaudoise permettant aux dipl\u00f4m\u00e9<\/span><span style=\"font-weight: 400;\">\u00b7<\/span><span style=\"font-weight: 400;\">es de rester connect\u00e9\u00b7es, partager leurs exp\u00e9riences et soutenir la nouvelle g\u00e9n\u00e9ration d\u2019\u00e9tudiant<\/span><span style=\"font-weight: 400;\">\u00b7<\/span><span style=\"font-weight: 400;\">es du Gymnase de Beaulieu \u00e0 Lausanne.<\/span><\/p>","protected":false},"excerpt":{"rendered":"<p>Association des \u00c9l\u00e8ves Dipl\u00f4m\u00e9s du Gymnase de Beaulieu \u00c0 propos de nous Pourquoi notre association ? Notre association est l&rsquo;une des plus vieilles du Canton. Pilier de la vie associative vaudoise. Le r\u00e9seau officiel des ancien\u00b7nes \u00e9l\u00e8ves du Gymnase de Beaulieu \u00e0 Lausanne, d\u00e9di\u00e9 au partage, au r\u00e9seautage professionnel et aux \u00e9v\u00e9nements dans le Canton [&hellip;]<\/p>\n","protected":false},"author":21,"featured_media":0,"parent":0,"menu_order":0,"comment_status":"closed","ping_status":"closed","template":"","meta":{"inline_featured_image":false,"footnotes":""},"class_list":["post-56","page","type-page","status-publish","hentry"],"yoast_head":"<!-- This site is optimized with the Yoast SEO plugin v27.5 - https:\/\/yoast.com\/product\/yoast-seo-wordpress\/ -->\n<title>Alumni Gymnase Beaulieu | Anciens \u00e9l\u00e8ves Lausanne<\/title>\n<meta name=\"description\" content=\"Association des anciens \u00e9l\u00e8ves du Gymnase de Beaulieu \u00e0 Lausanne. Rejoignez notre r\u00e9seau alumni avec \u00e9v\u00e9nements et r\u00e9seautage professionnel.\" \/>\n<meta name=\"robots\" content=\"index, follow, max-snippet:-1, max-image-preview:large, max-video-preview:-1\" \/>\n<link rel=\"canonical\" href=\"https:\/\/alumni-beaulieu.ch\/en\/\" \/>\n<meta property=\"og:locale\" content=\"en_US\" \/>\n<meta property=\"og:type\" content=\"article\" \/>\n<meta property=\"og:title\" content=\"Alumni Gymnase Beaulieu | Anciens \u00e9l\u00e8ves Lausanne\" \/>\n<meta property=\"og:description\" content=\"Association des anciens \u00e9l\u00e8ves du Gymnase de Beaulieu \u00e0 Lausanne. Rejoignez notre r\u00e9seau alumni avec \u00e9v\u00e9nements et r\u00e9seautage professionnel.\" \/>\n<meta property=\"og:url\" content=\"https:\/\/alumni-beaulieu.ch\/en\/\" \/>\n<meta property=\"og:site_name\" content=\"AED Beaulieu\" \/>\n<meta property=\"article:modified_time\" content=\"2026-03-14T06:27:14+00:00\" \/>\n<meta name=\"twitter:card\" content=\"summary_large_image\" \/>\n<meta name=\"twitter:label1\" content=\"Est. reading time\" \/>\n\t<meta name=\"twitter:data1\" content=\"4 minutes\" \/>\n<script type=\"application\/ld+json\" class=\"yoast-schema-graph\">{\"@context\":\"https:\\\/\\\/schema.org\",\"@graph\":[{\"@type\":\"WebPage\",\"@id\":\"https:\\\/\\\/alumni-beaulieu.ch\\\/\",\"url\":\"https:\\\/\\\/alumni-beaulieu.ch\\\/\",\"name\":\"Alumni Gymnase Beaulieu | Anciens \u00e9l\u00e8ves Lausanne\",\"isPartOf\":{\"@id\":\"https:\\\/\\\/alumni-beaulieu.ch\\\/fr\\\/#website\"},\"primaryImageOfPage\":{\"@id\":\"https:\\\/\\\/alumni-beaulieu.ch\\\/#primaryimage\"},\"image\":{\"@id\":\"https:\\\/\\\/alumni-beaulieu.ch\\\/#primaryimage\"},\"thumbnailUrl\":\"https:\\\/\\\/alumni-beaulieu.ch\\\/wp-content\\\/uploads\\\/2026\\\/01\\\/VecTick.svg\",\"datePublished\":\"2024-05-06T11:13:26+00:00\",\"dateModified\":\"2026-03-14T06:27:14+00:00\",\"description\":\"Association des anciens \u00e9l\u00e8ves du Gymnase de Beaulieu \u00e0 Lausanne. Rejoignez notre r\u00e9seau alumni avec \u00e9v\u00e9nements et r\u00e9seautage professionnel.\",\"breadcrumb\":{\"@id\":\"https:\\\/\\\/alumni-beaulieu.ch\\\/#breadcrumb\"},\"inLanguage\":\"en-US\",\"potentialAction\":[{\"@type\":\"ReadAction\",\"target\":[\"https:\\\/\\\/alumni-beaulieu.ch\\\/\"]}]},{\"@type\":\"ImageObject\",\"inLanguage\":\"en-US\",\"@id\":\"https:\\\/\\\/alumni-beaulieu.ch\\\/#primaryimage\",\"url\":\"https:\\\/\\\/alumni-beaulieu.ch\\\/wp-content\\\/uploads\\\/2026\\\/01\\\/VecTick.svg\",\"contentUrl\":\"https:\\\/\\\/alumni-beaulieu.ch\\\/wp-content\\\/uploads\\\/2026\\\/01\\\/VecTick.svg\"},{\"@type\":\"BreadcrumbList\",\"@id\":\"https:\\\/\\\/alumni-beaulieu.ch\\\/#breadcrumb\",\"itemListElement\":[{\"@type\":\"ListItem\",\"position\":1,\"name\":\"Home\",\"item\":\"https:\\\/\\\/alumni-beaulieu.ch\\\/\"},{\"@type\":\"ListItem\",\"position\":2,\"name\":\"Home\"}]},{\"@type\":\"WebSite\",\"@id\":\"https:\\\/\\\/alumni-beaulieu.ch\\\/fr\\\/#website\",\"url\":\"https:\\\/\\\/alumni-beaulieu.ch\\\/fr\\\/\",\"name\":\"AED Beaulieu\",\"description\":\"Pilier de la vie associative vaudoise.\",\"potentialAction\":[{\"@type\":\"SearchAction\",\"target\":{\"@type\":\"EntryPoint\",\"urlTemplate\":\"https:\\\/\\\/alumni-beaulieu.ch\\\/fr\\\/?s={search_term_string}\"},\"query-input\":{\"@type\":\"PropertyValueSpecification\",\"valueRequired\":true,\"valueName\":\"search_term_string\"}}],\"inLanguage\":\"en-US\"}]}<\/script>\n<!-- \/ Yoast SEO plugin. -->","yoast_head_json":{"title":"Alumni Gymnase Beaulieu | Anciens \u00e9l\u00e8ves Lausanne","description":"Association des anciens \u00e9l\u00e8ves du Gymnase de Beaulieu \u00e0 Lausanne. Rejoignez notre r\u00e9seau alumni avec \u00e9v\u00e9nements et r\u00e9seautage professionnel.","robots":{"index":"index","follow":"follow","max-snippet":"max-snippet:-1","max-image-preview":"max-image-preview:large","max-video-preview":"max-video-preview:-1"},"canonical":"https:\/\/alumni-beaulieu.ch\/en\/","og_locale":"en_US","og_type":"article","og_title":"Alumni Gymnase Beaulieu | Anciens \u00e9l\u00e8ves Lausanne","og_description":"Association des anciens \u00e9l\u00e8ves du Gymnase de Beaulieu \u00e0 Lausanne. Rejoignez notre r\u00e9seau alumni avec \u00e9v\u00e9nements et r\u00e9seautage professionnel.","og_url":"https:\/\/alumni-beaulieu.ch\/en\/","og_site_name":"AED Beaulieu","article_modified_time":"2026-03-14T06:27:14+00:00","twitter_card":"summary_large_image","twitter_misc":{"Est. reading time":"4 minutes"},"schema":{"@context":"https:\/\/schema.org","@graph":[{"@type":"WebPage","@id":"https:\/\/alumni-beaulieu.ch\/","url":"https:\/\/alumni-beaulieu.ch\/","name":"Alumni Gymnase Beaulieu | Anciens \u00e9l\u00e8ves Lausanne","isPartOf":{"@id":"https:\/\/alumni-beaulieu.ch\/fr\/#website"},"primaryImageOfPage":{"@id":"https:\/\/alumni-beaulieu.ch\/#primaryimage"},"image":{"@id":"https:\/\/alumni-beaulieu.ch\/#primaryimage"},"thumbnailUrl":"https:\/\/alumni-beaulieu.ch\/wp-content\/uploads\/2026\/01\/VecTick.svg","datePublished":"2024-05-06T11:13:26+00:00","dateModified":"2026-03-14T06:27:14+00:00","description":"Association des anciens \u00e9l\u00e8ves du Gymnase de Beaulieu \u00e0 Lausanne. Rejoignez notre r\u00e9seau alumni avec \u00e9v\u00e9nements et r\u00e9seautage professionnel.","breadcrumb":{"@id":"https:\/\/alumni-beaulieu.ch\/#breadcrumb"},"inLanguage":"en-US","potentialAction":[{"@type":"ReadAction","target":["https:\/\/alumni-beaulieu.ch\/"]}]},{"@type":"ImageObject","inLanguage":"en-US","@id":"https:\/\/alumni-beaulieu.ch\/#primaryimage","url":"https:\/\/alumni-beaulieu.ch\/wp-content\/uploads\/2026\/01\/VecTick.svg","contentUrl":"https:\/\/alumni-beaulieu.ch\/wp-content\/uploads\/2026\/01\/VecTick.svg"},{"@type":"BreadcrumbList","@id":"https:\/\/alumni-beaulieu.ch\/#breadcrumb","itemListElement":[{"@type":"ListItem","position":1,"name":"Home","item":"https:\/\/alumni-beaulieu.ch\/"},{"@type":"ListItem","position":2,"name":"Home"}]},{"@type":"WebSite","@id":"https:\/\/alumni-beaulieu.ch\/fr\/#website","url":"https:\/\/alumni-beaulieu.ch\/fr\/","name":"AED Beaulieu","description":"A pillar of community life in Vaud.","potentialAction":[{"@type":"SearchAction","target":{"@type":"EntryPoint","urlTemplate":"https:\/\/alumni-beaulieu.ch\/fr\/?s={search_term_string}"},"query-input":{"@type":"PropertyValueSpecification","valueRequired":true,"valueName":"search_term_string"}}],"inLanguage":"en-US"}]}},"_links":{"self":[{"href":"https:\/\/alumni-beaulieu.ch\/en\/wp-json\/wp\/v2\/pages\/56","targetHints":{"allow":["GET"]}}],"collection":[{"href":"https:\/\/alumni-beaulieu.ch\/en\/wp-json\/wp\/v2\/pages"}],"about":[{"href":"https:\/\/alumni-beaulieu.ch\/en\/wp-json\/wp\/v2\/types\/page"}],"author":[{"embeddable":true,"href":"https:\/\/alumni-beaulieu.ch\/en\/wp-json\/wp\/v2\/users\/21"}],"replies":[{"embeddable":true,"href":"https:\/\/alumni-beaulieu.ch\/en\/wp-json\/wp\/v2\/comments?post=56"}],"version-history":[{"count":100,"href":"https:\/\/alumni-beaulieu.ch\/en\/wp-json\/wp\/v2\/pages\/56\/revisions"}],"predecessor-version":[{"id":2655,"href":"https:\/\/alumni-beaulieu.ch\/en\/wp-json\/wp\/v2\/pages\/56\/revisions\/2655"}],"wp:attachment":[{"href":"https:\/\/alumni-beaulieu.ch\/en\/wp-json\/wp\/v2\/media?parent=56"}],"curies":[{"name":"wp","href":"https:\/\/api.w.org\/{rel}","templated":true}]}}