{"id":515,"date":"2024-08-26T07:19:21","date_gmt":"2024-08-26T07:19:21","guid":{"rendered":"http:\/\/13.38.75.117\/?page_id=515"},"modified":"2026-04-25T19:29:42","modified_gmt":"2026-04-25T17:29:42","slug":"membres","status":"publish","type":"page","link":"https:\/\/alumni-beaulieu.ch\/en\/membres\/","title":{"rendered":"Members"},"content":{"rendered":"<h6 class=\"wp-block-heading\">Membership fees and donations<\/h6>\n\n<h3 class=\"wp-block-heading\">Become a member<\/h3>\n\n<figure class=\"wp-block-image size-large\"><img decoding=\"async\" width=\"18\" height=\"18\" src=\"https:\/\/alumni-beaulieu.ch\/wp-content\/uploads\/2026\/01\/VecTick.svg\" class=\"wp-image-1765\"><\/figure>\n\nInvitation exclusive aux \u00e9v\u00e9nements d&rsquo;ancien\u00b7nes du Gymnase de Beaulieu\n\n<figure class=\"wp-block-image size-large\"><img decoding=\"async\" width=\"18\" height=\"18\" src=\"https:\/\/alumni-beaulieu.ch\/wp-content\/uploads\/2026\/01\/VecTick.svg\" class=\"wp-image-1765\"><\/figure>\n\nAccess to the platform and information of the alumni network\n\n<figure class=\"wp-block-image size-large\"><img decoding=\"async\" width=\"18\" height=\"18\" src=\"https:\/\/alumni-beaulieu.ch\/wp-content\/uploads\/2026\/01\/VecTick.svg\" class=\"wp-image-1765\"><\/figure>\n\nDevelopment of your professional network with other alumni\n\n<figure class=\"wp-block-image size-large\"><img decoding=\"async\" width=\"18\" height=\"18\" src=\"https:\/\/alumni-beaulieu.ch\/wp-content\/uploads\/2026\/01\/VecTick.svg\" class=\"wp-image-1765\"><\/figure>\n\nOpportunities to participate in the association\u2019s projects and partnerships\n\n<div class=\"wp-block-buttons is-layout-flex wp-block-buttons-is-layout-flex\"><div class=\"wp-block-button\"><a class=\"wp-block-button__link\">Annual membership fee<\/a><\/div><\/div>\n\n<figure class=\"wp-block-image size-full\"><img fetchpriority=\"high\" decoding=\"async\" width=\"1024\" height=\"810\" src=\"https:\/\/alumni-beaulieu.ch\/wp-content\/uploads\/2026\/03\/reseau-membres-alumni-aed-beaulieu.webp\" class=\"wp-image-2697\" srcset=\"https:\/\/alumni-beaulieu.ch\/wp-content\/uploads\/2026\/03\/reseau-membres-alumni-aed-beaulieu.webp 1024w, https:\/\/alumni-beaulieu.ch\/wp-content\/uploads\/2026\/03\/reseau-membres-alumni-aed-beaulieu-300x237.webp 300w, https:\/\/alumni-beaulieu.ch\/wp-content\/uploads\/2026\/03\/reseau-membres-alumni-aed-beaulieu-768x608.webp 768w, https:\/\/alumni-beaulieu.ch\/wp-content\/uploads\/2026\/03\/reseau-membres-alumni-aed-beaulieu-15x12.webp 15w\" sizes=\"(max-width: 1024px) 100vw, 1024px\" \/><\/figure>\n\n<h3 class=\"wp-block-heading\">Devenir membre de l\u2019AED Gymnase de Beaulieu<\/h3>\n\n<h6 class=\"wp-block-heading\">Programme d&rsquo;adh\u00e9sion<\/h6>\n\n<h3 class=\"wp-block-heading\">Member status<\/h3>\n\nStatus granted to paying members who have supported the association for three consecutive years.\n\n<figure class=\"wp-block-image size-full\"><img decoding=\"async\" width=\"559\" height=\"1080\" src=\"https:\/\/alumni-beaulieu.ch\/wp-content\/uploads\/2026\/02\/Artboard-2-copy-4.png\" class=\"wp-image-1911\" srcset=\"https:\/\/alumni-beaulieu.ch\/wp-content\/uploads\/2026\/02\/Artboard-2-copy-4.png 559w, https:\/\/alumni-beaulieu.ch\/wp-content\/uploads\/2026\/02\/Artboard-2-copy-4-155x300.png 155w, https:\/\/alumni-beaulieu.ch\/wp-content\/uploads\/2026\/02\/Artboard-2-copy-4-530x1024.png 530w, https:\/\/alumni-beaulieu.ch\/wp-content\/uploads\/2026\/02\/Artboard-2-copy-4-6x12.png 6w\" sizes=\"(max-width: 559px) 100vw, 559px\" \/><\/figure>\n\nSilver Member\n\n<figure class=\"wp-block-image size-large\"><img loading=\"lazy\" decoding=\"async\" width=\"530\" height=\"1024\" src=\"https:\/\/alumni-beaulieu.ch\/wp-content\/uploads\/2026\/02\/Artboard-2-copy-3-530x1024.png\" class=\"wp-image-1913\" srcset=\"https:\/\/alumni-beaulieu.ch\/wp-content\/uploads\/2026\/02\/Artboard-2-copy-3-530x1024.png 530w, https:\/\/alumni-beaulieu.ch\/wp-content\/uploads\/2026\/02\/Artboard-2-copy-3-155x300.png 155w, https:\/\/alumni-beaulieu.ch\/wp-content\/uploads\/2026\/02\/Artboard-2-copy-3-6x12.png 6w, https:\/\/alumni-beaulieu.ch\/wp-content\/uploads\/2026\/02\/Artboard-2-copy-3.png 559w\" sizes=\"(max-width: 530px) 100vw, 530px\" \/><\/figure>\n\nMembre Or\n\nAttribu\u00e9 aux membres cotisant\u00b7es de longue dur\u00e9e ayant contribu\u00e9 activement \u00e0 la vie de l\u2019association.\n\n<figure class=\"wp-block-image size-large\"><img loading=\"lazy\" decoding=\"async\" width=\"530\" height=\"1024\" src=\"https:\/\/alumni-beaulieu.ch\/wp-content\/uploads\/2026\/02\/Artboard-2-copy-5-530x1024.png\" class=\"wp-image-1914\" srcset=\"https:\/\/alumni-beaulieu.ch\/wp-content\/uploads\/2026\/02\/Artboard-2-copy-5-530x1024.png 530w, https:\/\/alumni-beaulieu.ch\/wp-content\/uploads\/2026\/02\/Artboard-2-copy-5-155x300.png 155w, https:\/\/alumni-beaulieu.ch\/wp-content\/uploads\/2026\/02\/Artboard-2-copy-5-6x12.png 6w, https:\/\/alumni-beaulieu.ch\/wp-content\/uploads\/2026\/02\/Artboard-2-copy-5.png 559w\" sizes=\"(max-width: 530px) 100vw, 530px\" \/><\/figure>\n\nMembre d&rsquo;honneur\n\nTitre attribu\u00e9 par le comit\u00e9 AED aux personnes ayant rendu des services remarquables \u00e0 l\u2019association ou au Gymnase de Beaulieu.\n\n<figure class=\"wp-block-image size-large\"><img loading=\"lazy\" decoding=\"async\" width=\"536\" height=\"1024\" src=\"https:\/\/alumni-beaulieu.ch\/wp-content\/uploads\/2026\/02\/Artboard-2-copy-6-536x1024.png\" class=\"wp-image-1915\" srcset=\"https:\/\/alumni-beaulieu.ch\/wp-content\/uploads\/2026\/02\/Artboard-2-copy-6-536x1024.png 536w, https:\/\/alumni-beaulieu.ch\/wp-content\/uploads\/2026\/02\/Artboard-2-copy-6-157x300.png 157w, https:\/\/alumni-beaulieu.ch\/wp-content\/uploads\/2026\/02\/Artboard-2-copy-6-6x12.png 6w, https:\/\/alumni-beaulieu.ch\/wp-content\/uploads\/2026\/02\/Artboard-2-copy-6.png 565w\" sizes=\"(max-width: 536px) 100vw, 536px\" \/><\/figure>\n\nMembre Ambassadeur\n\nLes ambassadeurs repr\u00e9sentent l\u2019AED Beaulieu et contribuent \u00e0 promouvoir le r\u00e9seau des anciens \u00e9l\u00e8ves \u00e0 Lausanne et en Suisse.\n\n<figure class=\"wp-block-image size-large\"><img loading=\"lazy\" decoding=\"async\" width=\"535\" height=\"1024\" src=\"https:\/\/alumni-beaulieu.ch\/wp-content\/uploads\/2026\/02\/Artboard-2-copy-7-535x1024.png\" class=\"wp-image-1916\" srcset=\"https:\/\/alumni-beaulieu.ch\/wp-content\/uploads\/2026\/02\/Artboard-2-copy-7-535x1024.png 535w, https:\/\/alumni-beaulieu.ch\/wp-content\/uploads\/2026\/02\/Artboard-2-copy-7-157x300.png 157w, https:\/\/alumni-beaulieu.ch\/wp-content\/uploads\/2026\/02\/Artboard-2-copy-7-6x12.png 6w, https:\/\/alumni-beaulieu.ch\/wp-content\/uploads\/2026\/02\/Artboard-2-copy-7.png 564w\" sizes=\"(max-width: 535px) 100vw, 535px\" \/><\/figure>\n\nMembre Laur\u00e9at\n\nLes laur\u00e9at\u00b7es du Prix AED b\u00e9n\u00e9ficient d\u2019un statut sp\u00e9cial et sont exon\u00e9r\u00e9s de cotisation jusqu\u2019\u00e0 la fin de leurs \u00e9tudes universitaires.\n\n<div class=\"wp-block-buttons is-layout-flex wp-block-buttons-is-layout-flex\"><div class=\"wp-block-button\"><a class=\"wp-block-button__link\">Informations bancaires de l&rsquo;AED<\/a><\/div><\/div>\n\n<h6 class=\"has-text-align-center wp-block-heading\">Ambassadors<\/h6>\n\n<h3 class=\"has-text-align-center wp-block-heading\">Meet our ambassadors<\/h3>\n\n<figure class=\"wp-block-embed-youtube wp-block-embed is-type-video is-provider-youtube\"><div class=\"wp-block-embed__wrapper\">https:\/\/www.youtube.com\/watch?v=PwqbaC7_DAM<\/div><\/figure>\n\n<figure class=\"wp-block-image size-large\"><img loading=\"lazy\" decoding=\"async\" width=\"536\" height=\"1024\" src=\"https:\/\/alumni-beaulieu.ch\/wp-content\/uploads\/2026\/02\/Artboard-2-copy-6-536x1024.png\" class=\"wp-image-1915\" srcset=\"https:\/\/alumni-beaulieu.ch\/wp-content\/uploads\/2026\/02\/Artboard-2-copy-6-536x1024.png 536w, https:\/\/alumni-beaulieu.ch\/wp-content\/uploads\/2026\/02\/Artboard-2-copy-6-157x300.png 157w, https:\/\/alumni-beaulieu.ch\/wp-content\/uploads\/2026\/02\/Artboard-2-copy-6-6x12.png 6w, https:\/\/alumni-beaulieu.ch\/wp-content\/uploads\/2026\/02\/Artboard-2-copy-6.png 565w\" sizes=\"(max-width: 536px) 100vw, 536px\" \/><\/figure>\n\nS. Aschwanden\n\nSPORT\n\n<figure class=\"wp-block-embed-youtube wp-block-embed is-type-video is-provider-youtube\"><div class=\"wp-block-embed__wrapper\">https:\/\/www.youtube.com\/watch?v=MBlchRXhC7w<\/div><\/figure>\n\n<figure class=\"wp-block-image size-large\"><img loading=\"lazy\" decoding=\"async\" width=\"536\" height=\"1024\" src=\"https:\/\/alumni-beaulieu.ch\/wp-content\/uploads\/2026\/02\/Artboard-2-copy-6-536x1024.png\" class=\"wp-image-1915\" srcset=\"https:\/\/alumni-beaulieu.ch\/wp-content\/uploads\/2026\/02\/Artboard-2-copy-6-536x1024.png 536w, https:\/\/alumni-beaulieu.ch\/wp-content\/uploads\/2026\/02\/Artboard-2-copy-6-157x300.png 157w, https:\/\/alumni-beaulieu.ch\/wp-content\/uploads\/2026\/02\/Artboard-2-copy-6-6x12.png 6w, https:\/\/alumni-beaulieu.ch\/wp-content\/uploads\/2026\/02\/Artboard-2-copy-6.png 565w\" sizes=\"(max-width: 536px) 100vw, 536px\" \/><\/figure>\n\nP. Meyer\n\nENTREPRENEURIAT\n\n<h3 class=\"has-text-align-center wp-block-heading\">Join the alumni network of the Gymnase de Beaulieu<\/h3>\n\n<div class=\"wp-block-buttons is-layout-flex wp-block-buttons-is-layout-flex\"><div class=\"wp-block-button\"><a class=\"wp-block-button__link\">Contact us<\/a><\/div><\/div>\n\n<div class=\"wp-block-buttons is-layout-flex wp-block-buttons-is-layout-flex\"><div class=\"wp-block-button\"><a class=\"wp-block-button__link\">Faire un don unique pour l&rsquo;AED<\/a><\/div><\/div>\n\n<p><span style=\"font-weight: 400;\">The Alumni Association of the Gymnase de Beaulieu (AED) is a non-profit organization that brings together graduates<\/span><span style=\"font-weight: 400;\">\u00b7<\/span><span style=\"font-weight: 400;\">around an alumni network<\/span><span style=\"font-weight: 400;\">\u00b7<\/span><span style=\"font-weight: 400;\">active<\/span><span style=\"font-weight: 400;\">\u00b7<\/span><span style=\"font-weight: 400;\">in Lausanne and the Canton of Vaud.<\/span><\/p>\n<p><span style=\"font-weight: 400;\">By becoming a member of AED Beaulieu, you contribute to the development of the alumni network<\/span><span style=\"font-weight: 400;\">\u00b7<\/span><span style=\"font-weight: 400;\">while benefiting from exclusive advantages and networking opportunities with other graduates<\/span><span style=\"font-weight: 400;\">\u00b7<\/span><span style=\"font-weight: 400;\">es.<\/span><\/p>\n\n<p><span style=\"font-weight: 400;\">L\u2019AED Beaulieu propose plusieurs statuts de membres afin de reconna\u00eetre l\u2019engagement des ancien<\/span><span style=\"font-weight: 400;\">\u00b7<\/span><span style=\"font-weight: 400;\">and their contribution to the development of the association and the alumni network.<\/span><span style=\"font-weight: 400;\">\u00b7<\/span><span style=\"font-weight: 400;\">nes.<\/span><\/p>\n\n<p><span style=\"font-weight: 400;\">AED Beaulieu ambassadors represent the alumni community and take part in promoting the alumni network<\/span><span style=\"font-weight: 400;\">\u00b7<\/span><span style=\"font-weight: 400;\">in Lausanne and the Canton of Vaud.<\/span><\/p>","protected":false},"excerpt":{"rendered":"<p>Cotisations et dons Devenir membre Invitation exclusive aux \u00e9v\u00e9nements d&rsquo;ancien\u00b7nes du Gymnase de Beaulieu Acc\u00e8s \u00e0 la plateforme et aux informations du r\u00e9seau d\u2019ancien\u00b7nes D\u00e9veloppement de votre r\u00e9seau professionnel avec d\u2019autres ancien\u00b7nes \u00e9l\u00e8ves Opportunit\u00e9s de participation aux projets et partenariats de l\u2019association Devenir membre de l\u2019AED Gymnase de Beaulieu Programme d&rsquo;adh\u00e9sion Statut de membre Statut [&hellip;]<\/p>\n","protected":false},"author":21,"featured_media":0,"parent":0,"menu_order":0,"comment_status":"closed","ping_status":"closed","template":"","meta":{"inline_featured_image":false,"footnotes":""},"class_list":["post-515","page","type-page","status-publish","hentry"],"yoast_head":"<!-- This site is optimized with the Yoast SEO plugin v27.5 - https:\/\/yoast.com\/product\/yoast-seo-wordpress\/ -->\n<title>Devenir Membre AED Beaulieu | Adh\u00e9sion Alumni<\/title>\n<meta name=\"description\" content=\"Rejoignez l\u2019AED Beaulieu, l\u2019association des anciens \u00e9l\u00e8ves du Gymnase de Beaulieu \u00e0 Lausanne et d\u00e9couvrez les avantages membres.\" \/>\n<meta name=\"robots\" content=\"index, follow, max-snippet:-1, max-image-preview:large, max-video-preview:-1\" \/>\n<link rel=\"canonical\" href=\"https:\/\/alumni-beaulieu.ch\/en\/membres\/\" \/>\n<meta property=\"og:locale\" content=\"en_US\" \/>\n<meta property=\"og:type\" content=\"article\" \/>\n<meta property=\"og:title\" content=\"Devenir Membre AED Beaulieu | Adh\u00e9sion Alumni\" \/>\n<meta property=\"og:description\" content=\"Rejoignez l\u2019AED Beaulieu, l\u2019association des anciens \u00e9l\u00e8ves du Gymnase de Beaulieu \u00e0 Lausanne et d\u00e9couvrez les avantages membres.\" \/>\n<meta property=\"og:url\" content=\"https:\/\/alumni-beaulieu.ch\/en\/membres\/\" \/>\n<meta property=\"og:site_name\" content=\"AED Beaulieu\" \/>\n<meta property=\"article:modified_time\" content=\"2026-04-25T17:29:42+00:00\" \/>\n<meta name=\"twitter:card\" content=\"summary_large_image\" \/>\n<meta name=\"twitter:label1\" content=\"Est. reading time\" \/>\n\t<meta name=\"twitter:data1\" content=\"5 minutes\" \/>\n<script type=\"application\/ld+json\" class=\"yoast-schema-graph\">{\"@context\":\"https:\\\/\\\/schema.org\",\"@graph\":[{\"@type\":\"WebPage\",\"@id\":\"https:\\\/\\\/alumni-beaulieu.ch\\\/fr\\\/membres\\\/\",\"url\":\"https:\\\/\\\/alumni-beaulieu.ch\\\/fr\\\/membres\\\/\",\"name\":\"Devenir Membre AED Beaulieu | Adh\u00e9sion Alumni\",\"isPartOf\":{\"@id\":\"https:\\\/\\\/alumni-beaulieu.ch\\\/fr\\\/#website\"},\"primaryImageOfPage\":{\"@id\":\"https:\\\/\\\/alumni-beaulieu.ch\\\/fr\\\/membres\\\/#primaryimage\"},\"image\":{\"@id\":\"https:\\\/\\\/alumni-beaulieu.ch\\\/fr\\\/membres\\\/#primaryimage\"},\"thumbnailUrl\":\"https:\\\/\\\/alumni-beaulieu.ch\\\/wp-content\\\/uploads\\\/2026\\\/01\\\/VecTick.svg\",\"datePublished\":\"2024-08-26T07:19:21+00:00\",\"dateModified\":\"2026-04-25T17:29:42+00:00\",\"description\":\"Rejoignez l\u2019AED Beaulieu, l\u2019association des anciens \u00e9l\u00e8ves du Gymnase de Beaulieu \u00e0 Lausanne et d\u00e9couvrez les avantages membres.\",\"breadcrumb\":{\"@id\":\"https:\\\/\\\/alumni-beaulieu.ch\\\/fr\\\/membres\\\/#breadcrumb\"},\"inLanguage\":\"en-US\",\"potentialAction\":[{\"@type\":\"ReadAction\",\"target\":[\"https:\\\/\\\/alumni-beaulieu.ch\\\/fr\\\/membres\\\/\"]}]},{\"@type\":\"ImageObject\",\"inLanguage\":\"en-US\",\"@id\":\"https:\\\/\\\/alumni-beaulieu.ch\\\/fr\\\/membres\\\/#primaryimage\",\"url\":\"https:\\\/\\\/alumni-beaulieu.ch\\\/wp-content\\\/uploads\\\/2026\\\/01\\\/VecTick.svg\",\"contentUrl\":\"https:\\\/\\\/alumni-beaulieu.ch\\\/wp-content\\\/uploads\\\/2026\\\/01\\\/VecTick.svg\"},{\"@type\":\"BreadcrumbList\",\"@id\":\"https:\\\/\\\/alumni-beaulieu.ch\\\/fr\\\/membres\\\/#breadcrumb\",\"itemListElement\":[{\"@type\":\"ListItem\",\"position\":1,\"name\":\"Home\",\"item\":\"https:\\\/\\\/alumni-beaulieu.ch\\\/\"},{\"@type\":\"ListItem\",\"position\":2,\"name\":\"Membres\"}]},{\"@type\":\"WebSite\",\"@id\":\"https:\\\/\\\/alumni-beaulieu.ch\\\/fr\\\/#website\",\"url\":\"https:\\\/\\\/alumni-beaulieu.ch\\\/fr\\\/\",\"name\":\"AED Beaulieu\",\"description\":\"Pilier de la vie associative vaudoise.\",\"potentialAction\":[{\"@type\":\"SearchAction\",\"target\":{\"@type\":\"EntryPoint\",\"urlTemplate\":\"https:\\\/\\\/alumni-beaulieu.ch\\\/fr\\\/?s={search_term_string}\"},\"query-input\":{\"@type\":\"PropertyValueSpecification\",\"valueRequired\":true,\"valueName\":\"search_term_string\"}}],\"inLanguage\":\"en-US\"}]}<\/script>\n<!-- \/ Yoast SEO plugin. -->","yoast_head_json":{"title":"Devenir Membre AED Beaulieu | Adh\u00e9sion Alumni","description":"Rejoignez l\u2019AED Beaulieu, l\u2019association des anciens \u00e9l\u00e8ves du Gymnase de Beaulieu \u00e0 Lausanne et d\u00e9couvrez les avantages membres.","robots":{"index":"index","follow":"follow","max-snippet":"max-snippet:-1","max-image-preview":"max-image-preview:large","max-video-preview":"max-video-preview:-1"},"canonical":"https:\/\/alumni-beaulieu.ch\/en\/membres\/","og_locale":"en_US","og_type":"article","og_title":"Devenir Membre AED Beaulieu | Adh\u00e9sion Alumni","og_description":"Rejoignez l\u2019AED Beaulieu, l\u2019association des anciens \u00e9l\u00e8ves du Gymnase de Beaulieu \u00e0 Lausanne et d\u00e9couvrez les avantages membres.","og_url":"https:\/\/alumni-beaulieu.ch\/en\/membres\/","og_site_name":"AED Beaulieu","article_modified_time":"2026-04-25T17:29:42+00:00","twitter_card":"summary_large_image","twitter_misc":{"Est. reading time":"5 minutes"},"schema":{"@context":"https:\/\/schema.org","@graph":[{"@type":"WebPage","@id":"https:\/\/alumni-beaulieu.ch\/fr\/membres\/","url":"https:\/\/alumni-beaulieu.ch\/fr\/membres\/","name":"Devenir Membre AED Beaulieu | Adh\u00e9sion Alumni","isPartOf":{"@id":"https:\/\/alumni-beaulieu.ch\/fr\/#website"},"primaryImageOfPage":{"@id":"https:\/\/alumni-beaulieu.ch\/fr\/membres\/#primaryimage"},"image":{"@id":"https:\/\/alumni-beaulieu.ch\/fr\/membres\/#primaryimage"},"thumbnailUrl":"https:\/\/alumni-beaulieu.ch\/wp-content\/uploads\/2026\/01\/VecTick.svg","datePublished":"2024-08-26T07:19:21+00:00","dateModified":"2026-04-25T17:29:42+00:00","description":"Rejoignez l\u2019AED Beaulieu, l\u2019association des anciens \u00e9l\u00e8ves du Gymnase de Beaulieu \u00e0 Lausanne et d\u00e9couvrez les avantages membres.","breadcrumb":{"@id":"https:\/\/alumni-beaulieu.ch\/fr\/membres\/#breadcrumb"},"inLanguage":"en-US","potentialAction":[{"@type":"ReadAction","target":["https:\/\/alumni-beaulieu.ch\/fr\/membres\/"]}]},{"@type":"ImageObject","inLanguage":"en-US","@id":"https:\/\/alumni-beaulieu.ch\/fr\/membres\/#primaryimage","url":"https:\/\/alumni-beaulieu.ch\/wp-content\/uploads\/2026\/01\/VecTick.svg","contentUrl":"https:\/\/alumni-beaulieu.ch\/wp-content\/uploads\/2026\/01\/VecTick.svg"},{"@type":"BreadcrumbList","@id":"https:\/\/alumni-beaulieu.ch\/fr\/membres\/#breadcrumb","itemListElement":[{"@type":"ListItem","position":1,"name":"Home","item":"https:\/\/alumni-beaulieu.ch\/"},{"@type":"ListItem","position":2,"name":"Membres"}]},{"@type":"WebSite","@id":"https:\/\/alumni-beaulieu.ch\/fr\/#website","url":"https:\/\/alumni-beaulieu.ch\/fr\/","name":"AED Beaulieu","description":"A pillar of community life in Vaud.","potentialAction":[{"@type":"SearchAction","target":{"@type":"EntryPoint","urlTemplate":"https:\/\/alumni-beaulieu.ch\/fr\/?s={search_term_string}"},"query-input":{"@type":"PropertyValueSpecification","valueRequired":true,"valueName":"search_term_string"}}],"inLanguage":"en-US"}]}},"_links":{"self":[{"href":"https:\/\/alumni-beaulieu.ch\/en\/wp-json\/wp\/v2\/pages\/515","targetHints":{"allow":["GET"]}}],"collection":[{"href":"https:\/\/alumni-beaulieu.ch\/en\/wp-json\/wp\/v2\/pages"}],"about":[{"href":"https:\/\/alumni-beaulieu.ch\/en\/wp-json\/wp\/v2\/types\/page"}],"author":[{"embeddable":true,"href":"https:\/\/alumni-beaulieu.ch\/en\/wp-json\/wp\/v2\/users\/21"}],"replies":[{"embeddable":true,"href":"https:\/\/alumni-beaulieu.ch\/en\/wp-json\/wp\/v2\/comments?post=515"}],"version-history":[{"count":100,"href":"https:\/\/alumni-beaulieu.ch\/en\/wp-json\/wp\/v2\/pages\/515\/revisions"}],"predecessor-version":[{"id":2817,"href":"https:\/\/alumni-beaulieu.ch\/en\/wp-json\/wp\/v2\/pages\/515\/revisions\/2817"}],"wp:attachment":[{"href":"https:\/\/alumni-beaulieu.ch\/en\/wp-json\/wp\/v2\/media?parent=515"}],"curies":[{"name":"wp","href":"https:\/\/api.w.org\/{rel}","templated":true}]}}