{"id":353,"date":"2024-07-11T16:48:47","date_gmt":"2024-07-11T16:48:47","guid":{"rendered":"http:\/\/13.38.75.117\/?page_id=353"},"modified":"2026-03-14T19:41:18","modified_gmt":"2026-03-14T18:41:18","slug":"conferences","status":"publish","type":"page","link":"https:\/\/alumni-beaulieu.ch\/en\/conferences\/","title":{"rendered":"Conferences"},"content":{"rendered":"<h3 class=\"wp-block-heading\">Conf\u00e9rences de l&rsquo;AED au Gymnase de Beaulieu<\/h3>\n\n<h6 class=\"wp-block-heading\">Discover the profiles<\/h6>\n\n<h3 class=\"wp-block-heading\">Our speakers<\/h3>\n\n<figure class=\"wp-block-image size-full\"><img decoding=\"async\" src=\"https:\/\/alumni-beaulieu.ch\/wp-content\/uploads\/2026\/03\/marc-rosset-conference-aed-beaulieu.webp\" alt class=\"wp-image-2680\"><\/figure>\n\nM. Rosset\n\nJoueur de tennis suisse et m\u00e9daill\u00e9 d&rsquo;or olympique en 1992.\n\nConf\u00e9rence en 2024\n\nChaque ann\u00e9e, l\u2019Association des \u00c9l\u00e8ves Dipl\u00f4m\u00e9s du Gymnase de Beaulieu (AED) invite des intervenant\u00b7es inspirant\u00b7es \u00e0 partager leurs exp\u00e9riences avec les \u00e9tudiant\u00b7es et les ancien\u00b7nes \u00e9l\u00e8ves.\n\nCes conf\u00e9rences AED \u00e0 Lausanne permettent de d\u00e9couvrir des parcours professionnels vari\u00e9s, d\u2019explorer des th\u00e9matiques comme l\u2019entrepreneuriat, la durabilit\u00e9 ou le leadership, et de renforcer le r\u00e9seau des ancien\u00b7nes \u00e9l\u00e8ves du Gymnase de Beaulieu.\n\n<figure class=\"wp-block-image size-full\"><img fetchpriority=\"high\" decoding=\"async\" width=\"472\" height=\"354\" src=\"https:\/\/alumni-beaulieu.ch\/wp-content\/uploads\/2026\/03\/ivan-cherpillod-conference-aed-beaulieu.webp\" alt class=\"wp-image-2673\" srcset=\"https:\/\/alumni-beaulieu.ch\/wp-content\/uploads\/2026\/03\/ivan-cherpillod-conference-aed-beaulieu.webp 472w, https:\/\/alumni-beaulieu.ch\/wp-content\/uploads\/2026\/03\/ivan-cherpillod-conference-aed-beaulieu-300x225.webp 300w, https:\/\/alumni-beaulieu.ch\/wp-content\/uploads\/2026\/03\/ivan-cherpillod-conference-aed-beaulieu-16x12.webp 16w\" sizes=\"(max-width: 472px) 100vw, 472px\" \/><\/figure>\n\nI. CHERPILLOD\n\nDocteur en droit, professeur\nUNIL\n\nConf\u00e9rence en 2012\n\n<figure class=\"wp-block-image size-full\"><img decoding=\"async\" width=\"472\" height=\"354\" src=\"https:\/\/alumni-beaulieu.ch\/wp-content\/uploads\/2026\/03\/jean-claude-biver-conference-aed-beaulieu.webp\" alt class=\"wp-image-2668\" srcset=\"https:\/\/alumni-beaulieu.ch\/wp-content\/uploads\/2026\/03\/jean-claude-biver-conference-aed-beaulieu.webp 472w, https:\/\/alumni-beaulieu.ch\/wp-content\/uploads\/2026\/03\/jean-claude-biver-conference-aed-beaulieu-300x225.webp 300w, https:\/\/alumni-beaulieu.ch\/wp-content\/uploads\/2026\/03\/jean-claude-biver-conference-aed-beaulieu-16x12.webp 16w\" sizes=\"(max-width: 472px) 100vw, 472px\" \/><\/figure>\n\nJ.-C. BIVER\n\nPr\u00e9sident\nHUBLOT\n\nConf\u00e9rence en 2012\n\n<figure class=\"wp-block-image size-full\"><img decoding=\"async\" width=\"472\" height=\"354\" src=\"https:\/\/alumni-beaulieu.ch\/wp-content\/uploads\/2026\/03\/daniel-biedermann-conference-aed-beaulieu.webp\" alt class=\"wp-image-2675\" srcset=\"https:\/\/alumni-beaulieu.ch\/wp-content\/uploads\/2026\/03\/daniel-biedermann-conference-aed-beaulieu.webp 472w, https:\/\/alumni-beaulieu.ch\/wp-content\/uploads\/2026\/03\/daniel-biedermann-conference-aed-beaulieu-300x225.webp 300w, https:\/\/alumni-beaulieu.ch\/wp-content\/uploads\/2026\/03\/daniel-biedermann-conference-aed-beaulieu-16x12.webp 16w\" sizes=\"(max-width: 472px) 100vw, 472px\" \/><\/figure>\n\nD BIEDERMANN\n\nDirecteur\nFONDATION ETHOS\n\nConf\u00e9rence en 2012\n\n<figure class=\"wp-block-image size-full\"><img loading=\"lazy\" decoding=\"async\" width=\"472\" height=\"354\" src=\"https:\/\/alumni-beaulieu.ch\/wp-content\/uploads\/2026\/03\/lucien-favre-conference-aed-beaulieu.webp\" alt class=\"wp-image-2670\" srcset=\"https:\/\/alumni-beaulieu.ch\/wp-content\/uploads\/2026\/03\/lucien-favre-conference-aed-beaulieu.webp 472w, https:\/\/alumni-beaulieu.ch\/wp-content\/uploads\/2026\/03\/lucien-favre-conference-aed-beaulieu-300x225.webp 300w, https:\/\/alumni-beaulieu.ch\/wp-content\/uploads\/2026\/03\/lucien-favre-conference-aed-beaulieu-16x12.webp 16w\" sizes=\"(max-width: 472px) 100vw, 472px\" \/><\/figure>\n\nL. FAVRE\n\nEntra\u00eeneur actuel du Borussia Dortmund\nBORUSSIA DORTMUND\n\nConf\u00e9rence en 2012\n\n<figure class=\"wp-block-image size-full\"><img loading=\"lazy\" decoding=\"async\" width=\"472\" height=\"354\" src=\"https:\/\/alumni-beaulieu.ch\/wp-content\/uploads\/2026\/03\/stephan-koch-conference-aed-beaulieu.webp\" alt class=\"wp-image-2678\" srcset=\"https:\/\/alumni-beaulieu.ch\/wp-content\/uploads\/2026\/03\/stephan-koch-conference-aed-beaulieu.webp 472w, https:\/\/alumni-beaulieu.ch\/wp-content\/uploads\/2026\/03\/stephan-koch-conference-aed-beaulieu-300x225.webp 300w, https:\/\/alumni-beaulieu.ch\/wp-content\/uploads\/2026\/03\/stephan-koch-conference-aed-beaulieu-16x12.webp 16w\" sizes=\"(max-width: 472px) 100vw, 472px\" \/><\/figure>\n\nS. KOCH\n\nConseiller en communication et strat\u00e9gie digitale\n\nConf\u00e9rence en 2013\n\n<figure class=\"wp-block-image size-full\"><img loading=\"lazy\" decoding=\"async\" width=\"472\" height=\"354\" src=\"https:\/\/alumni-beaulieu.ch\/wp-content\/uploads\/2026\/03\/pascal-meyer-conference-aed-beaulieu.webp\" alt class=\"wp-image-2681\" srcset=\"https:\/\/alumni-beaulieu.ch\/wp-content\/uploads\/2026\/03\/pascal-meyer-conference-aed-beaulieu.webp 472w, https:\/\/alumni-beaulieu.ch\/wp-content\/uploads\/2026\/03\/pascal-meyer-conference-aed-beaulieu-300x225.webp 300w, https:\/\/alumni-beaulieu.ch\/wp-content\/uploads\/2026\/03\/pascal-meyer-conference-aed-beaulieu-16x12.webp 16w\" sizes=\"(max-width: 472px) 100vw, 472px\" \/><\/figure>\n\nP. MEYER\n\nLoutre en Chef\nQOQA\n\nConf\u00e9rence \u00ab QoQa.ch, une aventure hors du commun \u00bb en 2015\n\n<figure class=\"wp-block-image size-full\"><img decoding=\"async\" src=\"https:\/\/alumni-beaulieu.ch\/wp-content\/uploads\/2026\/03\/pascal-leuba-conference-aed-beaulieu.webp\" alt class=\"wp-image-2679\"><\/figure>\n\nP. LEUBA\n\nChef du d\u00e9partement (DEIS)\nCANTON DE VAUD\n\nConf\u00e9rence \u00ab L&rsquo;\u00e9thique et le sport \u00bb en 2016\n\n<figure class=\"wp-block-image size-full\"><img loading=\"lazy\" decoding=\"async\" width=\"472\" height=\"354\" src=\"https:\/\/alumni-beaulieu.ch\/wp-content\/uploads\/2026\/03\/francois-carrard-conference-aed-beaulieu.webp\" alt class=\"wp-image-2671\" srcset=\"https:\/\/alumni-beaulieu.ch\/wp-content\/uploads\/2026\/03\/francois-carrard-conference-aed-beaulieu.webp 472w, https:\/\/alumni-beaulieu.ch\/wp-content\/uploads\/2026\/03\/francois-carrard-conference-aed-beaulieu-300x225.webp 300w, https:\/\/alumni-beaulieu.ch\/wp-content\/uploads\/2026\/03\/francois-carrard-conference-aed-beaulieu-16x12.webp 16w\" sizes=\"(max-width: 472px) 100vw, 472px\" \/><\/figure>\n\nF. CARRARD\n\nDocteur en droit, avocat, associ\u00e9\nKELLERHALS CARRARD\n\nConf\u00e9rence \u00ab L&rsquo;\u00e9thique et le sport \u00bb en 2016\n\n<figure class=\"wp-block-image size-full\"><img loading=\"lazy\" decoding=\"async\" width=\"472\" height=\"354\" src=\"https:\/\/alumni-beaulieu.ch\/wp-content\/uploads\/2026\/03\/philippe-delarive-conference-aed-beaulieu.webp\" alt class=\"wp-image-2676\" srcset=\"https:\/\/alumni-beaulieu.ch\/wp-content\/uploads\/2026\/03\/philippe-delarive-conference-aed-beaulieu.webp 472w, https:\/\/alumni-beaulieu.ch\/wp-content\/uploads\/2026\/03\/philippe-delarive-conference-aed-beaulieu-300x225.webp 300w, https:\/\/alumni-beaulieu.ch\/wp-content\/uploads\/2026\/03\/philippe-delarive-conference-aed-beaulieu-16x12.webp 16w\" sizes=\"(max-width: 472px) 100vw, 472px\" \/><\/figure>\n\nP. DELARIVE\n\nPr\u00e9sident et Fondateur\nGroupe DELARIVE\n\nConf\u00e9rence \u00ab Entrepreneur de Sol \u00bb en 2018\n\n<figure class=\"wp-block-image size-full\"><img loading=\"lazy\" decoding=\"async\" width=\"472\" height=\"354\" src=\"https:\/\/alumni-beaulieu.ch\/wp-content\/uploads\/2026\/03\/d-lemos-conference-aed-beaulieu.webp\" alt class=\"wp-image-2672\" srcset=\"https:\/\/alumni-beaulieu.ch\/wp-content\/uploads\/2026\/03\/d-lemos-conference-aed-beaulieu.webp 472w, https:\/\/alumni-beaulieu.ch\/wp-content\/uploads\/2026\/03\/d-lemos-conference-aed-beaulieu-300x225.webp 300w, https:\/\/alumni-beaulieu.ch\/wp-content\/uploads\/2026\/03\/d-lemos-conference-aed-beaulieu-16x12.webp 16w\" sizes=\"(max-width: 472px) 100vw, 472px\" \/><\/figure>\n\nD. LEMOS\n\nJournaliste, pr\u00e9sentateur et commentateur\nRTS\n\nConf\u00e9rence \u00ab Du Gymnase de Beaulieu \u00e0 la NATI ! \u00bb en 2020\n\n<figure class=\"wp-block-image size-full\"><img loading=\"lazy\" decoding=\"async\" width=\"472\" height=\"354\" src=\"https:\/\/alumni-beaulieu.ch\/wp-content\/uploads\/2026\/03\/claude-nicollier-conference-aed-beaulieu.webp\" alt class=\"wp-image-2674\" srcset=\"https:\/\/alumni-beaulieu.ch\/wp-content\/uploads\/2026\/03\/claude-nicollier-conference-aed-beaulieu.webp 472w, https:\/\/alumni-beaulieu.ch\/wp-content\/uploads\/2026\/03\/claude-nicollier-conference-aed-beaulieu-300x225.webp 300w, https:\/\/alumni-beaulieu.ch\/wp-content\/uploads\/2026\/03\/claude-nicollier-conference-aed-beaulieu-16x12.webp 16w\" sizes=\"(max-width: 472px) 100vw, 472px\" \/><\/figure>\n\nC. NICOLLIER\n\nPremier astronaute suisse et astrophysicien de l&rsquo;ASE\n\nConf\u00e9rence \u00ab Le\u00e7ons de l&rsquo;espace \u00bb en 2022\n\n<figure class=\"wp-block-image size-full\"><img loading=\"lazy\" decoding=\"async\" width=\"472\" height=\"354\" src=\"https:\/\/alumni-beaulieu.ch\/wp-content\/uploads\/2026\/03\/schweizer-huguenot-carando-conference-aed-beaulieu.webp\" alt class=\"wp-image-2677\" srcset=\"https:\/\/alumni-beaulieu.ch\/wp-content\/uploads\/2026\/03\/schweizer-huguenot-carando-conference-aed-beaulieu.webp 472w, https:\/\/alumni-beaulieu.ch\/wp-content\/uploads\/2026\/03\/schweizer-huguenot-carando-conference-aed-beaulieu-300x225.webp 300w, https:\/\/alumni-beaulieu.ch\/wp-content\/uploads\/2026\/03\/schweizer-huguenot-carando-conference-aed-beaulieu-16x12.webp 16w\" sizes=\"(max-width: 472px) 100vw, 472px\" \/><\/figure>\n\nP. Schweizer Huguenot\n\nConf\u00e9rence \u00ab\u00a0deux starts up de la r\u00e9gion\u00a0\u00bb\n\nConf\u00e9rence en 2017\n\n<figure class=\"wp-block-image size-full\"><img loading=\"lazy\" decoding=\"async\" width=\"472\" height=\"354\" src=\"https:\/\/alumni-beaulieu.ch\/wp-content\/uploads\/2026\/03\/k-berger-j-salamin-conference-aed-beaulieu.webp\" alt class=\"wp-image-2669\" srcset=\"https:\/\/alumni-beaulieu.ch\/wp-content\/uploads\/2026\/03\/k-berger-j-salamin-conference-aed-beaulieu.webp 472w, https:\/\/alumni-beaulieu.ch\/wp-content\/uploads\/2026\/03\/k-berger-j-salamin-conference-aed-beaulieu-300x225.webp 300w, https:\/\/alumni-beaulieu.ch\/wp-content\/uploads\/2026\/03\/k-berger-j-salamin-conference-aed-beaulieu-16x12.webp 16w\" sizes=\"(max-width: 472px) 100vw, 472px\" \/><\/figure>\n\nK. Berger\n\nDirectrice Climate Bridge \nJunior sustainability professional\n\nConf\u00e9rence en 2025\n\nL. Carando\n\nJ. Salamin","protected":false},"excerpt":{"rendered":"<p>Conf\u00e9rences de l&rsquo;AED au Gymnase de Beaulieu D\u00e9couvrez les profils Nos intervenant\u00b7es M. Rosset Joueur de tennis suisse et m\u00e9daill\u00e9 d&rsquo;or olympique en 1992. Conf\u00e9rence en 2024 Chaque ann\u00e9e, l\u2019Association des \u00c9l\u00e8ves Dipl\u00f4m\u00e9s du Gymnase de Beaulieu (AED) invite des intervenant\u00b7es inspirant\u00b7es \u00e0 partager leurs exp\u00e9riences avec les \u00e9tudiant\u00b7es et les ancien\u00b7nes \u00e9l\u00e8ves. Ces conf\u00e9rences [&hellip;]<\/p>\n","protected":false},"author":21,"featured_media":0,"parent":0,"menu_order":0,"comment_status":"closed","ping_status":"closed","template":"","meta":{"inline_featured_image":false,"footnotes":""},"class_list":["post-353","page","type-page","status-publish","hentry"],"yoast_head":"<!-- This site is optimized with the Yoast SEO plugin v27.5 - https:\/\/yoast.com\/product\/yoast-seo-wordpress\/ -->\n<title>Conf\u00e9rences Alumni Beaulieu | Intervenants AED<\/title>\n<meta name=\"description\" content=\"D\u00e9couvrez les conf\u00e9rences alumni du Gymnase de Beaulieu \u00e0 Lausanne avec des intervenants inspirants comme Claude Nicollier ou Marc Rosset.\" \/>\n<meta name=\"robots\" content=\"index, follow, max-snippet:-1, max-image-preview:large, max-video-preview:-1\" \/>\n<link rel=\"canonical\" href=\"https:\/\/alumni-beaulieu.ch\/en\/conferences\/\" \/>\n<meta property=\"og:locale\" content=\"en_US\" \/>\n<meta property=\"og:type\" content=\"article\" \/>\n<meta property=\"og:title\" content=\"Conf\u00e9rences Alumni Beaulieu | Intervenants AED\" \/>\n<meta property=\"og:description\" content=\"D\u00e9couvrez les conf\u00e9rences alumni du Gymnase de Beaulieu \u00e0 Lausanne avec des intervenants inspirants comme Claude Nicollier ou Marc Rosset.\" \/>\n<meta property=\"og:url\" content=\"https:\/\/alumni-beaulieu.ch\/en\/conferences\/\" \/>\n<meta property=\"og:site_name\" content=\"AED Beaulieu\" \/>\n<meta property=\"article:modified_time\" content=\"2026-03-14T18:41:18+00:00\" \/>\n<meta property=\"og:image\" content=\"https:\/\/alumni-beaulieu.ch\/wp-content\/uploads\/2026\/03\/marc-rosset-conference-aed-beaulieu-e1773513278377.webp\" \/>\n\t<meta property=\"og:image:width\" content=\"417\" \/>\n\t<meta property=\"og:image:height\" content=\"354\" \/>\n\t<meta property=\"og:image:type\" content=\"image\/webp\" \/>\n<meta name=\"twitter:card\" content=\"summary_large_image\" \/>\n<meta name=\"twitter:label1\" content=\"Est. reading time\" \/>\n\t<meta name=\"twitter:data1\" content=\"8 minutes\" \/>\n<script type=\"application\/ld+json\" class=\"yoast-schema-graph\">{\"@context\":\"https:\\\/\\\/schema.org\",\"@graph\":[{\"@type\":\"WebPage\",\"@id\":\"https:\\\/\\\/alumni-beaulieu.ch\\\/fr\\\/conferences\\\/\",\"url\":\"https:\\\/\\\/alumni-beaulieu.ch\\\/fr\\\/conferences\\\/\",\"name\":\"Conf\u00e9rences Alumni Beaulieu | Intervenants AED\",\"isPartOf\":{\"@id\":\"https:\\\/\\\/alumni-beaulieu.ch\\\/fr\\\/#website\"},\"primaryImageOfPage\":{\"@id\":\"https:\\\/\\\/alumni-beaulieu.ch\\\/fr\\\/conferences\\\/#primaryimage\"},\"image\":{\"@id\":\"https:\\\/\\\/alumni-beaulieu.ch\\\/fr\\\/conferences\\\/#primaryimage\"},\"thumbnailUrl\":\"https:\\\/\\\/alumni-beaulieu.ch\\\/wp-content\\\/uploads\\\/2026\\\/03\\\/marc-rosset-conference-aed-beaulieu.webp\",\"datePublished\":\"2024-07-11T16:48:47+00:00\",\"dateModified\":\"2026-03-14T18:41:18+00:00\",\"description\":\"D\u00e9couvrez les conf\u00e9rences alumni du Gymnase de Beaulieu \u00e0 Lausanne avec des intervenants inspirants comme Claude Nicollier ou Marc Rosset.\",\"breadcrumb\":{\"@id\":\"https:\\\/\\\/alumni-beaulieu.ch\\\/fr\\\/conferences\\\/#breadcrumb\"},\"inLanguage\":\"en-US\",\"potentialAction\":[{\"@type\":\"ReadAction\",\"target\":[\"https:\\\/\\\/alumni-beaulieu.ch\\\/fr\\\/conferences\\\/\"]}]},{\"@type\":\"ImageObject\",\"inLanguage\":\"en-US\",\"@id\":\"https:\\\/\\\/alumni-beaulieu.ch\\\/fr\\\/conferences\\\/#primaryimage\",\"url\":\"https:\\\/\\\/alumni-beaulieu.ch\\\/wp-content\\\/uploads\\\/2026\\\/03\\\/marc-rosset-conference-aed-beaulieu.webp\",\"contentUrl\":\"https:\\\/\\\/alumni-beaulieu.ch\\\/wp-content\\\/uploads\\\/2026\\\/03\\\/marc-rosset-conference-aed-beaulieu.webp\"},{\"@type\":\"BreadcrumbList\",\"@id\":\"https:\\\/\\\/alumni-beaulieu.ch\\\/fr\\\/conferences\\\/#breadcrumb\",\"itemListElement\":[{\"@type\":\"ListItem\",\"position\":1,\"name\":\"Home\",\"item\":\"https:\\\/\\\/alumni-beaulieu.ch\\\/\"},{\"@type\":\"ListItem\",\"position\":2,\"name\":\"Conf\u00e9rences\"}]},{\"@type\":\"WebSite\",\"@id\":\"https:\\\/\\\/alumni-beaulieu.ch\\\/fr\\\/#website\",\"url\":\"https:\\\/\\\/alumni-beaulieu.ch\\\/fr\\\/\",\"name\":\"AED Beaulieu\",\"description\":\"Pilier de la vie associative vaudoise.\",\"potentialAction\":[{\"@type\":\"SearchAction\",\"target\":{\"@type\":\"EntryPoint\",\"urlTemplate\":\"https:\\\/\\\/alumni-beaulieu.ch\\\/fr\\\/?s={search_term_string}\"},\"query-input\":{\"@type\":\"PropertyValueSpecification\",\"valueRequired\":true,\"valueName\":\"search_term_string\"}}],\"inLanguage\":\"en-US\"}]}<\/script>\n<!-- \/ Yoast SEO plugin. -->","yoast_head_json":{"title":"Conf\u00e9rences Alumni Beaulieu | Intervenants AED","description":"D\u00e9couvrez les conf\u00e9rences alumni du Gymnase de Beaulieu \u00e0 Lausanne avec des intervenants inspirants comme Claude Nicollier ou Marc Rosset.","robots":{"index":"index","follow":"follow","max-snippet":"max-snippet:-1","max-image-preview":"max-image-preview:large","max-video-preview":"max-video-preview:-1"},"canonical":"https:\/\/alumni-beaulieu.ch\/en\/conferences\/","og_locale":"en_US","og_type":"article","og_title":"Conf\u00e9rences Alumni Beaulieu | Intervenants AED","og_description":"D\u00e9couvrez les conf\u00e9rences alumni du Gymnase de Beaulieu \u00e0 Lausanne avec des intervenants inspirants comme Claude Nicollier ou Marc Rosset.","og_url":"https:\/\/alumni-beaulieu.ch\/en\/conferences\/","og_site_name":"AED Beaulieu","article_modified_time":"2026-03-14T18:41:18+00:00","og_image":[{"width":417,"height":354,"url":"https:\/\/alumni-beaulieu.ch\/wp-content\/uploads\/2026\/03\/marc-rosset-conference-aed-beaulieu-e1773513278377.webp","type":"image\/webp"}],"twitter_card":"summary_large_image","twitter_misc":{"Est. reading time":"8 minutes"},"schema":{"@context":"https:\/\/schema.org","@graph":[{"@type":"WebPage","@id":"https:\/\/alumni-beaulieu.ch\/fr\/conferences\/","url":"https:\/\/alumni-beaulieu.ch\/fr\/conferences\/","name":"Conf\u00e9rences Alumni Beaulieu | Intervenants AED","isPartOf":{"@id":"https:\/\/alumni-beaulieu.ch\/fr\/#website"},"primaryImageOfPage":{"@id":"https:\/\/alumni-beaulieu.ch\/fr\/conferences\/#primaryimage"},"image":{"@id":"https:\/\/alumni-beaulieu.ch\/fr\/conferences\/#primaryimage"},"thumbnailUrl":"https:\/\/alumni-beaulieu.ch\/wp-content\/uploads\/2026\/03\/marc-rosset-conference-aed-beaulieu.webp","datePublished":"2024-07-11T16:48:47+00:00","dateModified":"2026-03-14T18:41:18+00:00","description":"D\u00e9couvrez les conf\u00e9rences alumni du Gymnase de Beaulieu \u00e0 Lausanne avec des intervenants inspirants comme Claude Nicollier ou Marc Rosset.","breadcrumb":{"@id":"https:\/\/alumni-beaulieu.ch\/fr\/conferences\/#breadcrumb"},"inLanguage":"en-US","potentialAction":[{"@type":"ReadAction","target":["https:\/\/alumni-beaulieu.ch\/fr\/conferences\/"]}]},{"@type":"ImageObject","inLanguage":"en-US","@id":"https:\/\/alumni-beaulieu.ch\/fr\/conferences\/#primaryimage","url":"https:\/\/alumni-beaulieu.ch\/wp-content\/uploads\/2026\/03\/marc-rosset-conference-aed-beaulieu.webp","contentUrl":"https:\/\/alumni-beaulieu.ch\/wp-content\/uploads\/2026\/03\/marc-rosset-conference-aed-beaulieu.webp"},{"@type":"BreadcrumbList","@id":"https:\/\/alumni-beaulieu.ch\/fr\/conferences\/#breadcrumb","itemListElement":[{"@type":"ListItem","position":1,"name":"Home","item":"https:\/\/alumni-beaulieu.ch\/"},{"@type":"ListItem","position":2,"name":"Conf\u00e9rences"}]},{"@type":"WebSite","@id":"https:\/\/alumni-beaulieu.ch\/fr\/#website","url":"https:\/\/alumni-beaulieu.ch\/fr\/","name":"AED Beaulieu","description":"A pillar of community life in Vaud.","potentialAction":[{"@type":"SearchAction","target":{"@type":"EntryPoint","urlTemplate":"https:\/\/alumni-beaulieu.ch\/fr\/?s={search_term_string}"},"query-input":{"@type":"PropertyValueSpecification","valueRequired":true,"valueName":"search_term_string"}}],"inLanguage":"en-US"}]}},"_links":{"self":[{"href":"https:\/\/alumni-beaulieu.ch\/en\/wp-json\/wp\/v2\/pages\/353","targetHints":{"allow":["GET"]}}],"collection":[{"href":"https:\/\/alumni-beaulieu.ch\/en\/wp-json\/wp\/v2\/pages"}],"about":[{"href":"https:\/\/alumni-beaulieu.ch\/en\/wp-json\/wp\/v2\/types\/page"}],"author":[{"embeddable":true,"href":"https:\/\/alumni-beaulieu.ch\/en\/wp-json\/wp\/v2\/users\/21"}],"replies":[{"embeddable":true,"href":"https:\/\/alumni-beaulieu.ch\/en\/wp-json\/wp\/v2\/comments?post=353"}],"version-history":[{"count":55,"href":"https:\/\/alumni-beaulieu.ch\/en\/wp-json\/wp\/v2\/pages\/353\/revisions"}],"predecessor-version":[{"id":2684,"href":"https:\/\/alumni-beaulieu.ch\/en\/wp-json\/wp\/v2\/pages\/353\/revisions\/2684"}],"wp:attachment":[{"href":"https:\/\/alumni-beaulieu.ch\/en\/wp-json\/wp\/v2\/media?parent=353"}],"curies":[{"name":"wp","href":"https:\/\/api.w.org\/{rel}","templated":true}]}}